{"id":35311,"date":"2026-02-27T00:29:26","date_gmt":"2026-02-27T00:29:26","guid":{"rendered":"https:\/\/nordicmart.andreevmaster.com\/product\/songmics-roskakori-2-lokeroa-ja-15-roskapussia-pehmeasti-sulkeutuva-tummanpahkinanvarinen\/"},"modified":"2026-02-27T09:48:08","modified_gmt":"2026-02-27T09:48:08","slug":"songmics-roskakori-2-lokeroa-ja-15-roskapussia-pehmeasti-sulkeutuva-tummanpahkinanvarinen","status":"publish","type":"product","link":"https:\/\/nordicmart.andreevmaster.com\/fi\/tuote\/songmics-roskakori-2-lokeroa-ja-15-roskapussia-pehmeasti-sulkeutuva-tummanpahkinanvarinen\/","title":{"rendered":"SONGMICS roskakori, 2 lokeroa ja 15 roskapussia, pehme\u00e4sti sulkeutuva, tummanp\u00e4hkin\u00e4nv\u00e4rinen"},"content":{"rendered":"<p>SONGMICS roskakori, j\u00e4tteiden lajitteluj\u00e4rjestelm\u00e4, 2 muovista sis\u00e4astiaa, 2 x 30 l poljettava roskakori, roskakori jalkapolkimella, kahvoilla, hopea LTB60NL<br \/>\nV\u00e4ri: tumma p\u00e4hkin\u00e4puu<br \/>\nMateriaali: Ulkopuoli ter\u00e4st\u00e4, sis\u00e4kori PP-muovia, kansi ABS-muovia<br \/>\nKoko (jalkapolkimella): 59 x 36,5 x 65,2 cm (P x L x K)<br \/>\nKokonaiskorkeus (kansi auki): 94 cm<br \/>\nSis\u00e4astian koko: 27 x 27 x 58,5 cm (P x L x K)<br \/>\nJalkapolkimen koko: 13,5 x 4 cm (P x L)<br \/>\nTilavuus: 2 x 30 litraa<br \/>\nPaino: 10,5 kg<\/p>\n","protected":false},"excerpt":{"rendered":"<p>SONGMICS roskakori, j\u00e4tteiden lajitteluj\u00e4rjestelm\u00e4, 2 muovista sis\u00e4astiaa, 2 x 30 l poljettava roskakori, roskakori jalkapolkimella, kahvoilla, hopea LTB60NL<\/p>\n","protected":false},"featured_media":43897,"comment_status":"open","ping_status":"closed","template":"","meta":[],"product_brand":[],"product_cat":[32],"product_tag":[],"class_list":{"0":"post-35311","1":"product","2":"type-product","3":"status-publish","4":"has-post-thumbnail","6":"product_cat-uncategorized-fi","8":"first","9":"instock","10":"shipping-taxable","11":"purchasable","12":"product-type-simple"},"_links":{"self":[{"href":"https:\/\/nordicmart.andreevmaster.com\/fi\/wp-json\/wp\/v2\/product\/35311","targetHints":{"allow":["GET"]}}],"collection":[{"href":"https:\/\/nordicmart.andreevmaster.com\/fi\/wp-json\/wp\/v2\/product"}],"about":[{"href":"https:\/\/nordicmart.andreevmaster.com\/fi\/wp-json\/wp\/v2\/types\/product"}],"replies":[{"embeddable":true,"href":"https:\/\/nordicmart.andreevmaster.com\/fi\/wp-json\/wp\/v2\/comments?post=35311"}],"wp:featuredmedia":[{"embeddable":true,"href":"https:\/\/nordicmart.andreevmaster.com\/fi\/wp-json\/wp\/v2\/media\/43897"}],"wp:attachment":[{"href":"https:\/\/nordicmart.andreevmaster.com\/fi\/wp-json\/wp\/v2\/media?parent=35311"}],"wp:term":[{"taxonomy":"product_brand","embeddable":true,"href":"https:\/\/nordicmart.andreevmaster.com\/fi\/wp-json\/wp\/v2\/product_brand?post=35311"},{"taxonomy":"product_cat","embeddable":true,"href":"https:\/\/nordicmart.andreevmaster.com\/fi\/wp-json\/wp\/v2\/product_cat?post=35311"},{"taxonomy":"product_tag","embeddable":true,"href":"https:\/\/nordicmart.andreevmaster.com\/fi\/wp-json\/wp\/v2\/product_tag?post=35311"}],"curies":[{"name":"wp","href":"https:\/\/api.w.org\/{rel}","templated":true}]}}