{"id":35308,"date":"2026-02-27T00:29:25","date_gmt":"2026-02-27T00:29:25","guid":{"rendered":"https:\/\/nordicmart.andreevmaster.com\/product\/songmics-jateerottelujarjestelma-3-lokeroa-3-x-18-l-kansi-hiekanbeige\/"},"modified":"2026-02-27T09:48:08","modified_gmt":"2026-02-27T09:48:08","slug":"songmics-jateerottelujarjestelma-3-lokeroa-3-x-18-l-kansi-hiekanbeige","status":"publish","type":"product","link":"https:\/\/nordicmart.andreevmaster.com\/fi\/tuote\/songmics-jateerottelujarjestelma-3-lokeroa-3-x-18-l-kansi-hiekanbeige\/","title":{"rendered":"SONGMICS J\u00e4teerotteluj\u00e4rjestelm\u00e4 3 lokeroa 3 x 18 l, kansi, hiekanbeige"},"content":{"rendered":"<p>SONGMICS roskakori, j\u00e4tteiden lajitteluj\u00e4rjestelm\u00e4, 3 muovisella sis\u00e4astialla, poljettava roskakori, jalkapoljettava roskakori, sormenj\u00e4lki\u00e4 j\u00e4tt\u00e4m\u00e4tt\u00f6m\u00e4st\u00e4 ruostumattomasta ter\u00e4ksest\u00e4, kahvoilla (54 litraa 3 x 18 l) LTB54NL<br \/>\nV\u00e4ri: hiekanbeige<br \/>\nMateriaali: Ulkokuori ter\u00e4st\u00e4, sis\u00e4kori PP-muovia, kansi ABS-muovia<br \/>\nKoko (ilman jalkapoljinta): 61 x 31,5 x 55,5 cm (P x L x K)<br \/>\nKokonaiskorkeus (kansi auki): 84,5 cm<br \/>\nSis\u00e4s\u00e4ili\u00f6n koko: 18 x 26,5 x 49 cm (P x L x K)<br \/>\nJalkapolkimen koko: 11 x 3,5 cm (P x L)<br \/>\nTilavuus: 3 x 18 litraa<br \/>\nPaino: 8,9 kg<\/p>\n","protected":false},"excerpt":{"rendered":"<p>SONGMICS roskakori, j\u00e4tteiden lajitteluj\u00e4rjestelm\u00e4, 3 muovisella sis\u00e4astialla, poljettava roskakori, jalkapoljettava roskakori, sormenj\u00e4lki\u00e4 j\u00e4tt\u00e4m\u00e4tt\u00f6m\u00e4st\u00e4 ruostumattomasta ter\u00e4ksest\u00e4, kahvoilla (54 litraa 3 x 18 l) LTB54NL<\/p>\n","protected":false},"featured_media":43894,"comment_status":"open","ping_status":"closed","template":"","meta":[],"product_brand":[],"product_cat":[32],"product_tag":[],"class_list":{"0":"post-35308","1":"product","2":"type-product","3":"status-publish","4":"has-post-thumbnail","6":"product_cat-uncategorized-fi","8":"first","9":"instock","10":"shipping-taxable","11":"purchasable","12":"product-type-simple"},"_links":{"self":[{"href":"https:\/\/nordicmart.andreevmaster.com\/fi\/wp-json\/wp\/v2\/product\/35308","targetHints":{"allow":["GET"]}}],"collection":[{"href":"https:\/\/nordicmart.andreevmaster.com\/fi\/wp-json\/wp\/v2\/product"}],"about":[{"href":"https:\/\/nordicmart.andreevmaster.com\/fi\/wp-json\/wp\/v2\/types\/product"}],"replies":[{"embeddable":true,"href":"https:\/\/nordicmart.andreevmaster.com\/fi\/wp-json\/wp\/v2\/comments?post=35308"}],"wp:featuredmedia":[{"embeddable":true,"href":"https:\/\/nordicmart.andreevmaster.com\/fi\/wp-json\/wp\/v2\/media\/43894"}],"wp:attachment":[{"href":"https:\/\/nordicmart.andreevmaster.com\/fi\/wp-json\/wp\/v2\/media?parent=35308"}],"wp:term":[{"taxonomy":"product_brand","embeddable":true,"href":"https:\/\/nordicmart.andreevmaster.com\/fi\/wp-json\/wp\/v2\/product_brand?post=35308"},{"taxonomy":"product_cat","embeddable":true,"href":"https:\/\/nordicmart.andreevmaster.com\/fi\/wp-json\/wp\/v2\/product_cat?post=35308"},{"taxonomy":"product_tag","embeddable":true,"href":"https:\/\/nordicmart.andreevmaster.com\/fi\/wp-json\/wp\/v2\/product_tag?post=35308"}],"curies":[{"name":"wp","href":"https:\/\/api.w.org\/{rel}","templated":true}]}}