{"id":35306,"date":"2026-02-27T00:29:24","date_gmt":"2026-02-27T00:29:24","guid":{"rendered":"https:\/\/nordicmart.andreevmaster.com\/product\/songmics-teraksinen-poljinjaakaappi-hopea\/"},"modified":"2026-02-27T09:48:07","modified_gmt":"2026-02-27T09:48:07","slug":"songmics-teraksinen-poljinjaakaappi-hopea","status":"publish","type":"product","link":"https:\/\/nordicmart.andreevmaster.com\/fi\/tuote\/songmics-teraksinen-poljinjaakaappi-hopea\/","title":{"rendered":"SONGMICS Ter\u00e4ksinen poljinj\u00e4\u00e4kaappi, hopea"},"content":{"rendered":"<p>Katso t\u00e4m\u00e4n poljinkorin kohokohdat: Sen tilavuus on 50 litraa. Voit avata kannen helposti polkimella. Kansi voi pysy\u00e4 auki pidemp\u00e4\u00e4n. Se sulkeutuu hitaasti ja pehme\u00e4sti ilman \u00e4\u00e4nt\u00e4. Mukana tulee irrotettava muovinen sis\u00e4kori. Sis\u00e4koriin on tehty aukko muovipussille.Tuotetiedot: V\u00e4ri: hopea Materiaali: ter\u00e4s, PP-muovi (sis\u00e4astia) Kokonaiskoko: 42,4 x 32 x 65 cm (P x L x K) Sis\u00e4astian koko: 40,4 x 27,4 x 58,4 cm (P x L x K) Kokonaiskorkeus (kansi auki): 93 cm Paino: 6,2 kg Toimitus sis\u00e4lt\u00e4\u00e4: 1 x roskakori SONGMICS Huomautukset: Puhdista tuote pyyhkim\u00e4ll\u00e4 se pehme\u00e4ll\u00e4, kostealla liinalla ja k\u00e4yt\u00e4 tarvittaessa mietoa puhdistusainetta.<\/p>\n","protected":false},"excerpt":{"rendered":"<p>SONGMICS roskakori, 50 litraa, ter\u00e4ksinen poljettava roskakori, muovinen sis\u00e4kori, kansi, pehme\u00e4 sulkeutuminen, ilmatiivis, keitti\u00f6\u00f6n, hopea LTB050E01<\/p>\n","protected":false},"featured_media":43892,"comment_status":"open","ping_status":"closed","template":"","meta":[],"product_brand":[],"product_cat":[32],"product_tag":[],"class_list":{"0":"post-35306","1":"product","2":"type-product","3":"status-publish","4":"has-post-thumbnail","6":"product_cat-uncategorized-fi","8":"first","9":"instock","10":"shipping-taxable","11":"purchasable","12":"product-type-simple"},"_links":{"self":[{"href":"https:\/\/nordicmart.andreevmaster.com\/fi\/wp-json\/wp\/v2\/product\/35306","targetHints":{"allow":["GET"]}}],"collection":[{"href":"https:\/\/nordicmart.andreevmaster.com\/fi\/wp-json\/wp\/v2\/product"}],"about":[{"href":"https:\/\/nordicmart.andreevmaster.com\/fi\/wp-json\/wp\/v2\/types\/product"}],"replies":[{"embeddable":true,"href":"https:\/\/nordicmart.andreevmaster.com\/fi\/wp-json\/wp\/v2\/comments?post=35306"}],"wp:featuredmedia":[{"embeddable":true,"href":"https:\/\/nordicmart.andreevmaster.com\/fi\/wp-json\/wp\/v2\/media\/43892"}],"wp:attachment":[{"href":"https:\/\/nordicmart.andreevmaster.com\/fi\/wp-json\/wp\/v2\/media?parent=35306"}],"wp:term":[{"taxonomy":"product_brand","embeddable":true,"href":"https:\/\/nordicmart.andreevmaster.com\/fi\/wp-json\/wp\/v2\/product_brand?post=35306"},{"taxonomy":"product_cat","embeddable":true,"href":"https:\/\/nordicmart.andreevmaster.com\/fi\/wp-json\/wp\/v2\/product_cat?post=35306"},{"taxonomy":"product_tag","embeddable":true,"href":"https:\/\/nordicmart.andreevmaster.com\/fi\/wp-json\/wp\/v2\/product_tag?post=35306"}],"curies":[{"name":"wp","href":"https:\/\/api.w.org\/{rel}","templated":true}]}}