{"id":35303,"date":"2026-02-27T00:29:24","date_gmt":"2026-02-27T00:29:24","guid":{"rendered":"https:\/\/nordicmart.andreevmaster.com\/product\/songmics-roskakori-keittioon-50-litraa-hiekanbeige\/"},"modified":"2026-02-27T09:48:07","modified_gmt":"2026-02-27T09:48:07","slug":"songmics-roskakori-keittioon-50-litraa-hiekanbeige","status":"publish","type":"product","link":"https:\/\/nordicmart.andreevmaster.com\/fi\/tuote\/songmics-roskakori-keittioon-50-litraa-hiekanbeige\/","title":{"rendered":"SONGMICS roskakori keitti\u00f6\u00f6n 50 litraa hiekanbeige"},"content":{"rendered":"<p>SONGMICS roskakori, 50 litraa, ter\u00e4ksinen poljettava roskakori, muovinen sis\u00e4kori, kansi, pehme\u00e4 sulkeutuminen, ilmatiivis, keitti\u00f6\u00f6n, hopea LTB050E01<br \/>\nV\u00e4ri: hiekanbeige<br \/>\nMateriaali: Ulkopuoli ter\u00e4st\u00e4, sis\u00e4puoli muovia<br \/>\nKoko: 43,2 x 37,1 x 63,2 cm (P x L x K)<br \/>\nKokonaiskorkeus (kansi auki): 88,6 cm<br \/>\nSis\u00e4astian koko: 40,6 x 25,7 x 58,3 cm (P x L x K)<br \/>\nTilavuus: 50 litraa<br \/>\nPaino: 5,8 kg<\/p>\n","protected":false},"excerpt":{"rendered":"<p>SONGMICS roskakori, 50 litraa, ter\u00e4ksinen poljettava roskakori, muovinen sis\u00e4kori, kansi, pehme\u00e4 sulkeutuminen, ilmatiivis, keitti\u00f6\u00f6n, hopea LTB050E01<\/p>\n","protected":false},"featured_media":43889,"comment_status":"open","ping_status":"closed","template":"","meta":[],"product_brand":[],"product_cat":[32],"product_tag":[],"class_list":{"0":"post-35303","1":"product","2":"type-product","3":"status-publish","4":"has-post-thumbnail","6":"product_cat-uncategorized-fi","8":"first","9":"instock","10":"shipping-taxable","11":"purchasable","12":"product-type-simple"},"_links":{"self":[{"href":"https:\/\/nordicmart.andreevmaster.com\/fi\/wp-json\/wp\/v2\/product\/35303","targetHints":{"allow":["GET"]}}],"collection":[{"href":"https:\/\/nordicmart.andreevmaster.com\/fi\/wp-json\/wp\/v2\/product"}],"about":[{"href":"https:\/\/nordicmart.andreevmaster.com\/fi\/wp-json\/wp\/v2\/types\/product"}],"replies":[{"embeddable":true,"href":"https:\/\/nordicmart.andreevmaster.com\/fi\/wp-json\/wp\/v2\/comments?post=35303"}],"wp:featuredmedia":[{"embeddable":true,"href":"https:\/\/nordicmart.andreevmaster.com\/fi\/wp-json\/wp\/v2\/media\/43889"}],"wp:attachment":[{"href":"https:\/\/nordicmart.andreevmaster.com\/fi\/wp-json\/wp\/v2\/media?parent=35303"}],"wp:term":[{"taxonomy":"product_brand","embeddable":true,"href":"https:\/\/nordicmart.andreevmaster.com\/fi\/wp-json\/wp\/v2\/product_brand?post=35303"},{"taxonomy":"product_cat","embeddable":true,"href":"https:\/\/nordicmart.andreevmaster.com\/fi\/wp-json\/wp\/v2\/product_cat?post=35303"},{"taxonomy":"product_tag","embeddable":true,"href":"https:\/\/nordicmart.andreevmaster.com\/fi\/wp-json\/wp\/v2\/product_tag?post=35303"}],"curies":[{"name":"wp","href":"https:\/\/api.w.org\/{rel}","templated":true}]}}