{"id":35300,"date":"2026-02-27T00:29:23","date_gmt":"2026-02-27T00:29:23","guid":{"rendered":"https:\/\/nordicmart.andreevmaster.com\/product\/songmics-roskakori-30-l-savuharmaa\/"},"modified":"2026-02-27T09:48:06","modified_gmt":"2026-02-27T09:48:06","slug":"songmics-roskakori-30-l-savuharmaa","status":"publish","type":"product","link":"https:\/\/nordicmart.andreevmaster.com\/fi\/tuote\/songmics-roskakori-30-l-savuharmaa\/","title":{"rendered":"SONGMICS roskakori 30 l savuharmaa"},"content":{"rendered":"<p>SONGMICS roskakori keitti\u00f6\u00f6n, pehme\u00e4 sulkeutuminen, roskakori kannella ja sis\u00e4astioilla, 30 litran roskakori ruostumattomasta ter\u00e4ksest\u00e4, hajuton ja hygieeninen LTB03NL<br \/>\n&#8211; V\u00e4ri: vihre\u00e4nharmaa<\/p>\n<p>&#8211; Materiaali: Ulkopuoli ter\u00e4st\u00e4, sis\u00e4kori PP-muovia<\/p>\n<p>&#8211; Koko (ilman jalkapoljinta): 35 x 25,5 x 63,5 cm (P x L x K)<\/p>\n<p>&#8211; Kokonaiskorkeus (kansi auki): 85,5 cm<\/p>\n<p>&#8211; Sis\u00e4astian koko: 35 x 23,5 x 57,5 cm (P x L x K)<\/p>\n<p>&#8211; Jalkapolkimen koko: 15 x 4 cm (P x L)<\/p>\n<p>&#8211; Tilavuus: 30 litraa<\/p>\n<p>&#8211; Paino: 3,8 kg<\/p>\n","protected":false},"excerpt":{"rendered":"<p>SONGMICS roskakori keitti\u00f6\u00f6n, pehme\u00e4 sulkeutuminen, roskakori kannella ja sis\u00e4astioilla, 30 litran roskakori ruostumattomasta ter\u00e4ksest\u00e4, hajuton ja hygieeninen LTB03NL<\/p>\n","protected":false},"featured_media":43886,"comment_status":"open","ping_status":"closed","template":"","meta":[],"product_brand":[],"product_cat":[32],"product_tag":[],"class_list":{"0":"post-35300","1":"product","2":"type-product","3":"status-publish","4":"has-post-thumbnail","6":"product_cat-uncategorized-fi","8":"first","9":"instock","10":"shipping-taxable","11":"purchasable","12":"product-type-simple"},"_links":{"self":[{"href":"https:\/\/nordicmart.andreevmaster.com\/fi\/wp-json\/wp\/v2\/product\/35300","targetHints":{"allow":["GET"]}}],"collection":[{"href":"https:\/\/nordicmart.andreevmaster.com\/fi\/wp-json\/wp\/v2\/product"}],"about":[{"href":"https:\/\/nordicmart.andreevmaster.com\/fi\/wp-json\/wp\/v2\/types\/product"}],"replies":[{"embeddable":true,"href":"https:\/\/nordicmart.andreevmaster.com\/fi\/wp-json\/wp\/v2\/comments?post=35300"}],"wp:featuredmedia":[{"embeddable":true,"href":"https:\/\/nordicmart.andreevmaster.com\/fi\/wp-json\/wp\/v2\/media\/43886"}],"wp:attachment":[{"href":"https:\/\/nordicmart.andreevmaster.com\/fi\/wp-json\/wp\/v2\/media?parent=35300"}],"wp:term":[{"taxonomy":"product_brand","embeddable":true,"href":"https:\/\/nordicmart.andreevmaster.com\/fi\/wp-json\/wp\/v2\/product_brand?post=35300"},{"taxonomy":"product_cat","embeddable":true,"href":"https:\/\/nordicmart.andreevmaster.com\/fi\/wp-json\/wp\/v2\/product_cat?post=35300"},{"taxonomy":"product_tag","embeddable":true,"href":"https:\/\/nordicmart.andreevmaster.com\/fi\/wp-json\/wp\/v2\/product_tag?post=35300"}],"curies":[{"name":"wp","href":"https:\/\/api.w.org\/{rel}","templated":true}]}}