{"id":35299,"date":"2026-02-27T00:29:22","date_gmt":"2026-02-27T00:29:22","guid":{"rendered":"https:\/\/nordicmart.andreevmaster.com\/product\/songmics-roskakori-keittioon-musta\/"},"modified":"2026-02-27T09:48:06","modified_gmt":"2026-02-27T09:48:06","slug":"songmics-roskakori-keittioon-musta","status":"publish","type":"product","link":"https:\/\/nordicmart.andreevmaster.com\/fi\/tuote\/songmics-roskakori-keittioon-musta\/","title":{"rendered":"SONGMICS roskakori keitti\u00f6\u00f6n, musta"},"content":{"rendered":"<p>Kierr\u00e4tt\u00e4minen voi olla helppoa: t\u00e4m\u00e4n roskakorin tilavuus on 30 litraa, ja sen ilmatiivis kansi suojaa perhett\u00e4si bakteereilta ja ep\u00e4miellytt\u00e4vilt\u00e4 hajuilta. Parasta t\u00e4ss\u00e4 roskakorissa on kuitenkin se, ett\u00e4 sinun ei tarvitse koskettaa sit\u00e4 k\u00e4sin roskia h\u00e4vitt\u00e4ess\u00e4si, mik\u00e4 takaa korkean hygieniatason.&#8221;Koiranpentu- ja lapsiturvallinen&#8221; roskakori: Kaiveleeko koirasi usein roskakoria? Kurottavatko lapsesi usein avoimeen roskakoriin? Jos n\u00e4in on, haluat varmasti lopettaa t\u00e4m\u00e4n. T\u00e4ss\u00e4 tulee apuun poljettava roskakori! Kansi avautuu vasta, kun poljet poljinta. Laadukkaiden materiaalien ja k\u00e4yt\u00e4nn\u00f6llisen muotoilun ansiosta t\u00e4m\u00e4 roskakori on fiksu ratkaisu j\u00e4tteiden h\u00e4vitt\u00e4miseen.Tuotetiedot: V\u00e4ri: musta Materiaali: ter\u00e4s, muovi (sis\u00e4astia) Koko: 35 x 23,8 x 63 cm (P x L x K) Sis\u00e4astian koko: 35 x 23,5 x 57,5 cm (P x L x K) Kokonaiskorkeus (kansi auki): 85,5 cm Paino: 3,8 kg Toimitus sis\u00e4lt\u00e4\u00e4: 1 x roskakori SONGMICS-ohjeet: Puhdista tuote pyyhkim\u00e4ll\u00e4 se pehme\u00e4ll\u00e4, kostealla liinalla ja k\u00e4yt\u00e4 tarvittaessa mietoa puhdistusainetta.<\/p>\n","protected":false},"excerpt":{"rendered":"<p>SONGMICS roskakori keitti\u00f6\u00f6n, pehme\u00e4 sulkeutuminen, roskakori kannella ja sis\u00e4astioilla, 30 litran roskakori ruostumattomasta ter\u00e4ksest\u00e4, hajuton ja hygieeninen LTB03NL<\/p>\n","protected":false},"featured_media":43885,"comment_status":"open","ping_status":"closed","template":"","meta":[],"product_brand":[],"product_cat":[32],"product_tag":[],"class_list":{"0":"post-35299","1":"product","2":"type-product","3":"status-publish","4":"has-post-thumbnail","6":"product_cat-uncategorized-fi","8":"first","9":"instock","10":"shipping-taxable","11":"purchasable","12":"product-type-simple"},"_links":{"self":[{"href":"https:\/\/nordicmart.andreevmaster.com\/fi\/wp-json\/wp\/v2\/product\/35299","targetHints":{"allow":["GET"]}}],"collection":[{"href":"https:\/\/nordicmart.andreevmaster.com\/fi\/wp-json\/wp\/v2\/product"}],"about":[{"href":"https:\/\/nordicmart.andreevmaster.com\/fi\/wp-json\/wp\/v2\/types\/product"}],"replies":[{"embeddable":true,"href":"https:\/\/nordicmart.andreevmaster.com\/fi\/wp-json\/wp\/v2\/comments?post=35299"}],"wp:featuredmedia":[{"embeddable":true,"href":"https:\/\/nordicmart.andreevmaster.com\/fi\/wp-json\/wp\/v2\/media\/43885"}],"wp:attachment":[{"href":"https:\/\/nordicmart.andreevmaster.com\/fi\/wp-json\/wp\/v2\/media?parent=35299"}],"wp:term":[{"taxonomy":"product_brand","embeddable":true,"href":"https:\/\/nordicmart.andreevmaster.com\/fi\/wp-json\/wp\/v2\/product_brand?post=35299"},{"taxonomy":"product_cat","embeddable":true,"href":"https:\/\/nordicmart.andreevmaster.com\/fi\/wp-json\/wp\/v2\/product_cat?post=35299"},{"taxonomy":"product_tag","embeddable":true,"href":"https:\/\/nordicmart.andreevmaster.com\/fi\/wp-json\/wp\/v2\/product_tag?post=35299"}],"curies":[{"name":"wp","href":"https:\/\/api.w.org\/{rel}","templated":true}]}}