{"id":35297,"date":"2026-02-27T00:29:22","date_gmt":"2026-02-27T00:29:22","guid":{"rendered":"https:\/\/nordicmart.andreevmaster.com\/product\/songmics-keittion-roskakori-3-x-8-litraa\/"},"modified":"2026-02-27T09:48:05","modified_gmt":"2026-02-27T09:48:05","slug":"songmics-keittion-roskakori-3-x-8-litraa","status":"publish","type":"product","link":"https:\/\/nordicmart.andreevmaster.com\/fi\/tuote\/songmics-keittion-roskakori-3-x-8-litraa\/","title":{"rendered":"SONGMICS Keitti\u00f6n roskakori 3 x 8 litraa"},"content":{"rendered":"<p>SONGMICS Keitti\u00f6n roskakori, 3-in-1-roskakori, 24 litraa, j\u00e4tteiden lajittelu, metallinen poljettava roskakori, j\u00e4tteiden lajitteluj\u00e4rjestelm\u00e4, kest\u00e4v\u00e4, helppo puhdistaa, ter\u00e4s, savuharmaa LTB24GS<br \/>\n&#8211; V\u00e4ri: Harmaansininen-musta<br \/>\n&#8211; Materiaali: Ulkokuori ter\u00e4st\u00e4, sis\u00e4kori PP-muovia, kansi ABS-muovia<br \/>\n&#8211; Koko (ilman jalkapoljinta): 47 x 28,3 x 39,5 cm (P x L x K)<br \/>\n&#8211; Kokonaiskorkeus (kansi auki): 63,5 cm<br \/>\n&#8211; Sis\u00e4s\u00e4ili\u00f6n koko: 14 x 23 x 35 cm (P x L x K)<br \/>\n&#8211; Jalkapolkimen koko: 8 x 5 cm (P x L)<br \/>\n&#8211; Tilavuus: 3 x 8 litraa<br \/>\n&#8211; Paino: 9,1 kg<\/p>\n","protected":false},"excerpt":{"rendered":"<p>SONGMICS Keitti\u00f6n roskakori, 3-in-1-roskakori, 24 litraa, j\u00e4tteiden lajittelu, metallinen poljettava roskakori, j\u00e4tteiden lajitteluj\u00e4rjestelm\u00e4, kest\u00e4v\u00e4, helppo puhdistaa, ter\u00e4s, savuharmaa LTB24GS<\/p>\n","protected":false},"featured_media":43883,"comment_status":"open","ping_status":"closed","template":"","meta":[],"product_brand":[],"product_cat":[32],"product_tag":[],"class_list":{"0":"post-35297","1":"product","2":"type-product","3":"status-publish","4":"has-post-thumbnail","6":"product_cat-uncategorized-fi","8":"first","9":"instock","10":"shipping-taxable","11":"purchasable","12":"product-type-simple"},"_links":{"self":[{"href":"https:\/\/nordicmart.andreevmaster.com\/fi\/wp-json\/wp\/v2\/product\/35297","targetHints":{"allow":["GET"]}}],"collection":[{"href":"https:\/\/nordicmart.andreevmaster.com\/fi\/wp-json\/wp\/v2\/product"}],"about":[{"href":"https:\/\/nordicmart.andreevmaster.com\/fi\/wp-json\/wp\/v2\/types\/product"}],"replies":[{"embeddable":true,"href":"https:\/\/nordicmart.andreevmaster.com\/fi\/wp-json\/wp\/v2\/comments?post=35297"}],"wp:featuredmedia":[{"embeddable":true,"href":"https:\/\/nordicmart.andreevmaster.com\/fi\/wp-json\/wp\/v2\/media\/43883"}],"wp:attachment":[{"href":"https:\/\/nordicmart.andreevmaster.com\/fi\/wp-json\/wp\/v2\/media?parent=35297"}],"wp:term":[{"taxonomy":"product_brand","embeddable":true,"href":"https:\/\/nordicmart.andreevmaster.com\/fi\/wp-json\/wp\/v2\/product_brand?post=35297"},{"taxonomy":"product_cat","embeddable":true,"href":"https:\/\/nordicmart.andreevmaster.com\/fi\/wp-json\/wp\/v2\/product_cat?post=35297"},{"taxonomy":"product_tag","embeddable":true,"href":"https:\/\/nordicmart.andreevmaster.com\/fi\/wp-json\/wp\/v2\/product_tag?post=35297"}],"curies":[{"name":"wp","href":"https:\/\/api.w.org\/{rel}","templated":true}]}}