{"id":35296,"date":"2026-02-27T00:29:22","date_gmt":"2026-02-27T00:29:22","guid":{"rendered":"https:\/\/nordicmart.andreevmaster.com\/product\/songmics-roskakori-3-x-8-litraa-kansi-ja-sisakori-kermanvalkoinen-ruskea\/"},"modified":"2026-02-27T09:48:05","modified_gmt":"2026-02-27T09:48:05","slug":"songmics-roskakori-3-x-8-litraa-kansi-ja-sisakori-kermanvalkoinen-ruskea","status":"publish","type":"product","link":"https:\/\/nordicmart.andreevmaster.com\/fi\/tuote\/songmics-roskakori-3-x-8-litraa-kansi-ja-sisakori-kermanvalkoinen-ruskea\/","title":{"rendered":"SONGMICS roskakori 3 x 8 litraa, kansi ja sis\u00e4kori, kermanvalkoinen-ruskea"},"content":{"rendered":"<p>SONGMICS Keitti\u00f6n roskakori, 3-in-1-roskakori, 24 litraa, j\u00e4tteiden lajittelu, metallinen poljettava roskakori, j\u00e4tteiden lajitteluj\u00e4rjestelm\u00e4, kest\u00e4v\u00e4, helppo puhdistaa, ter\u00e4s, savuharmaa LTB24GS<br \/>\nV\u00e4ri: kermanvalkoinen + ruskea<br \/>\nPinta: ter\u00e4s<br \/>\nMateriaali: \u200eulkopuoli ter\u00e4st\u00e4, sis\u00e4puoli PP-muovia, kansi ABS-muovia<br \/>\nMuoto: suorakulmainen<br \/>\nErityisominaisuudet: Kansi<br \/>\nParistot tarvitaan: Ei<\/p>\n","protected":false},"excerpt":{"rendered":"<p>SONGMICS Keitti\u00f6n roskakori, 3-in-1-roskakori, 24 litraa, j\u00e4tteiden lajittelu, metallinen poljettava roskakori, j\u00e4tteiden lajitteluj\u00e4rjestelm\u00e4, kest\u00e4v\u00e4, helppo puhdistaa, ter\u00e4s, savuharmaa LTB24GS<\/p>\n","protected":false},"featured_media":43882,"comment_status":"open","ping_status":"closed","template":"","meta":[],"product_brand":[],"product_cat":[32],"product_tag":[],"class_list":{"0":"post-35296","1":"product","2":"type-product","3":"status-publish","4":"has-post-thumbnail","6":"product_cat-uncategorized-fi","8":"first","9":"instock","10":"shipping-taxable","11":"purchasable","12":"product-type-simple"},"_links":{"self":[{"href":"https:\/\/nordicmart.andreevmaster.com\/fi\/wp-json\/wp\/v2\/product\/35296","targetHints":{"allow":["GET"]}}],"collection":[{"href":"https:\/\/nordicmart.andreevmaster.com\/fi\/wp-json\/wp\/v2\/product"}],"about":[{"href":"https:\/\/nordicmart.andreevmaster.com\/fi\/wp-json\/wp\/v2\/types\/product"}],"replies":[{"embeddable":true,"href":"https:\/\/nordicmart.andreevmaster.com\/fi\/wp-json\/wp\/v2\/comments?post=35296"}],"wp:featuredmedia":[{"embeddable":true,"href":"https:\/\/nordicmart.andreevmaster.com\/fi\/wp-json\/wp\/v2\/media\/43882"}],"wp:attachment":[{"href":"https:\/\/nordicmart.andreevmaster.com\/fi\/wp-json\/wp\/v2\/media?parent=35296"}],"wp:term":[{"taxonomy":"product_brand","embeddable":true,"href":"https:\/\/nordicmart.andreevmaster.com\/fi\/wp-json\/wp\/v2\/product_brand?post=35296"},{"taxonomy":"product_cat","embeddable":true,"href":"https:\/\/nordicmart.andreevmaster.com\/fi\/wp-json\/wp\/v2\/product_cat?post=35296"},{"taxonomy":"product_tag","embeddable":true,"href":"https:\/\/nordicmart.andreevmaster.com\/fi\/wp-json\/wp\/v2\/product_tag?post=35296"}],"curies":[{"name":"wp","href":"https:\/\/api.w.org\/{rel}","templated":true}]}}