{"id":35295,"date":"2026-02-27T00:29:22","date_gmt":"2026-02-27T00:29:22","guid":{"rendered":"https:\/\/nordicmart.andreevmaster.com\/product\/songmics-roskakori-30-l-valkoinen\/"},"modified":"2026-02-27T09:48:05","modified_gmt":"2026-02-27T09:48:05","slug":"songmics-roskakori-30-l-valkoinen","status":"publish","type":"product","link":"https:\/\/nordicmart.andreevmaster.com\/fi\/tuote\/songmics-roskakori-30-l-valkoinen\/","title":{"rendered":"SONGMICS roskakori 30 l valkoinen"},"content":{"rendered":"<p>Huomautukset: Kun roskakori avataan k\u00e4sin, kansi avautuu noin 90 astetta, jotta sis\u00e4kori voidaan ottaa pois. Kun sit\u00e4 k\u00e4ytet\u00e4\u00e4n jalalla, avautumiskulma on noin 70\u201375 astetta. Siksi roskakoriin on j\u00e4tett\u00e4v\u00e4 noin 4 cm:n v\u00e4li sein\u00e4\u00e4n, jotta se ei osu sein\u00e4\u00e4n avattaessa. Sis\u00e4astian takana olevan rei\u00e4n avulla roskapussin reuna voidaan kirist\u00e4\u00e4.Tuotetiedot: Materiaali: jauhemaalattu ter\u00e4s, valkoinen (kotelo) + muovi (sis\u00e4astia) Ulkomitat: 34 x 61,5 x 25 cm (L x K x S) Sis\u00e4astian mitat: 32,5 x 52,5 x 22,5 cm (L x K x S) Mitat kansi t\u00e4ysin auki: 34 x 83 x 27,5 cm (L x K x S) Mitat jalkapoljin: 18 x 5 cm; \u00d8 putki: 1,9 cm V\u00e4ri: valkoinen Nettopaino: 4,5 kg Bruttopaino: 5,9 kg Toimitus sis\u00e4lt\u00e4\u00e4: 1 x roskakori<\/p>\n","protected":false},"excerpt":{"rendered":"<p>SONGMICS roskakori ruostumattomasta ter\u00e4ksest\u00e4, 30 l poljettava roskakori kannella, 34,5 x 27,5 x 61,5 cm, hopea, LTB01L<\/p>\n","protected":false},"featured_media":43881,"comment_status":"open","ping_status":"closed","template":"","meta":[],"product_brand":[],"product_cat":[32],"product_tag":[],"class_list":{"0":"post-35295","1":"product","2":"type-product","3":"status-publish","4":"has-post-thumbnail","6":"product_cat-uncategorized-fi","8":"first","9":"instock","10":"shipping-taxable","11":"purchasable","12":"product-type-simple"},"_links":{"self":[{"href":"https:\/\/nordicmart.andreevmaster.com\/fi\/wp-json\/wp\/v2\/product\/35295","targetHints":{"allow":["GET"]}}],"collection":[{"href":"https:\/\/nordicmart.andreevmaster.com\/fi\/wp-json\/wp\/v2\/product"}],"about":[{"href":"https:\/\/nordicmart.andreevmaster.com\/fi\/wp-json\/wp\/v2\/types\/product"}],"replies":[{"embeddable":true,"href":"https:\/\/nordicmart.andreevmaster.com\/fi\/wp-json\/wp\/v2\/comments?post=35295"}],"wp:featuredmedia":[{"embeddable":true,"href":"https:\/\/nordicmart.andreevmaster.com\/fi\/wp-json\/wp\/v2\/media\/43881"}],"wp:attachment":[{"href":"https:\/\/nordicmart.andreevmaster.com\/fi\/wp-json\/wp\/v2\/media?parent=35295"}],"wp:term":[{"taxonomy":"product_brand","embeddable":true,"href":"https:\/\/nordicmart.andreevmaster.com\/fi\/wp-json\/wp\/v2\/product_brand?post=35295"},{"taxonomy":"product_cat","embeddable":true,"href":"https:\/\/nordicmart.andreevmaster.com\/fi\/wp-json\/wp\/v2\/product_cat?post=35295"},{"taxonomy":"product_tag","embeddable":true,"href":"https:\/\/nordicmart.andreevmaster.com\/fi\/wp-json\/wp\/v2\/product_tag?post=35295"}],"curies":[{"name":"wp","href":"https:\/\/api.w.org\/{rel}","templated":true}]}}