{"id":35294,"date":"2026-02-27T00:29:21","date_gmt":"2026-02-27T00:29:21","guid":{"rendered":"https:\/\/nordicmart.andreevmaster.com\/product\/songmics-roskakori-30-l-ruostumaton-teras\/"},"modified":"2026-02-27T09:48:05","modified_gmt":"2026-02-27T09:48:05","slug":"songmics-roskakori-30-l-ruostumaton-teras","status":"publish","type":"product","link":"https:\/\/nordicmart.andreevmaster.com\/fi\/tuote\/songmics-roskakori-30-l-ruostumaton-teras\/","title":{"rendered":"SONGMICS roskakori 30 l ruostumaton ter\u00e4s"},"content":{"rendered":"<p>T\u00e4m\u00e4n roskakorin edut yhdell\u00e4 silm\u00e4yksell\u00e4: &#8211; 30 litran tilavuus; riitt\u00e4\u00e4 tavallisiin keitti\u00f6j\u00e4tteisiin. &#8211; Voit avata roskakorin kannen helposti polkimella. &#8211; Kansi voi j\u00e4\u00e4d\u00e4 auki. &#8211; Kansi sulkeutuu pehme\u00e4sti, hitaasti ja \u00e4\u00e4nett\u00f6m\u00e4sti.- Roskakoriin kuuluu irrotettava muovinen sis\u00e4kori. &#8211; Sis\u00e4koriin tehdyn aukon ansiosta roskapussi pysyy kire\u00e4ll\u00e4 ja pysyy aina paikallaan.- Muovinen pohja on luistamaton eik\u00e4 j\u00e4t\u00e4 naarmuja lattiaan. Laadukas materiaali, k\u00e4yt\u00e4nn\u00f6llinen muotoilu &#8211; T\u00e4m\u00e4 roskakori on \u00e4lyk\u00e4s ratkaisu j\u00e4tteiden h\u00e4vitt\u00e4miseen. Tuotetiedot: &#8211; V\u00e4ri: hopea &#8211; Materiaali: ruostumaton ter\u00e4s (ulkopuoli), muovi (sis\u00e4astia) &#8211; Mitat: 34,5 x 25 x 61,5 cm (P x L x K) &#8211; Sis\u00e4astian mitat: 32 x 22,5 x 52 cm (P x L x K) &#8211; Kokonaiskorkeus (kansi auki): 83 cm &#8211; Paino: 4 kg Toimitus sis\u00e4lt\u00e4\u00e4: &#8211; 1 x roskakori<\/p>\n","protected":false},"excerpt":{"rendered":"<p>SONGMICS roskakori ruostumattomasta ter\u00e4ksest\u00e4, 30 l poljettava roskakori kannella, 34,5 x 27,5 x 61,5 cm, hopea, LTB01L<\/p>\n","protected":false},"featured_media":43880,"comment_status":"open","ping_status":"closed","template":"","meta":[],"product_brand":[],"product_cat":[32],"product_tag":[],"class_list":{"0":"post-35294","1":"product","2":"type-product","3":"status-publish","4":"has-post-thumbnail","6":"product_cat-uncategorized-fi","8":"first","9":"instock","10":"shipping-taxable","11":"purchasable","12":"product-type-simple"},"_links":{"self":[{"href":"https:\/\/nordicmart.andreevmaster.com\/fi\/wp-json\/wp\/v2\/product\/35294","targetHints":{"allow":["GET"]}}],"collection":[{"href":"https:\/\/nordicmart.andreevmaster.com\/fi\/wp-json\/wp\/v2\/product"}],"about":[{"href":"https:\/\/nordicmart.andreevmaster.com\/fi\/wp-json\/wp\/v2\/types\/product"}],"replies":[{"embeddable":true,"href":"https:\/\/nordicmart.andreevmaster.com\/fi\/wp-json\/wp\/v2\/comments?post=35294"}],"wp:featuredmedia":[{"embeddable":true,"href":"https:\/\/nordicmart.andreevmaster.com\/fi\/wp-json\/wp\/v2\/media\/43880"}],"wp:attachment":[{"href":"https:\/\/nordicmart.andreevmaster.com\/fi\/wp-json\/wp\/v2\/media?parent=35294"}],"wp:term":[{"taxonomy":"product_brand","embeddable":true,"href":"https:\/\/nordicmart.andreevmaster.com\/fi\/wp-json\/wp\/v2\/product_brand?post=35294"},{"taxonomy":"product_cat","embeddable":true,"href":"https:\/\/nordicmart.andreevmaster.com\/fi\/wp-json\/wp\/v2\/product_cat?post=35294"},{"taxonomy":"product_tag","embeddable":true,"href":"https:\/\/nordicmart.andreevmaster.com\/fi\/wp-json\/wp\/v2\/product_tag?post=35294"}],"curies":[{"name":"wp","href":"https:\/\/api.w.org\/{rel}","templated":true}]}}