{"id":35293,"date":"2026-02-27T00:29:21","date_gmt":"2026-02-27T00:29:21","guid":{"rendered":"https:\/\/nordicmart.andreevmaster.com\/product\/songmics-roskakori-30-litraa-savuharmaa\/"},"modified":"2026-02-27T09:48:04","modified_gmt":"2026-02-27T09:48:04","slug":"songmics-roskakori-30-litraa-savuharmaa","status":"publish","type":"product","link":"https:\/\/nordicmart.andreevmaster.com\/fi\/tuote\/songmics-roskakori-30-litraa-savuharmaa\/","title":{"rendered":"SONGMICS roskakori 30 litraa savuharmaa"},"content":{"rendered":"<p>SONGMICS roskakori ruostumattomasta ter\u00e4ksest\u00e4, 30 l poljettava roskakori kannella, 34,5 x 27,5 x 61,5 cm, hopea, LTB01L<br \/>\nV\u00e4ri: vihre\u00e4nharmaa<br \/>\nMateriaali: Ulkopuoli ter\u00e4st\u00e4, sis\u00e4kori muovia<br \/>\nKoko (ilman jalkapoljinta): 34,5 x 25 x 61,5 cm (P x L x K)<br \/>\nKokonaiskorkeus (kansi auki): 82 cm<br \/>\nSis\u00e4astian koko: 32 x 22,5 x 52 cm (P x L x K)<br \/>\nJalkapolkimen koko: 18,5 x 5 cm (P x L)<br \/>\nTilavuus: 30 litraa<br \/>\nPaino: 4,5 kg<\/p>\n","protected":false},"excerpt":{"rendered":"<p>SONGMICS roskakori ruostumattomasta ter\u00e4ksest\u00e4, 30 l poljettava roskakori kannella, 34,5 x 27,5 x 61,5 cm, hopea, LTB01L<\/p>\n","protected":false},"featured_media":43879,"comment_status":"open","ping_status":"closed","template":"","meta":[],"product_brand":[],"product_cat":[32],"product_tag":[],"class_list":{"0":"post-35293","1":"product","2":"type-product","3":"status-publish","4":"has-post-thumbnail","6":"product_cat-uncategorized-fi","8":"first","9":"instock","10":"shipping-taxable","11":"purchasable","12":"product-type-simple"},"_links":{"self":[{"href":"https:\/\/nordicmart.andreevmaster.com\/fi\/wp-json\/wp\/v2\/product\/35293","targetHints":{"allow":["GET"]}}],"collection":[{"href":"https:\/\/nordicmart.andreevmaster.com\/fi\/wp-json\/wp\/v2\/product"}],"about":[{"href":"https:\/\/nordicmart.andreevmaster.com\/fi\/wp-json\/wp\/v2\/types\/product"}],"replies":[{"embeddable":true,"href":"https:\/\/nordicmart.andreevmaster.com\/fi\/wp-json\/wp\/v2\/comments?post=35293"}],"wp:featuredmedia":[{"embeddable":true,"href":"https:\/\/nordicmart.andreevmaster.com\/fi\/wp-json\/wp\/v2\/media\/43879"}],"wp:attachment":[{"href":"https:\/\/nordicmart.andreevmaster.com\/fi\/wp-json\/wp\/v2\/media?parent=35293"}],"wp:term":[{"taxonomy":"product_brand","embeddable":true,"href":"https:\/\/nordicmart.andreevmaster.com\/fi\/wp-json\/wp\/v2\/product_brand?post=35293"},{"taxonomy":"product_cat","embeddable":true,"href":"https:\/\/nordicmart.andreevmaster.com\/fi\/wp-json\/wp\/v2\/product_cat?post=35293"},{"taxonomy":"product_tag","embeddable":true,"href":"https:\/\/nordicmart.andreevmaster.com\/fi\/wp-json\/wp\/v2\/product_tag?post=35293"}],"curies":[{"name":"wp","href":"https:\/\/api.w.org\/{rel}","templated":true}]}}