{"id":35289,"date":"2026-02-27T00:29:20","date_gmt":"2026-02-27T00:29:20","guid":{"rendered":"https:\/\/nordicmart.andreevmaster.com\/product\/songmics-roskakori-muovisella-sisakorilla-harmaa\/"},"modified":"2026-02-27T09:48:04","modified_gmt":"2026-02-27T09:48:04","slug":"songmics-roskakori-muovisella-sisakorilla-harmaa","status":"publish","type":"product","link":"https:\/\/nordicmart.andreevmaster.com\/fi\/tuote\/songmics-roskakori-muovisella-sisakorilla-harmaa\/","title":{"rendered":"SONGMICS roskakori muovisella sis\u00e4korilla, harmaa"},"content":{"rendered":"<p>J\u00e4rjestys on puolet el\u00e4m\u00e4st\u00e4: t\u00e4m\u00e4 SONGMICS-roskakori auttaa sinua pit\u00e4m\u00e4\u00e4n j\u00e4tteet piilossa ja luomaan j\u00e4rjestyst\u00e4 kylpyhuoneeseen. Savuharmaa pinta antaa kylpyhuoneellesi modernin ilmeen, ja ter\u00e4ksen jauhemaalaus takaa pitk\u00e4n k\u00e4ytt\u00f6i\u00e4n. Mit\u00e4 yksinkertaisempi, sit\u00e4 parempi: Sinun tarvitsee vain painaa poljinta ja heitt\u00e4\u00e4 roskat sis\u00e4astiaan. Roskien h\u00e4vitt\u00e4misen j\u00e4lkeen kansi sulkeutuu pehme\u00e4sti ja \u00e4\u00e4nett\u00f6m\u00e4sti. Haluatko pit\u00e4\u00e4 astian kannen auki? Nosta se helposti kokonaan yl\u00f6s k\u00e4dell\u00e4si. Lis\u00e4ksi sis\u00e4astia on helppo nostaa ulkoastiasta metallikahvan avulla. Tuotetiedot:- V\u00e4ri: savuharmaa &#8211; Materiaali: ter\u00e4s (ulkopuoli), muovi (sis\u00e4astia) &#8211; Koko: 16,8 x 24,2 x 24,3 cm (P x L x K) &#8211; Kokonaiskorkeus (kansi auki): 40,5 cm &#8211; Paino: 0,7 kg Toimitus sis\u00e4lt\u00e4\u00e4: -1 x roskakori SONGMICS Huomautukset:- \u00c4l\u00e4 sulje roskakorin kantta kokonaan k\u00e4sin, koska se voi sulkeutua automaattisesti. &#8211; Puhdista tuote pehme\u00e4ll\u00e4, kostealla liinalla ja k\u00e4yt\u00e4 tarvittaessa mietoa puhdistusainetta. &#8211; Pid\u00e4 tuote poissa vedest\u00e4. &#8211; Aseta tuote tasaiselle alustalle.<\/p>\n","protected":false},"excerpt":{"rendered":"<p>SONGMICS roskakori, 3 litraa, polkimella, muovinen sis\u00e4kori, pehme\u00e4 sulkeutuminen, hajutiivis, valkoinen, 22 x 16,7 x 25 cm<\/p>\n","protected":false},"featured_media":43875,"comment_status":"open","ping_status":"closed","template":"","meta":[],"product_brand":[],"product_cat":[32],"product_tag":[],"class_list":{"0":"post-35289","1":"product","2":"type-product","3":"status-publish","4":"has-post-thumbnail","6":"product_cat-uncategorized-fi","8":"first","9":"instock","10":"shipping-taxable","11":"purchasable","12":"product-type-simple"},"_links":{"self":[{"href":"https:\/\/nordicmart.andreevmaster.com\/fi\/wp-json\/wp\/v2\/product\/35289","targetHints":{"allow":["GET"]}}],"collection":[{"href":"https:\/\/nordicmart.andreevmaster.com\/fi\/wp-json\/wp\/v2\/product"}],"about":[{"href":"https:\/\/nordicmart.andreevmaster.com\/fi\/wp-json\/wp\/v2\/types\/product"}],"replies":[{"embeddable":true,"href":"https:\/\/nordicmart.andreevmaster.com\/fi\/wp-json\/wp\/v2\/comments?post=35289"}],"wp:featuredmedia":[{"embeddable":true,"href":"https:\/\/nordicmart.andreevmaster.com\/fi\/wp-json\/wp\/v2\/media\/43875"}],"wp:attachment":[{"href":"https:\/\/nordicmart.andreevmaster.com\/fi\/wp-json\/wp\/v2\/media?parent=35289"}],"wp:term":[{"taxonomy":"product_brand","embeddable":true,"href":"https:\/\/nordicmart.andreevmaster.com\/fi\/wp-json\/wp\/v2\/product_brand?post=35289"},{"taxonomy":"product_cat","embeddable":true,"href":"https:\/\/nordicmart.andreevmaster.com\/fi\/wp-json\/wp\/v2\/product_cat?post=35289"},{"taxonomy":"product_tag","embeddable":true,"href":"https:\/\/nordicmart.andreevmaster.com\/fi\/wp-json\/wp\/v2\/product_tag?post=35289"}],"curies":[{"name":"wp","href":"https:\/\/api.w.org\/{rel}","templated":true}]}}