{"id":35288,"date":"2026-02-27T00:29:20","date_gmt":"2026-02-27T00:29:20","guid":{"rendered":"https:\/\/nordicmart.andreevmaster.com\/product\/songmics-poljettava-roskakori-jossa-sisakori-musta\/"},"modified":"2026-02-27T09:48:03","modified_gmt":"2026-02-27T09:48:03","slug":"songmics-poljettava-roskakori-jossa-sisakori-musta","status":"publish","type":"product","link":"https:\/\/nordicmart.andreevmaster.com\/fi\/tuote\/songmics-poljettava-roskakori-jossa-sisakori-musta\/","title":{"rendered":"SONGMICS poljettava roskakori, jossa sis\u00e4kori, musta"},"content":{"rendered":"<p>Siisteyden sankari: Yksinkertainen, py\u00f6re\u00e4 SONGMICS-roskakori auttaa piilottamaan sotkun ja siivoamaan kotisi, samalla kun se tuo huoneeseen raikkautta ja modernia ilmett\u00e4. Jauhemaalattu ter\u00e4s takaa kest\u00e4v\u00e4n kauneuden vuosiksi eteenp\u00e4in.   K\u00e4tev\u00e4 kuin mik\u00e4: Avaa kansi jalallasi ja heit\u00e4 roskat sis\u00e4\u00e4n. Kansi sulkeutuu pehme\u00e4sti ja hiljaisesti, ilman \u00e4\u00e4nt\u00e4. Nosta kansi kokonaan k\u00e4dell\u00e4si, kun haluat pit\u00e4\u00e4 sen auki. Poista sis\u00e4kori ter\u00e4skahvasta tyhjent\u00e4\u00e4ksesi sen.   Ominaisuudet: &#8211; V\u00e4ri: Musta &#8211; Materiaalit: Ter\u00e4ksinen roskakori, muovinen sis\u00e4kori &#8211; Mitat: 16,8 x 24,2 x 24,3 cm (P x L x K) &#8211; Kokonaiskorkeus kannen ollessa auki: 40,5 cm &#8211; Paino: 0,7 kg Toimitus: &#8211; 1 x roskakori SONGMICS:n varotoimet:- Anna kannen sulkeutua automaattisesti tuotteen k\u00e4ytt\u00f6i\u00e4n pident\u00e4miseksi. &#8211; Puhdista pehme\u00e4ll\u00e4, kostealla liinalla ja k\u00e4yt\u00e4 tarvittaessa neutraalia pesuainetta. &#8211; Pid\u00e4 pinta kuivana tuotteen k\u00e4ytt\u00f6i\u00e4n pident\u00e4miseksi. &#8211; K\u00e4yt\u00e4 tuotetta tasaisella alustalla.<\/p>\n","protected":false},"excerpt":{"rendered":"<p>SONGMICS roskakori, 3 litraa, polkimella, muovinen sis\u00e4kori, pehme\u00e4 sulkeutuminen, hajutiivis, valkoinen, 22 x 16,7 x 25 cm<\/p>\n","protected":false},"featured_media":43874,"comment_status":"open","ping_status":"closed","template":"","meta":[],"product_brand":[],"product_cat":[32],"product_tag":[],"class_list":{"0":"post-35288","1":"product","2":"type-product","3":"status-publish","4":"has-post-thumbnail","6":"product_cat-uncategorized-fi","8":"first","9":"instock","10":"shipping-taxable","11":"purchasable","12":"product-type-simple"},"_links":{"self":[{"href":"https:\/\/nordicmart.andreevmaster.com\/fi\/wp-json\/wp\/v2\/product\/35288","targetHints":{"allow":["GET"]}}],"collection":[{"href":"https:\/\/nordicmart.andreevmaster.com\/fi\/wp-json\/wp\/v2\/product"}],"about":[{"href":"https:\/\/nordicmart.andreevmaster.com\/fi\/wp-json\/wp\/v2\/types\/product"}],"replies":[{"embeddable":true,"href":"https:\/\/nordicmart.andreevmaster.com\/fi\/wp-json\/wp\/v2\/comments?post=35288"}],"wp:featuredmedia":[{"embeddable":true,"href":"https:\/\/nordicmart.andreevmaster.com\/fi\/wp-json\/wp\/v2\/media\/43874"}],"wp:attachment":[{"href":"https:\/\/nordicmart.andreevmaster.com\/fi\/wp-json\/wp\/v2\/media?parent=35288"}],"wp:term":[{"taxonomy":"product_brand","embeddable":true,"href":"https:\/\/nordicmart.andreevmaster.com\/fi\/wp-json\/wp\/v2\/product_brand?post=35288"},{"taxonomy":"product_cat","embeddable":true,"href":"https:\/\/nordicmart.andreevmaster.com\/fi\/wp-json\/wp\/v2\/product_cat?post=35288"},{"taxonomy":"product_tag","embeddable":true,"href":"https:\/\/nordicmart.andreevmaster.com\/fi\/wp-json\/wp\/v2\/product_tag?post=35288"}],"curies":[{"name":"wp","href":"https:\/\/api.w.org\/{rel}","templated":true}]}}