{"id":35285,"date":"2026-02-27T00:29:19","date_gmt":"2026-02-27T00:29:19","guid":{"rendered":"https:\/\/nordicmart.andreevmaster.com\/product\/songmics-metallinen-roskakori-musta\/"},"modified":"2026-02-27T09:48:03","modified_gmt":"2026-02-27T09:48:03","slug":"songmics-metallinen-roskakori-musta","status":"publish","type":"product","link":"https:\/\/nordicmart.andreevmaster.com\/fi\/tuote\/songmics-metallinen-roskakori-musta\/","title":{"rendered":"SONGMICS metallinen roskakori, musta"},"content":{"rendered":"<p>K\u00e4yt\u00e4nn\u00f6llinen apulainen arkeen: asiat, joita et en\u00e4\u00e4 tarvitse, ansaitsevat my\u00f6s arvokkaan paikan. T\u00e4m\u00e4 ajaton musta 3 litran roskakori sopii t\u00e4ydellisesti kylpyhuoneeseesi, ty\u00f6huoneeseesi, makuuhuoneeseesi tai peilip\u00f6yd\u00e4n viereen. Mukavuus on tavoitteemme: sis\u00e4astia on helppo nostaa roskakorista k\u00e4yt\u00e4nn\u00f6llisen metallikahvan avulla ja puhdistaa vaivattomasti; sis\u00e4astian aukon avulla roskapussi pysyy kire\u00e4ll\u00e4 ja pysyy aina paikallaan; kansi sulkeutuu hitaasti ja pehme\u00e4sti, jotta asuntosi rauhallinen ilmapiiri ei h\u00e4iriinny; lis\u00e4ksi astia suojaa perhett\u00e4si ilmatiiviill\u00e4 sulkimella ep\u00e4miellytt\u00e4vilt\u00e4 hajuilta. Tuotetiedot:- V\u00e4ri: musta &#8211; Materiaali: ter\u00e4s (ulkopuoli), muovi (sis\u00e4astia) &#8211; Koko: 22 x 16,7 x 25 cm (P x L x K) &#8211; Kokonaiskorkeus (kansi auki): 41,5 cm &#8211; Paino: 0,7 kg Toimitus sis\u00e4lt\u00e4\u00e4: &#8211; 1 x roskakori SONGMICS Huomautukset:- Puhdista tuote pyyhkim\u00e4ll\u00e4 se pehme\u00e4ll\u00e4, kostealla liinalla ja k\u00e4yt\u00e4 tarvittaessa mietoa puhdistusainetta. &#8211; \u00c4l\u00e4 sulje roskakorin kantta kokonaan k\u00e4sin, koska se voi sulkeutua automaattisesti. &#8211; Pid\u00e4 tuote poissa vedest\u00e4. &#8211; Aseta tuote tasaiselle alustalle.<\/p>\n","protected":false},"excerpt":{"rendered":"<p>SONGMICS roskakori, 3 litraa, polkimella, muovinen sis\u00e4kori, pehme\u00e4 sulkeutuminen, hajutiivis, valkoinen, 22 x 16,7 x 25 cm<\/p>\n","protected":false},"featured_media":43871,"comment_status":"open","ping_status":"closed","template":"","meta":[],"product_brand":[],"product_cat":[32],"product_tag":[],"class_list":{"0":"post-35285","1":"product","2":"type-product","3":"status-publish","4":"has-post-thumbnail","6":"product_cat-uncategorized-fi","8":"first","9":"instock","10":"shipping-taxable","11":"purchasable","12":"product-type-simple"},"_links":{"self":[{"href":"https:\/\/nordicmart.andreevmaster.com\/fi\/wp-json\/wp\/v2\/product\/35285","targetHints":{"allow":["GET"]}}],"collection":[{"href":"https:\/\/nordicmart.andreevmaster.com\/fi\/wp-json\/wp\/v2\/product"}],"about":[{"href":"https:\/\/nordicmart.andreevmaster.com\/fi\/wp-json\/wp\/v2\/types\/product"}],"replies":[{"embeddable":true,"href":"https:\/\/nordicmart.andreevmaster.com\/fi\/wp-json\/wp\/v2\/comments?post=35285"}],"wp:featuredmedia":[{"embeddable":true,"href":"https:\/\/nordicmart.andreevmaster.com\/fi\/wp-json\/wp\/v2\/media\/43871"}],"wp:attachment":[{"href":"https:\/\/nordicmart.andreevmaster.com\/fi\/wp-json\/wp\/v2\/media?parent=35285"}],"wp:term":[{"taxonomy":"product_brand","embeddable":true,"href":"https:\/\/nordicmart.andreevmaster.com\/fi\/wp-json\/wp\/v2\/product_brand?post=35285"},{"taxonomy":"product_cat","embeddable":true,"href":"https:\/\/nordicmart.andreevmaster.com\/fi\/wp-json\/wp\/v2\/product_cat?post=35285"},{"taxonomy":"product_tag","embeddable":true,"href":"https:\/\/nordicmart.andreevmaster.com\/fi\/wp-json\/wp\/v2\/product_tag?post=35285"}],"curies":[{"name":"wp","href":"https:\/\/api.w.org\/{rel}","templated":true}]}}