{"id":35284,"date":"2026-02-27T00:29:19","date_gmt":"2026-02-27T00:29:19","guid":{"rendered":"https:\/\/nordicmart.andreevmaster.com\/product\/songmics-5-litran-roskakori-kannella-ja-teraksisella-sisaastialla-musta\/"},"modified":"2026-02-27T09:48:02","modified_gmt":"2026-02-27T09:48:02","slug":"songmics-5-litran-roskakori-kannella-ja-teraksisella-sisaastialla-musta","status":"publish","type":"product","link":"https:\/\/nordicmart.andreevmaster.com\/fi\/tuote\/songmics-5-litran-roskakori-kannella-ja-teraksisella-sisaastialla-musta\/","title":{"rendered":"SONGMICS 5 litran roskakori kannella ja ter\u00e4ksisell\u00e4 sis\u00e4astialla, musta"},"content":{"rendered":"<p>SONGMICS roskakori, 5 litran kosmetiikkaroskakori, ter\u00e4ksinen poljettava roskakori, sis\u00e4kori, kansi ja kahva, pehme\u00e4 sulkeutuminen, ilmatiivis, kylpyhuoneeseen, wc:hen, harmaa LTB14GS<br \/>\n&#8211; V\u00e4ri: valkoinen<br \/>\n&#8211; Materiaali: Ulkopuoli ter\u00e4st\u00e4, kansi ABS-muovia, sis\u00e4kori muovia<br \/>\n&#8211; Koko (ilman jalkapoljinta): 22 x 20,5 x 30,5 cm (P x L x K)<br \/>\n&#8211; Kokonaiskorkeus (kansi auki): 47,5 cm<br \/>\n&#8211; Sis\u00e4astian koko: 18 x 18 x 29 cm (P x L x K)<br \/>\n&#8211; Jalkapolkimen koko: 5,5 x 5 cm (P x L)<br \/>\n&#8211; Tilavuus: 5 litraa<br \/>\n&#8211; Paino: 1,2 kg<\/p>\n","protected":false},"excerpt":{"rendered":"<p>SONGMICS roskakori, 5 litran kosmetiikkaroskakori, ter\u00e4ksinen poljettava roskakori, sis\u00e4kori, kansi ja kahva, pehme\u00e4 sulkeutuminen, ilmatiivis, kylpyhuoneeseen, wc:hen, harmaa LTB14GS<\/p>\n","protected":false},"featured_media":43870,"comment_status":"open","ping_status":"closed","template":"","meta":[],"product_brand":[],"product_cat":[32],"product_tag":[],"class_list":{"0":"post-35284","1":"product","2":"type-product","3":"status-publish","4":"has-post-thumbnail","6":"product_cat-uncategorized-fi","8":"first","9":"instock","10":"shipping-taxable","11":"purchasable","12":"product-type-simple"},"_links":{"self":[{"href":"https:\/\/nordicmart.andreevmaster.com\/fi\/wp-json\/wp\/v2\/product\/35284","targetHints":{"allow":["GET"]}}],"collection":[{"href":"https:\/\/nordicmart.andreevmaster.com\/fi\/wp-json\/wp\/v2\/product"}],"about":[{"href":"https:\/\/nordicmart.andreevmaster.com\/fi\/wp-json\/wp\/v2\/types\/product"}],"replies":[{"embeddable":true,"href":"https:\/\/nordicmart.andreevmaster.com\/fi\/wp-json\/wp\/v2\/comments?post=35284"}],"wp:featuredmedia":[{"embeddable":true,"href":"https:\/\/nordicmart.andreevmaster.com\/fi\/wp-json\/wp\/v2\/media\/43870"}],"wp:attachment":[{"href":"https:\/\/nordicmart.andreevmaster.com\/fi\/wp-json\/wp\/v2\/media?parent=35284"}],"wp:term":[{"taxonomy":"product_brand","embeddable":true,"href":"https:\/\/nordicmart.andreevmaster.com\/fi\/wp-json\/wp\/v2\/product_brand?post=35284"},{"taxonomy":"product_cat","embeddable":true,"href":"https:\/\/nordicmart.andreevmaster.com\/fi\/wp-json\/wp\/v2\/product_cat?post=35284"},{"taxonomy":"product_tag","embeddable":true,"href":"https:\/\/nordicmart.andreevmaster.com\/fi\/wp-json\/wp\/v2\/product_tag?post=35284"}],"curies":[{"name":"wp","href":"https:\/\/api.w.org\/{rel}","templated":true}]}}