{"id":35283,"date":"2026-02-27T00:29:19","date_gmt":"2026-02-27T00:29:19","guid":{"rendered":"https:\/\/nordicmart.andreevmaster.com\/product\/songmics-kosmetiikkakori-3-litraa-kansi-vihreanharmaa\/"},"modified":"2026-02-27T09:48:02","modified_gmt":"2026-02-27T09:48:02","slug":"songmics-kosmetiikkakori-3-litraa-kansi-vihreanharmaa","status":"publish","type":"product","link":"https:\/\/nordicmart.andreevmaster.com\/fi\/tuote\/songmics-kosmetiikkakori-3-litraa-kansi-vihreanharmaa\/","title":{"rendered":"SONGMICS kosmetiikkakori 3 litraa, kansi, vihre\u00e4nharmaa"},"content":{"rendered":"<p>SONGMICS kosmetiikkakori, 3 litraa, kylpyhuoneen roskakori, pieni roskakori kannella, pehme\u00e4 sulkeutuminen, irrotettava muovinen sis\u00e4kori, kylpyhuoneeseen, toimistoon, ter\u00e4s, musta LTB011B01<br \/>\nHell\u00e4varainen ja hiljainen sulkeutuva kansi<br \/>\nKest\u00e4v\u00e4 ja pitk\u00e4ik\u00e4inen jalkapoljin<br \/>\nTer\u00e4spinta, helppo puhdistaa<br \/>\nSis\u00e4astia kahvalla, helppo irrottaa<br \/>\nAukko sis\u00e4astiassa pit\u00e4\u00e4 roskapussin kire\u00e4ll\u00e4, jotta se ei n\u00e4y ulkopuolelta<br \/>\nTakana oleva ulosvedett\u00e4v\u00e4 kahva helpottaa poljinkorin kuljettamista<br \/>\nLuistamattomat tyynyt, jotka est\u00e4v\u00e4t poljinta liukumasta ja suojaavat lattiaa naarmuilta P<br \/>\nTuotetiedot:<br \/>\nV\u00e4ri: vihre\u00e4nharmaa<br \/>\n: Ulkopuoli ter\u00e4st\u00e4, kansi ABS-muovia, sis\u00e4kori PP-muovia<br \/>\nKoko (jalkapolkimella): 23,8 x 18,8 x 25,7 cm (P x L x K)<br \/>\noko (ilman jalkapoljinta): 18,8 x 25,7 cm (\u00d8 x K)<br \/>\ny\u00f6korkeus (kansi auki): 41,5 cm<br \/>\nPaino: 0,8 kg<\/p>\n","protected":false},"excerpt":{"rendered":"<p>SONGMICS kosmetiikkakori, 3 litraa, kylpyhuoneen roskakori, pieni roskakori kannella, pehme\u00e4 sulkeutuminen, irrotettava muovinen sis\u00e4kori, kylpyhuoneeseen, toimistoon, ter\u00e4s, musta LTB011B01<\/p>\n","protected":false},"featured_media":43869,"comment_status":"open","ping_status":"closed","template":"","meta":[],"product_brand":[],"product_cat":[32],"product_tag":[],"class_list":{"0":"post-35283","1":"product","2":"type-product","3":"status-publish","4":"has-post-thumbnail","6":"product_cat-uncategorized-fi","8":"first","9":"instock","10":"shipping-taxable","11":"purchasable","12":"product-type-simple"},"_links":{"self":[{"href":"https:\/\/nordicmart.andreevmaster.com\/fi\/wp-json\/wp\/v2\/product\/35283","targetHints":{"allow":["GET"]}}],"collection":[{"href":"https:\/\/nordicmart.andreevmaster.com\/fi\/wp-json\/wp\/v2\/product"}],"about":[{"href":"https:\/\/nordicmart.andreevmaster.com\/fi\/wp-json\/wp\/v2\/types\/product"}],"replies":[{"embeddable":true,"href":"https:\/\/nordicmart.andreevmaster.com\/fi\/wp-json\/wp\/v2\/comments?post=35283"}],"wp:featuredmedia":[{"embeddable":true,"href":"https:\/\/nordicmart.andreevmaster.com\/fi\/wp-json\/wp\/v2\/media\/43869"}],"wp:attachment":[{"href":"https:\/\/nordicmart.andreevmaster.com\/fi\/wp-json\/wp\/v2\/media?parent=35283"}],"wp:term":[{"taxonomy":"product_brand","embeddable":true,"href":"https:\/\/nordicmart.andreevmaster.com\/fi\/wp-json\/wp\/v2\/product_brand?post=35283"},{"taxonomy":"product_cat","embeddable":true,"href":"https:\/\/nordicmart.andreevmaster.com\/fi\/wp-json\/wp\/v2\/product_cat?post=35283"},{"taxonomy":"product_tag","embeddable":true,"href":"https:\/\/nordicmart.andreevmaster.com\/fi\/wp-json\/wp\/v2\/product_tag?post=35283"}],"curies":[{"name":"wp","href":"https:\/\/api.w.org\/{rel}","templated":true}]}}