{"id":35280,"date":"2026-02-27T00:29:18","date_gmt":"2026-02-27T00:29:18","guid":{"rendered":"https:\/\/nordicmart.andreevmaster.com\/product\/songmics-roskakori-kylpyhuoneeseen-10-l-teraskansi\/"},"modified":"2026-02-27T09:48:02","modified_gmt":"2026-02-27T09:48:02","slug":"songmics-roskakori-kylpyhuoneeseen-10-l-teraskansi","status":"publish","type":"product","link":"https:\/\/nordicmart.andreevmaster.com\/fi\/tuote\/songmics-roskakori-kylpyhuoneeseen-10-l-teraskansi\/","title":{"rendered":"SONGMICS roskakori kylpyhuoneeseen 10 l, ter\u00e4skansi"},"content":{"rendered":"<p>SONGMICS kosmetiikkakori, 10 litraa, kylpyhuoneen roskakori, kannella, poljettava roskakori, pieni roskakori, kapea pieniin tiloihin, ter\u00e4s, pehme\u00e4 sulkeutuminen<br \/>\nV\u00e4ri: musta<br \/>\nMateriaali: Ulkopuoli ter\u00e4st\u00e4, sis\u00e4kori PP-muovia, jalusta ABS-muovia<br \/>\nKoko: 34,5 x 18,5 x 39 cm (P x L x K)<br \/>\nKokonaiskorkeus (kansi auki): 61 cm<br \/>\nSis\u00e4astian koko: 24,5 x 16,6 x 34,5 cm (P x L x K)<br \/>\nTilavuus: 10 litraa<br \/>\nPaino: 1,8 kg<br \/>\nToimitus sis\u00e4lt\u00e4\u00e4<br \/>\n1 x kosmetiikkakori<\/p>\n","protected":false},"excerpt":{"rendered":"<p>SONGMICS kosmetiikkakori, 10 litraa, kylpyhuoneen roskakori, kannella, poljettava roskakori, pieni roskakori, kapea pieniin tiloihin, ter\u00e4s, pehme\u00e4 sulkeutuminen<\/p>\n","protected":false},"featured_media":43866,"comment_status":"open","ping_status":"closed","template":"","meta":[],"product_brand":[],"product_cat":[32],"product_tag":[],"class_list":{"0":"post-35280","1":"product","2":"type-product","3":"status-publish","4":"has-post-thumbnail","6":"product_cat-uncategorized-fi","8":"first","9":"instock","10":"shipping-taxable","11":"purchasable","12":"product-type-simple"},"_links":{"self":[{"href":"https:\/\/nordicmart.andreevmaster.com\/fi\/wp-json\/wp\/v2\/product\/35280","targetHints":{"allow":["GET"]}}],"collection":[{"href":"https:\/\/nordicmart.andreevmaster.com\/fi\/wp-json\/wp\/v2\/product"}],"about":[{"href":"https:\/\/nordicmart.andreevmaster.com\/fi\/wp-json\/wp\/v2\/types\/product"}],"replies":[{"embeddable":true,"href":"https:\/\/nordicmart.andreevmaster.com\/fi\/wp-json\/wp\/v2\/comments?post=35280"}],"wp:featuredmedia":[{"embeddable":true,"href":"https:\/\/nordicmart.andreevmaster.com\/fi\/wp-json\/wp\/v2\/media\/43866"}],"wp:attachment":[{"href":"https:\/\/nordicmart.andreevmaster.com\/fi\/wp-json\/wp\/v2\/media?parent=35280"}],"wp:term":[{"taxonomy":"product_brand","embeddable":true,"href":"https:\/\/nordicmart.andreevmaster.com\/fi\/wp-json\/wp\/v2\/product_brand?post=35280"},{"taxonomy":"product_cat","embeddable":true,"href":"https:\/\/nordicmart.andreevmaster.com\/fi\/wp-json\/wp\/v2\/product_cat?post=35280"},{"taxonomy":"product_tag","embeddable":true,"href":"https:\/\/nordicmart.andreevmaster.com\/fi\/wp-json\/wp\/v2\/product_tag?post=35280"}],"curies":[{"name":"wp","href":"https:\/\/api.w.org\/{rel}","templated":true}]}}