{"id":35277,"date":"2026-02-27T00:29:17","date_gmt":"2026-02-27T00:29:17","guid":{"rendered":"https:\/\/nordicmart.andreevmaster.com\/product\/songmics-roskakori-ruostumattomasta-teraksesta-30-l-hopea\/"},"modified":"2026-02-27T09:48:01","modified_gmt":"2026-02-27T09:48:01","slug":"songmics-roskakori-ruostumattomasta-teraksesta-30-l-hopea","status":"publish","type":"product","link":"https:\/\/nordicmart.andreevmaster.com\/fi\/tuote\/songmics-roskakori-ruostumattomasta-teraksesta-30-l-hopea\/","title":{"rendered":"SONGMICS roskakori ruostumattomasta ter\u00e4ksest\u00e4 30 l hopea"},"content":{"rendered":"<p>K\u00e4yt\u00e4nn\u00f6llinen: Roskakorin kannen avaaminen on vaikeaa, jos k\u00e4det eiv\u00e4t ole vapaana. Astu vain roskakorin poljinta, jotta voit heitt\u00e4\u00e4 roskat pois. Voit my\u00f6s avata kannen kokonaan k\u00e4sin ja pit\u00e4\u00e4 sen auki. Tyylik\u00e4s: T\u00e4m\u00e4 30 litran roskakori ei vain ker\u00e4\u00e4 p\u00e4ivitt\u00e4iset roskasi, vaan my\u00f6s kaunistaa kotisi. Ruostumaton ter\u00e4s, sormenj\u00e4lki\u00e4 hylkiv\u00e4 hopeanv\u00e4rinen pinta, k\u00e4tev\u00e4 kahva takana ja musta sis\u00e4kori \u2013 t\u00e4m\u00e4 roskakori hurmaa tyylikk\u00e4\u00e4ll\u00e4 ja elegantilla ulkon\u00e4\u00f6ll\u00e4\u00e4n, joka tuo tyylikkyytt\u00e4 kotiisi.Tuotetiedot: V\u00e4ri: hopea Materiaali: ruostumaton ter\u00e4s Koko: 29,4 x 37,4 x 63 cm (P x L x K) Kokonaiskorkeus (kansi auki): 93 cm Paino: 3,6 kg Toimitus sis\u00e4lt\u00e4\u00e4: 1 x roskakori SONGMICS-ohjeet:Puhdista tuote pyyhkim\u00e4ll\u00e4 se pehme\u00e4ll\u00e4, kostealla liinalla ja k\u00e4yt\u00e4 tarvittaessa mietoa puhdistusainetta. \u00c4l\u00e4 sulje roskakorin kantta kokonaan k\u00e4sin, koska se voi sulkeutua automaattisesti. Aseta tuote tasaiselle alustalle.<\/p>\n","protected":false},"excerpt":{"rendered":"<p>SONGMICS roskakori, roskakori ruostumattomasta ter\u00e4ksest\u00e4, 30 litraa, muovinen sis\u00e4kori, polkimella ja kannella, sormenj\u00e4lki\u00e4 hylkiv\u00e4, keitti\u00f6\u00f6n, olohuoneeseen, toimistoon, hopeanv\u00e4rinen LTB006E01<\/p>\n","protected":false},"featured_media":43863,"comment_status":"open","ping_status":"closed","template":"","meta":[],"product_brand":[],"product_cat":[32],"product_tag":[],"class_list":{"0":"post-35277","1":"product","2":"type-product","3":"status-publish","4":"has-post-thumbnail","6":"product_cat-uncategorized-fi","8":"first","9":"instock","10":"shipping-taxable","11":"purchasable","12":"product-type-simple"},"_links":{"self":[{"href":"https:\/\/nordicmart.andreevmaster.com\/fi\/wp-json\/wp\/v2\/product\/35277","targetHints":{"allow":["GET"]}}],"collection":[{"href":"https:\/\/nordicmart.andreevmaster.com\/fi\/wp-json\/wp\/v2\/product"}],"about":[{"href":"https:\/\/nordicmart.andreevmaster.com\/fi\/wp-json\/wp\/v2\/types\/product"}],"replies":[{"embeddable":true,"href":"https:\/\/nordicmart.andreevmaster.com\/fi\/wp-json\/wp\/v2\/comments?post=35277"}],"wp:featuredmedia":[{"embeddable":true,"href":"https:\/\/nordicmart.andreevmaster.com\/fi\/wp-json\/wp\/v2\/media\/43863"}],"wp:attachment":[{"href":"https:\/\/nordicmart.andreevmaster.com\/fi\/wp-json\/wp\/v2\/media?parent=35277"}],"wp:term":[{"taxonomy":"product_brand","embeddable":true,"href":"https:\/\/nordicmart.andreevmaster.com\/fi\/wp-json\/wp\/v2\/product_brand?post=35277"},{"taxonomy":"product_cat","embeddable":true,"href":"https:\/\/nordicmart.andreevmaster.com\/fi\/wp-json\/wp\/v2\/product_cat?post=35277"},{"taxonomy":"product_tag","embeddable":true,"href":"https:\/\/nordicmart.andreevmaster.com\/fi\/wp-json\/wp\/v2\/product_tag?post=35277"}],"curies":[{"name":"wp","href":"https:\/\/api.w.org\/{rel}","templated":true}]}}