{"id":35274,"date":"2026-02-27T00:29:16","date_gmt":"2026-02-27T00:29:16","guid":{"rendered":"https:\/\/nordicmart.andreevmaster.com\/product\/songmics-poljinkori-sisakorilla-kermanvalkoinen\/"},"modified":"2026-02-27T09:48:00","modified_gmt":"2026-02-27T09:48:00","slug":"songmics-poljinkori-sisakorilla-kermanvalkoinen","status":"publish","type":"product","link":"https:\/\/nordicmart.andreevmaster.com\/fi\/tuote\/songmics-poljinkori-sisakorilla-kermanvalkoinen\/","title":{"rendered":"SONGMICS poljinkori sis\u00e4korilla, kermanvalkoinen"},"content":{"rendered":"<p>30 litran roskakori polkimella, pehme\u00e4 sulkeutuminen Puhdas ja siisti koti lis\u00e4\u00e4 mukavuutta arjessa. Monik\u00e4ytt\u00f6inen Keitti\u00f6 Makuuhuone Kylpyhuone Lastenhuone Kierr\u00e4tt\u00e4minen voi olla helppoa: sinun tarvitsee vain painaa poljinta ja heitt\u00e4\u00e4 roskat sis\u00e4astiaan. Sinun ei tarvitse edes koskettaa roskakoria k\u00e4sin, mik\u00e4 takaa hygienian. Lis\u00e4ksi sinun ei tarvitse huolehtia siit\u00e4, ett\u00e4 koirasi kaataa roskakorin ja koko keitti\u00f6n roskat p\u00e4\u00e4tyv\u00e4t lattialle. Kansi avautuu vain, kun painat poljinta. \u00c4lyk\u00e4s ratkaisu roskien h\u00e4vitt\u00e4miseen: t\u00e4m\u00e4 30 litran roskakori on kest\u00e4v\u00e4 ja kompakti, ja se vakuuttaa harkitulla muotoilullaan. Sis\u00e4astia on helppo poistaa ja puhdistaa sivussa olevien kahvojen avulla; sis\u00e4astian takana oleva aukko est\u00e4\u00e4 roskapussin liukumisen. Tuotetiedot: V\u00e4ri: kermanvalkoinen Materiaali: ter\u00e4s, sis\u00e4astia muovia Koko: 34 x 25 x 61,5 cm (P x L x K) Sis\u00e4astian koko: 32 x 22,5 x 52 cm (P x L x K) Kokonaiskorkeus (kansi auki): 82 cm Paino: 4,5 kg Tilavuus: 30 litraa Toimitus sis\u00e4lt\u00e4\u00e4: 1 x roskakori SONGMICS Huomautukset: Aseta tuote tasaiselle alustalle.\u00c4l\u00e4 sulje roskakorin kantta kokonaan k\u00e4sin, koska se voi sulkeutua automaattisesti. Puhdista tuote pehme\u00e4ll\u00e4, kostealla liinalla ja k\u00e4yt\u00e4 tarvittaessa mietoa puhdistusainetta.<\/p>\n","protected":false},"excerpt":{"rendered":"<p>SONGMICS roskakori ruostumattomasta ter\u00e4ksest\u00e4, 30 l poljettava roskakori kannella, 34,5 x 27,5 x 61,5 cm, hopea, LTB01L<\/p>\n","protected":false},"featured_media":43860,"comment_status":"open","ping_status":"closed","template":"","meta":[],"product_brand":[],"product_cat":[32],"product_tag":[],"class_list":{"0":"post-35274","1":"product","2":"type-product","3":"status-publish","4":"has-post-thumbnail","6":"product_cat-uncategorized-fi","8":"first","9":"instock","10":"shipping-taxable","11":"purchasable","12":"product-type-simple"},"_links":{"self":[{"href":"https:\/\/nordicmart.andreevmaster.com\/fi\/wp-json\/wp\/v2\/product\/35274","targetHints":{"allow":["GET"]}}],"collection":[{"href":"https:\/\/nordicmart.andreevmaster.com\/fi\/wp-json\/wp\/v2\/product"}],"about":[{"href":"https:\/\/nordicmart.andreevmaster.com\/fi\/wp-json\/wp\/v2\/types\/product"}],"replies":[{"embeddable":true,"href":"https:\/\/nordicmart.andreevmaster.com\/fi\/wp-json\/wp\/v2\/comments?post=35274"}],"wp:featuredmedia":[{"embeddable":true,"href":"https:\/\/nordicmart.andreevmaster.com\/fi\/wp-json\/wp\/v2\/media\/43860"}],"wp:attachment":[{"href":"https:\/\/nordicmart.andreevmaster.com\/fi\/wp-json\/wp\/v2\/media?parent=35274"}],"wp:term":[{"taxonomy":"product_brand","embeddable":true,"href":"https:\/\/nordicmart.andreevmaster.com\/fi\/wp-json\/wp\/v2\/product_brand?post=35274"},{"taxonomy":"product_cat","embeddable":true,"href":"https:\/\/nordicmart.andreevmaster.com\/fi\/wp-json\/wp\/v2\/product_cat?post=35274"},{"taxonomy":"product_tag","embeddable":true,"href":"https:\/\/nordicmart.andreevmaster.com\/fi\/wp-json\/wp\/v2\/product_tag?post=35274"}],"curies":[{"name":"wp","href":"https:\/\/api.w.org\/{rel}","templated":true}]}}