{"id":35273,"date":"2026-02-27T00:29:16","date_gmt":"2026-02-27T00:29:16","guid":{"rendered":"https:\/\/nordicmart.andreevmaster.com\/product\/songmics-5-tasoinen-hyllykko\/"},"modified":"2026-02-27T09:48:00","modified_gmt":"2026-02-27T09:48:00","slug":"songmics-5-tasoinen-hyllykko","status":"publish","type":"product","link":"https:\/\/nordicmart.andreevmaster.com\/fi\/tuote\/songmics-5-tasoinen-hyllykko\/","title":{"rendered":"SONGMICS 5-tasoinen hyllykk\u00f6"},"content":{"rendered":"<p>Turvallisuus on etusijalla: huonekalujen suunnittelussa vakaus ja turvallisuus ovat avain menestykseen. T\u00e4m\u00e4 hylly ei ole poikkeus: se on tukeva rautaputkien ja ritil\u00e4hyllyjen ansiosta ja varmistettu kaatumisenestohihnoilla, mik\u00e4 tekee t\u00e4st\u00e4 s\u00e4ilytyshyllyst\u00e4 turvallisen valinnan jokaiseen kotiin. Todella siisti\u00e4: kokoonpano ei aiheuta p\u00e4\u00e4nvaivaa! Toimitamme sinulle numeroidut osat ja yksityiskohtaiset ohjeet, jotka helpottavat hyllyn kokoamista. Kirjoille, kasveille ja s\u00e4ilytyslaatikoille: T\u00e4m\u00e4n hyllyn avulla voit luoda parvekkeellesi salaisen puutarhan, jossa voit nauttia luonnon kauneudesta ja rentoutua arjen stressist\u00e4. Tai aseta se olohuoneeseesi tai varastotilaan s\u00e4ilytt\u00e4m\u00e4\u00e4n kirjoja, koriste-esineit\u00e4, s\u00e4ilytyslaatikoita tai muita esineit\u00e4. T\u00e4lle hyllylle l\u00f6ytyy varmasti lukuisia k\u00e4ytt\u00f6tarkoituksia. Tuotetiedot: V\u00e4ri: musta Materiaali: rauta, muovi Hyllyjen v\u00e4linen et\u00e4isyys: 35 cm Koko: 55 x 35 x 158 cm (P x L x K) Paino: 3,5 kg Hyllyjen maks. staattinen kantavuus: 8 kg Maks. staattinen kokonaiskantavuus: 40 kg Toimitus sis\u00e4lt\u00e4\u00e4: 1 x hyllykk\u00f6 1 x ohjeet (DE, EN, FR, ES, IT) SONGMICS-huomautukset: Lapset eiv\u00e4t saa kiivet\u00e4 tuotteen p\u00e4\u00e4lle.<\/p>\n","protected":false},"excerpt":{"rendered":"<p>SONGMICS hyllyj\u00e4rjestelm\u00e4 5 hyllyll\u00e4, metallinen s\u00e4ilytyshylly, kulmahylly, kasvien hylly, kunkin hyllyn kantavuus 8 kg, keitti\u00f6, toimisto, autotalli, 55 x 35 x 158 cm, musta LST05BK<\/p>\n","protected":false},"featured_media":43859,"comment_status":"open","ping_status":"closed","template":"","meta":[],"product_brand":[],"product_cat":[32],"product_tag":[],"class_list":{"0":"post-35273","1":"product","2":"type-product","3":"status-publish","4":"has-post-thumbnail","6":"product_cat-uncategorized-fi","8":"first","9":"instock","10":"shipping-taxable","11":"purchasable","12":"product-type-simple"},"_links":{"self":[{"href":"https:\/\/nordicmart.andreevmaster.com\/fi\/wp-json\/wp\/v2\/product\/35273","targetHints":{"allow":["GET"]}}],"collection":[{"href":"https:\/\/nordicmart.andreevmaster.com\/fi\/wp-json\/wp\/v2\/product"}],"about":[{"href":"https:\/\/nordicmart.andreevmaster.com\/fi\/wp-json\/wp\/v2\/types\/product"}],"replies":[{"embeddable":true,"href":"https:\/\/nordicmart.andreevmaster.com\/fi\/wp-json\/wp\/v2\/comments?post=35273"}],"wp:featuredmedia":[{"embeddable":true,"href":"https:\/\/nordicmart.andreevmaster.com\/fi\/wp-json\/wp\/v2\/media\/43859"}],"wp:attachment":[{"href":"https:\/\/nordicmart.andreevmaster.com\/fi\/wp-json\/wp\/v2\/media?parent=35273"}],"wp:term":[{"taxonomy":"product_brand","embeddable":true,"href":"https:\/\/nordicmart.andreevmaster.com\/fi\/wp-json\/wp\/v2\/product_brand?post=35273"},{"taxonomy":"product_cat","embeddable":true,"href":"https:\/\/nordicmart.andreevmaster.com\/fi\/wp-json\/wp\/v2\/product_cat?post=35273"},{"taxonomy":"product_tag","embeddable":true,"href":"https:\/\/nordicmart.andreevmaster.com\/fi\/wp-json\/wp\/v2\/product_tag?post=35273"}],"curies":[{"name":"wp","href":"https:\/\/api.w.org\/{rel}","templated":true}]}}