{"id":35272,"date":"2026-02-27T00:29:16","date_gmt":"2026-02-27T00:29:16","guid":{"rendered":"https:\/\/nordicmart.andreevmaster.com\/product\/vasagle-joustava-teollisuussuunnittelun-hylly\/"},"modified":"2026-02-27T09:48:00","modified_gmt":"2026-02-27T09:48:00","slug":"vasagle-joustava-teollisuussuunnittelun-hylly","status":"publish","type":"product","link":"https:\/\/nordicmart.andreevmaster.com\/fi\/tuote\/vasagle-joustava-teollisuussuunnittelun-hylly\/","title":{"rendered":"VASAGLE Joustava teollisuussuunnittelun hylly"},"content":{"rendered":"<p>Uuden VASAGLE-br\u00e4ndimme trendikk\u00e4\u00e4n vintage-tyylisen monitoimihyllyn avulla voit luoda juuri sen, mit\u00e4 suunnittelijat ovat ajatelleet: v\u00e4limerellisen tunnelman omassa kodissasi. Anna muratin kasvaa K\u00e4yt\u00e4 monitoimihylly\u00e4 esimerkiksi kasvitelineen\u00e4 ja esittele huonekasvisi nelj\u00e4ll\u00e4 tasolla. Saat upean vaikutelman, kun asetat kiipeilev\u00e4n kasvin, kuten muratin, ylimm\u00e4lle hyllylle l\u00e4hes metrin korkeuteen. Mutta my\u00f6s muut suosikkihuonekasvit, kuten alppikukat tai kaktukset, sopivat erinomaisesti 30 tai 28 cm:n v\u00e4lein kiinnitettyihin ritil\u00e4levyihin.Kirjat, koristeet, keitti\u00f6tarvikkeet Hylly\u00e4 voidaan sen yksinkertaisen tyylikkyyden ansiosta k\u00e4ytt\u00e4\u00e4 moniin muihin tarkoituksiin ja erilaisissa huoneissa, esimerkiksi kirjahyllyn\u00e4 olohuoneessa tai k\u00e4tev\u00e4n\u00e4 ruokien s\u00e4ilytyspaikkana keitti\u00f6ss\u00e4. Lis\u00e4ksi huonekalu sopii erinomaisesti samaa tyyli\u00e4 olevaan televisiop\u00f6yt\u00e4\u00e4mme. Tuotetiedot: -V\u00e4ri: vintage, musta (matta) -Materiaali: lastulevy (15 mm), rauta Kokonaismitat: 40 x 99,5 x 40 cm (L x K x S) Paino: 8 kg Hyllytasojen kantavuus: 10 kg per taso Hyllylevyjen v\u00e4linen et\u00e4isyys: 30 cm (ylin taso), 28 cm Toimitus sis\u00e4lt\u00e4\u00e4:- 1 x monitoimihylly &#8211; 1 x lis\u00e4varustepussi &#8211; 1 x ohjeet (DE, EN, FR, ES, IT) VASAGLE-ohjeet: &#8211; Aseta tuote kuivaan paikkaan. &#8211; \u00c4l\u00e4 aseta raskaita esineit\u00e4 huonekalun p\u00e4\u00e4lle. &#8211; K\u00e4yt\u00e4 kaatumissuojaa.<\/p>\n","protected":false},"excerpt":{"rendered":"<p>VASAGLE Teollisen muotoilun hyllykk\u00f6, kirjahylly, keitti\u00f6hylly 4 hyllyll\u00e4, tukeva hylly metallirungolla, helppo asentaa, makuuhuone, keitti\u00f6, olohuone, parveke, vintage LSS04BX<\/p>\n","protected":false},"featured_media":43858,"comment_status":"open","ping_status":"closed","template":"","meta":[],"product_brand":[],"product_cat":[32],"product_tag":[],"class_list":{"0":"post-35272","1":"product","2":"type-product","3":"status-publish","4":"has-post-thumbnail","6":"product_cat-uncategorized-fi","8":"first","9":"instock","10":"shipping-taxable","11":"purchasable","12":"product-type-simple"},"_links":{"self":[{"href":"https:\/\/nordicmart.andreevmaster.com\/fi\/wp-json\/wp\/v2\/product\/35272","targetHints":{"allow":["GET"]}}],"collection":[{"href":"https:\/\/nordicmart.andreevmaster.com\/fi\/wp-json\/wp\/v2\/product"}],"about":[{"href":"https:\/\/nordicmart.andreevmaster.com\/fi\/wp-json\/wp\/v2\/types\/product"}],"replies":[{"embeddable":true,"href":"https:\/\/nordicmart.andreevmaster.com\/fi\/wp-json\/wp\/v2\/comments?post=35272"}],"wp:featuredmedia":[{"embeddable":true,"href":"https:\/\/nordicmart.andreevmaster.com\/fi\/wp-json\/wp\/v2\/media\/43858"}],"wp:attachment":[{"href":"https:\/\/nordicmart.andreevmaster.com\/fi\/wp-json\/wp\/v2\/media?parent=35272"}],"wp:term":[{"taxonomy":"product_brand","embeddable":true,"href":"https:\/\/nordicmart.andreevmaster.com\/fi\/wp-json\/wp\/v2\/product_brand?post=35272"},{"taxonomy":"product_cat","embeddable":true,"href":"https:\/\/nordicmart.andreevmaster.com\/fi\/wp-json\/wp\/v2\/product_cat?post=35272"},{"taxonomy":"product_tag","embeddable":true,"href":"https:\/\/nordicmart.andreevmaster.com\/fi\/wp-json\/wp\/v2\/product_tag?post=35272"}],"curies":[{"name":"wp","href":"https:\/\/api.w.org\/{rel}","templated":true}]}}