{"id":35271,"date":"2026-02-27T00:29:16","date_gmt":"2026-02-27T00:29:16","guid":{"rendered":"https:\/\/nordicmart.andreevmaster.com\/product\/songmics-8-tasoinen-kenkahylly-kenkateline-kenkakaappi\/"},"modified":"2026-02-27T09:48:00","modified_gmt":"2026-02-27T09:48:00","slug":"songmics-8-tasoinen-kenkahylly-kenkateline-kenkakaappi","status":"publish","type":"product","link":"https:\/\/nordicmart.andreevmaster.com\/fi\/tuote\/songmics-8-tasoinen-kenkahylly-kenkateline-kenkakaappi\/","title":{"rendered":"SONGMICS 8-tasoinen kenk\u00e4hylly, kenk\u00e4teline, kenk\u00e4kaappi"},"content":{"rendered":"<p>S\u00e4ilytysasiantuntijasi. \u00c4rsytt\u00e4\u00e4k\u00f6 sinua, ett\u00e4 kenk\u00e4kokoelmasi on aina sekaisin? \u00c4l\u00e4 huoli! T\u00e4m\u00e4 SONGMICS:n 8-tasoinen kenk\u00e4hylly on juuri mit\u00e4 tarvitset. Vahvistetut metalliputket ja korkealaatuiset muoviliittimet takaavat korkean vakauden ja hyv\u00e4n kantavuuden, joten t\u00e4m\u00e4 hylly kest\u00e4\u00e4 ongelmitta 16\u201320 paria kenki\u00e4. Lis\u00e4ksi kuitukankaiset hyllyt ovat kulutusta kest\u00e4vi\u00e4 ja helppoja puhdistaa. Kevyen painonsa ansiosta voit kuljettaa t\u00e4t\u00e4 hylly\u00e4 mihin tahansa. Kun hallitset kaaoksen, hallitset my\u00f6s el\u00e4m\u00e4\u00e4si! Hanki t\u00e4m\u00e4 tilaa s\u00e4\u00e4st\u00e4v\u00e4 8-hyllyinen seisomahylly ja pid\u00e4 kenk\u00e4kaos kurissa. Tuotetiedot: &#8211; V\u00e4ri: musta &#8211; Materiaali: metalliputket, kuitukangas, muoviset liitoskappaleet &#8211; Koko: 46 x 28 x 145 cm (P x L x K) &#8211; Paino: 2 kg &#8211; Maks. staattinen kantavuus tasoa kohti: 3 kg &#8211; Maks. staattinen kantavuus yhteens\u00e4: 24 kg Toimitus sis\u00e4lt\u00e4\u00e4:- 1 x kenk\u00e4hylly 8 hyllyll\u00e4 &#8211; 1 x kaatumissuoja &#8211; 1 x ohjeet (DE, EN, FR, ES, IT) SONGMICS-ohjeet: &#8211; Turvallisuussyist\u00e4 lapset eiv\u00e4t saa kiivet\u00e4 tuotteelle tai leikki\u00e4 sill\u00e4. &#8211; Kiinnit\u00e4 t\u00e4m\u00e4 tuote sein\u00e4\u00e4n mukana toimitetulla kaatumissuojalla turvallisen k\u00e4yt\u00f6n varmistamiseksi.<\/p>\n","protected":false},"excerpt":{"rendered":"<p>SONGMICS kenk\u00e4hylly, 8 hylly\u00e4, seisomahylly, monik\u00e4ytt\u00f6inen, kenkien s\u00e4ilytys, metallirunko, kuitukangas, 16\u201320 parille kenki\u00e4, eteinen, makuuhuone, keitti\u00f6, 46 x 28 x 145 cm, musta LSR24BK<\/p>\n","protected":false},"featured_media":43857,"comment_status":"open","ping_status":"closed","template":"","meta":[],"product_brand":[],"product_cat":[32],"product_tag":[],"class_list":{"0":"post-35271","1":"product","2":"type-product","3":"status-publish","4":"has-post-thumbnail","6":"product_cat-uncategorized-fi","8":"first","9":"instock","10":"shipping-taxable","11":"purchasable","12":"product-type-simple"},"_links":{"self":[{"href":"https:\/\/nordicmart.andreevmaster.com\/fi\/wp-json\/wp\/v2\/product\/35271","targetHints":{"allow":["GET"]}}],"collection":[{"href":"https:\/\/nordicmart.andreevmaster.com\/fi\/wp-json\/wp\/v2\/product"}],"about":[{"href":"https:\/\/nordicmart.andreevmaster.com\/fi\/wp-json\/wp\/v2\/types\/product"}],"replies":[{"embeddable":true,"href":"https:\/\/nordicmart.andreevmaster.com\/fi\/wp-json\/wp\/v2\/comments?post=35271"}],"wp:featuredmedia":[{"embeddable":true,"href":"https:\/\/nordicmart.andreevmaster.com\/fi\/wp-json\/wp\/v2\/media\/43857"}],"wp:attachment":[{"href":"https:\/\/nordicmart.andreevmaster.com\/fi\/wp-json\/wp\/v2\/media?parent=35271"}],"wp:term":[{"taxonomy":"product_brand","embeddable":true,"href":"https:\/\/nordicmart.andreevmaster.com\/fi\/wp-json\/wp\/v2\/product_brand?post=35271"},{"taxonomy":"product_cat","embeddable":true,"href":"https:\/\/nordicmart.andreevmaster.com\/fi\/wp-json\/wp\/v2\/product_cat?post=35271"},{"taxonomy":"product_tag","embeddable":true,"href":"https:\/\/nordicmart.andreevmaster.com\/fi\/wp-json\/wp\/v2\/product_tag?post=35271"}],"curies":[{"name":"wp","href":"https:\/\/api.w.org\/{rel}","templated":true}]}}