{"id":35266,"date":"2026-02-27T00:29:14","date_gmt":"2026-02-27T00:29:14","guid":{"rendered":"https:\/\/nordicmart.andreevmaster.com\/product\/songmics-kenkahylly-10-tasoa-33-x-33-x-173-cm-hyllyilla-joissa-on-kuitukangas\/"},"modified":"2026-02-27T09:47:59","modified_gmt":"2026-02-27T09:47:59","slug":"songmics-kenkahylly-10-tasoa-33-x-33-x-173-cm-hyllyilla-joissa-on-kuitukangas","status":"publish","type":"product","link":"https:\/\/nordicmart.andreevmaster.com\/fi\/tuote\/songmics-kenkahylly-10-tasoa-33-x-33-x-173-cm-hyllyilla-joissa-on-kuitukangas\/","title":{"rendered":"SONGMICS kenk\u00e4hylly 10 tasoa 33 x 33 x 173 cm, hyllyill\u00e4, joissa on kuitukangas"},"content":{"rendered":"<p>SONGMICS kenk\u00e4hylly, kenk\u00e4teline, 10 tasoa, avoin kenk\u00e4kaappi, kenkien s\u00e4ilytys, kapea, 33 x 33 x 173 cm, metallirunko, hyllyt kuitukankaasta, eteiseen, makuuhuoneeseen, musta LSR110B02<br \/>\nV\u00e4ri: harmaa<br \/>\nMateriaali: hyllyt kuitukankaasta, metalliputket, muoviset liitoskappaleet<br \/>\nKoko: 33 x 33 x 173 cm (S x L x K)<br \/>\nHyllyjen v\u00e4linen et\u00e4isyys: 17 cm<br \/>\nPaino: 1,5 kg<br \/>\nHyllyjen maks. staattinen kantavuus: 5 kg<\/p>\n","protected":false},"excerpt":{"rendered":"<p>SONGMICS kenk\u00e4hylly, kenk\u00e4teline, 10 tasoa, avoin kenk\u00e4kaappi, kenkien s\u00e4ilytys, kapea, 33 x 33 x 173 cm, metallirunko, hyllyt kuitukankaasta, eteiseen, makuuhuoneeseen, musta LSR110B02<\/p>\n","protected":false},"featured_media":43852,"comment_status":"open","ping_status":"closed","template":"","meta":[],"product_brand":[],"product_cat":[32],"product_tag":[],"class_list":{"0":"post-35266","1":"product","2":"type-product","3":"status-publish","4":"has-post-thumbnail","6":"product_cat-uncategorized-fi","8":"first","9":"instock","10":"shipping-taxable","11":"purchasable","12":"product-type-simple"},"_links":{"self":[{"href":"https:\/\/nordicmart.andreevmaster.com\/fi\/wp-json\/wp\/v2\/product\/35266","targetHints":{"allow":["GET"]}}],"collection":[{"href":"https:\/\/nordicmart.andreevmaster.com\/fi\/wp-json\/wp\/v2\/product"}],"about":[{"href":"https:\/\/nordicmart.andreevmaster.com\/fi\/wp-json\/wp\/v2\/types\/product"}],"replies":[{"embeddable":true,"href":"https:\/\/nordicmart.andreevmaster.com\/fi\/wp-json\/wp\/v2\/comments?post=35266"}],"wp:featuredmedia":[{"embeddable":true,"href":"https:\/\/nordicmart.andreevmaster.com\/fi\/wp-json\/wp\/v2\/media\/43852"}],"wp:attachment":[{"href":"https:\/\/nordicmart.andreevmaster.com\/fi\/wp-json\/wp\/v2\/media?parent=35266"}],"wp:term":[{"taxonomy":"product_brand","embeddable":true,"href":"https:\/\/nordicmart.andreevmaster.com\/fi\/wp-json\/wp\/v2\/product_brand?post=35266"},{"taxonomy":"product_cat","embeddable":true,"href":"https:\/\/nordicmart.andreevmaster.com\/fi\/wp-json\/wp\/v2\/product_cat?post=35266"},{"taxonomy":"product_tag","embeddable":true,"href":"https:\/\/nordicmart.andreevmaster.com\/fi\/wp-json\/wp\/v2\/product_tag?post=35266"}],"curies":[{"name":"wp","href":"https:\/\/api.w.org\/{rel}","templated":true}]}}