{"id":35264,"date":"2026-02-27T00:29:14","date_gmt":"2026-02-27T00:29:14","guid":{"rendered":"https:\/\/nordicmart.andreevmaster.com\/product\/songmics-kenkahylly-10-kangashyllya-musta\/"},"modified":"2026-02-27T09:47:58","modified_gmt":"2026-02-27T09:47:58","slug":"songmics-kenkahylly-10-kangashyllya-musta","status":"publish","type":"product","link":"https:\/\/nordicmart.andreevmaster.com\/fi\/tuote\/songmics-kenkahylly-10-kangashyllya-musta\/","title":{"rendered":"SONGMICS kenk\u00e4hylly 10 kangashylly\u00e4 musta"},"content":{"rendered":"<p>K\u00e4yt\u00e4nn\u00f6llisen tyylik\u00e4s kenk\u00e4hylly on kevyt mutta silti vakaa. Songmicsin hylly sopii minimalistisen kauneutensa ansiosta mihin tahansa sisustukseen! 10 tasolla se sopii hyvin kellariin, lastenhuoneeseen, eteiseen tai jopa ullakolle, ja siihen mahtuu 60 paria kenki\u00e4, jotka voidaan s\u00e4ilytt\u00e4\u00e4 siististi. Hylly on helppo koota ja purkaa. On huolehdittava siit\u00e4, ett\u00e4 v\u00e4litasojen p\u00e4\u00e4llystetty puoli on yl\u00f6sp\u00e4in. Hyllytasot voidaan puhdistaa helposti kostealla liinalla. Tuotetiedot: &#8211; V\u00e4ri: musta &#8211; Mitat: 100 x 175 x 29 cm (L x K x S) &#8211; Jokaisen tason korkeus: 17 cm &#8211; Materiaali: kuitukangas (100 g\/m\u00b2), rautaputki (\u03a616 mm) &#8211; Pakkauksen mitat: 98 x 15 x 12 cm &#8211; Paino: 4,8 kg Toimitus sis\u00e4lt\u00e4\u00e4: &#8211; 1 x kenk\u00e4hylly<\/p>\n","protected":false},"excerpt":{"rendered":"<p>SONGMICS kenk\u00e4hylly, 10 tasoa, kenkien s\u00e4ilytys, j\u00e4rjestelij\u00e4, jopa 50 parille kenki\u00e4, olohuoneeseen, pukeutumishuoneeseen ja eteiseen, kuitukangas, 100 x 29 x 175 cm, musta LSR10H<\/p>\n","protected":false},"featured_media":43850,"comment_status":"open","ping_status":"closed","template":"","meta":[],"product_brand":[],"product_cat":[32],"product_tag":[],"class_list":{"0":"post-35264","1":"product","2":"type-product","3":"status-publish","4":"has-post-thumbnail","6":"product_cat-uncategorized-fi","8":"first","9":"instock","10":"shipping-taxable","11":"purchasable","12":"product-type-simple"},"_links":{"self":[{"href":"https:\/\/nordicmart.andreevmaster.com\/fi\/wp-json\/wp\/v2\/product\/35264","targetHints":{"allow":["GET"]}}],"collection":[{"href":"https:\/\/nordicmart.andreevmaster.com\/fi\/wp-json\/wp\/v2\/product"}],"about":[{"href":"https:\/\/nordicmart.andreevmaster.com\/fi\/wp-json\/wp\/v2\/types\/product"}],"replies":[{"embeddable":true,"href":"https:\/\/nordicmart.andreevmaster.com\/fi\/wp-json\/wp\/v2\/comments?post=35264"}],"wp:featuredmedia":[{"embeddable":true,"href":"https:\/\/nordicmart.andreevmaster.com\/fi\/wp-json\/wp\/v2\/media\/43850"}],"wp:attachment":[{"href":"https:\/\/nordicmart.andreevmaster.com\/fi\/wp-json\/wp\/v2\/media?parent=35264"}],"wp:term":[{"taxonomy":"product_brand","embeddable":true,"href":"https:\/\/nordicmart.andreevmaster.com\/fi\/wp-json\/wp\/v2\/product_brand?post=35264"},{"taxonomy":"product_cat","embeddable":true,"href":"https:\/\/nordicmart.andreevmaster.com\/fi\/wp-json\/wp\/v2\/product_cat?post=35264"},{"taxonomy":"product_tag","embeddable":true,"href":"https:\/\/nordicmart.andreevmaster.com\/fi\/wp-json\/wp\/v2\/product_tag?post=35264"}],"curies":[{"name":"wp","href":"https:\/\/api.w.org\/{rel}","templated":true}]}}