{"id":35263,"date":"2026-02-27T00:29:14","date_gmt":"2026-02-27T00:29:14","guid":{"rendered":"https:\/\/nordicmart.andreevmaster.com\/product\/songmics-kenkateline-10-kangashyllya-harmaa\/"},"modified":"2026-02-27T09:47:58","modified_gmt":"2026-02-27T09:47:58","slug":"songmics-kenkateline-10-kangashyllya-harmaa","status":"publish","type":"product","link":"https:\/\/nordicmart.andreevmaster.com\/fi\/tuote\/songmics-kenkateline-10-kangashyllya-harmaa\/","title":{"rendered":"SONGMICS kenk\u00e4teline 10 kangashylly\u00e4, harmaa"},"content":{"rendered":"<p>Hanki t\u00e4m\u00e4 kenk\u00e4teline kotiisi ja siisti asuntosi. SONGMICS ei koskaan pet\u00e4 sinua! Pelasta kotisi kenk\u00e4kaoselta. Ovatko korkokeng\u00e4t, kumppanisi saappaat ja lastesi keng\u00e4t hajallaan lattialla, joten sinulla on vaikeuksia l\u00f6yt\u00e4\u00e4 sopivaa paria, kun l\u00e4hdet aamulla kotoa? T\u00e4st\u00e4 p\u00e4iv\u00e4st\u00e4 l\u00e4htien etsiminen on ohi! T\u00e4m\u00e4 kenk\u00e4teline auttaa sinua s\u00e4ilytt\u00e4m\u00e4\u00e4n kaikki kenk\u00e4si siististi. Vihdoin keng\u00e4t, jotka ovat olleet pitk\u00e4\u00e4n piilossa kenk\u00e4kasojen alla, saavat taas mahdollisuuden tulla k\u00e4ytetyiksi! Mit\u00e4 sinun pit\u00e4isi tehd\u00e4, jos kangashylly likaantuu? \u00c4l\u00e4 huoli! Kuitukangas on helppohoitoinen ja vett\u00e4 hylkiv\u00e4, joten sen puhdistamiseen riitt\u00e4\u00e4 kostealla liinalla pyyhkiminen. Haluatko s\u00e4ilytt\u00e4\u00e4 saappaasi? Ei h\u00e4t\u00e4\u00e4! T\u00e4m\u00e4 kenk\u00e4hylly on helppo koota ja s\u00e4\u00e4t\u00e4\u00e4. Voit j\u00e4tt\u00e4\u00e4 yhden tai kaksi hylly\u00e4 pois asennuksessa, jotta saat tilaa uusille saappaille! Tuotetiedot: &#8211; V\u00e4ri: harmaa &#8211; Materiaali: kuitukangas, metalliputket, muoviliittimet &#8211; Mitat: 100 x 29 x 175 cm (P x L x K) &#8211; Korkeus hyllyjen v\u00e4lill\u00e4: 17 cm &#8211; Paino: 4,1 kg &#8211; Maks. kuormituskyky hylly\u00e4 kohti: 4 kg &#8211; Koko hyllyn maks. kuormituskyky: 40 kg Toimitus sis\u00e4lt\u00e4\u00e4: &#8211; 1 x kenk\u00e4hylly &#8211; 1 x ohjeet (DE, EN, FR, ES, IT) SONGMICS-huomautukset: &#8211; \u00c4l\u00e4 k\u00e4yt\u00e4 tuotetta ulkona.<\/p>\n","protected":false},"excerpt":{"rendered":"<p>SONGMICS kenk\u00e4hylly, 10 tasoa, kenkien s\u00e4ilytys, j\u00e4rjestelij\u00e4, jopa 50 parille kenki\u00e4, olohuoneeseen, pukeutumishuoneeseen ja eteiseen, kuitukangas, 100 x 29 x 175 cm, musta LSR10H<\/p>\n","protected":false},"featured_media":43849,"comment_status":"open","ping_status":"closed","template":"","meta":[],"product_brand":[],"product_cat":[32],"product_tag":[],"class_list":{"0":"post-35263","1":"product","2":"type-product","3":"status-publish","4":"has-post-thumbnail","6":"product_cat-uncategorized-fi","8":"first","9":"instock","10":"shipping-taxable","11":"purchasable","12":"product-type-simple"},"_links":{"self":[{"href":"https:\/\/nordicmart.andreevmaster.com\/fi\/wp-json\/wp\/v2\/product\/35263","targetHints":{"allow":["GET"]}}],"collection":[{"href":"https:\/\/nordicmart.andreevmaster.com\/fi\/wp-json\/wp\/v2\/product"}],"about":[{"href":"https:\/\/nordicmart.andreevmaster.com\/fi\/wp-json\/wp\/v2\/types\/product"}],"replies":[{"embeddable":true,"href":"https:\/\/nordicmart.andreevmaster.com\/fi\/wp-json\/wp\/v2\/comments?post=35263"}],"wp:featuredmedia":[{"embeddable":true,"href":"https:\/\/nordicmart.andreevmaster.com\/fi\/wp-json\/wp\/v2\/media\/43849"}],"wp:attachment":[{"href":"https:\/\/nordicmart.andreevmaster.com\/fi\/wp-json\/wp\/v2\/media?parent=35263"}],"wp:term":[{"taxonomy":"product_brand","embeddable":true,"href":"https:\/\/nordicmart.andreevmaster.com\/fi\/wp-json\/wp\/v2\/product_brand?post=35263"},{"taxonomy":"product_cat","embeddable":true,"href":"https:\/\/nordicmart.andreevmaster.com\/fi\/wp-json\/wp\/v2\/product_cat?post=35263"},{"taxonomy":"product_tag","embeddable":true,"href":"https:\/\/nordicmart.andreevmaster.com\/fi\/wp-json\/wp\/v2\/product_tag?post=35263"}],"curies":[{"name":"wp","href":"https:\/\/api.w.org\/{rel}","templated":true}]}}