{"id":35261,"date":"2026-02-27T00:29:13","date_gmt":"2026-02-27T00:29:13","guid":{"rendered":"https:\/\/nordicmart.andreevmaster.com\/product\/songmics-kenkahylly-5-kangashyllya-harmaa\/"},"modified":"2026-02-27T09:47:58","modified_gmt":"2026-02-27T09:47:58","slug":"songmics-kenkahylly-5-kangashyllya-harmaa","status":"publish","type":"product","link":"https:\/\/nordicmart.andreevmaster.com\/fi\/tuote\/songmics-kenkahylly-5-kangashyllya-harmaa\/","title":{"rendered":"SONGMICS kenk\u00e4hylly 5 kangashylly\u00e4 Harmaa"},"content":{"rendered":"<p>K\u00e4yt\u00e4nn\u00f6llisen tyylik\u00e4s kenk\u00e4hylly on kevyt mutta silti tukeva. Songmicsin hylly sopii minimalistisen kauneutensa ansiosta mihin tahansa sisustukseen!    Viisitasoisella hyllyll\u00e4 on tilaa 20 parille kenki\u00e4, jotka voidaan s\u00e4ilytt\u00e4\u00e4 siististi kellarissa, lastenhuoneessa, eteisess\u00e4 tai jopa ullakolla. Hylly on helppo koota ja purkaa. On huolehdittava siit\u00e4, ett\u00e4 v\u00e4litasojen p\u00e4\u00e4llystetty puoli on yl\u00f6sp\u00e4in. Hyllytasot voidaan puhdistaa helposti kostealla liinalla.  Tuotetiedot: V\u00e4ri: harmaa Mitat: 88 x 91 x 28 cm (L x K x S) Kunkin tason korkeus: 17 cm Materiaali: Fleece-kangas (75 g\/m\u00b2), ter\u00e4sputki (\u03a612 mm) Pakkauksen mitat: 85 x 14 x 8 cm Paino: 1,3 kg Toimitus sis\u00e4lt\u00e4\u00e4: 1 x kenk\u00e4hylly   <\/p>\n","protected":false},"excerpt":{"rendered":"<p>SONGMICS 5-tasoinen kenk\u00e4hylly kenk\u00e4teline kenk\u00e4kaappi 25 parille kenki\u00e4 harmaa 88 x 91 x 28 cm LSR05H<\/p>\n","protected":false},"featured_media":43847,"comment_status":"open","ping_status":"closed","template":"","meta":[],"product_brand":[],"product_cat":[32],"product_tag":[],"class_list":{"0":"post-35261","1":"product","2":"type-product","3":"status-publish","4":"has-post-thumbnail","6":"product_cat-uncategorized-fi","8":"first","9":"instock","10":"shipping-taxable","11":"purchasable","12":"product-type-simple"},"_links":{"self":[{"href":"https:\/\/nordicmart.andreevmaster.com\/fi\/wp-json\/wp\/v2\/product\/35261","targetHints":{"allow":["GET"]}}],"collection":[{"href":"https:\/\/nordicmart.andreevmaster.com\/fi\/wp-json\/wp\/v2\/product"}],"about":[{"href":"https:\/\/nordicmart.andreevmaster.com\/fi\/wp-json\/wp\/v2\/types\/product"}],"replies":[{"embeddable":true,"href":"https:\/\/nordicmart.andreevmaster.com\/fi\/wp-json\/wp\/v2\/comments?post=35261"}],"wp:featuredmedia":[{"embeddable":true,"href":"https:\/\/nordicmart.andreevmaster.com\/fi\/wp-json\/wp\/v2\/media\/43847"}],"wp:attachment":[{"href":"https:\/\/nordicmart.andreevmaster.com\/fi\/wp-json\/wp\/v2\/media?parent=35261"}],"wp:term":[{"taxonomy":"product_brand","embeddable":true,"href":"https:\/\/nordicmart.andreevmaster.com\/fi\/wp-json\/wp\/v2\/product_brand?post=35261"},{"taxonomy":"product_cat","embeddable":true,"href":"https:\/\/nordicmart.andreevmaster.com\/fi\/wp-json\/wp\/v2\/product_cat?post=35261"},{"taxonomy":"product_tag","embeddable":true,"href":"https:\/\/nordicmart.andreevmaster.com\/fi\/wp-json\/wp\/v2\/product_tag?post=35261"}],"curies":[{"name":"wp","href":"https:\/\/api.w.org\/{rel}","templated":true}]}}