{"id":35258,"date":"2026-02-27T00:29:12","date_gmt":"2026-02-27T00:29:12","guid":{"rendered":"https:\/\/nordicmart.andreevmaster.com\/product\/songmics-kenkahylly-4-hyllya-musta\/"},"modified":"2026-02-27T09:47:57","modified_gmt":"2026-02-27T09:47:57","slug":"songmics-kenkahylly-4-hyllya-musta","status":"publish","type":"product","link":"https:\/\/nordicmart.andreevmaster.com\/fi\/tuote\/songmics-kenkahylly-4-hyllya-musta\/","title":{"rendered":"SONGMICS kenk\u00e4hylly, 4 hylly\u00e4, musta"},"content":{"rendered":"<p>S\u00e4ilytysasiantuntijasi \u00c4rsytt\u00e4\u00e4k\u00f6 sinua, ett\u00e4 kenk\u00e4kokoelmasi on aina sekaisin? \u00c4l\u00e4 huoli! T\u00e4m\u00e4 SONGMICS-kenk\u00e4hylly 4 hyllyll\u00e4 on juuri mit\u00e4 tarvitset. Vahvistetut metalliputket ja korkealaatuiset muoviliittimet takaavat korkean vakauden ja hyv\u00e4n kantavuuden, joten t\u00e4m\u00e4 hylly kest\u00e4\u00e4 kenk\u00e4si ongelmitta. Lis\u00e4ksi kuitukankaiset hyllyt ovat kulutusta kest\u00e4vi\u00e4 ja helppoja puhdistaa. Kevyen painonsa ansiosta hylly\u00e4 on my\u00f6s helppo kuljettaa. Kun hallitset kaaoksen, hallitset my\u00f6s el\u00e4m\u00e4\u00e4si! Hanki t\u00e4m\u00e4 tilaa s\u00e4\u00e4st\u00e4v\u00e4 4-tasoinen hylly ja pid\u00e4 kenk\u00e4kaos kurissa. Tuotetiedot: &#8211; V\u00e4ri: musta &#8211; Materiaali: metalliputki, kuitukangas, muoviliitoskappale &#8211; Koko: 45 x 28 x 80 cm (P x L x K) &#8211; Paino: 0,7 kg &#8211; Maks. staattinen kantavuus per taso: 3 kg &#8211; Maks. staattinen kantavuus yhteens\u00e4: 12 kg Toimitus sis\u00e4lt\u00e4\u00e4: &#8211; 1 x kenk\u00e4hylly, jossa on 4 hylly\u00e4 &#8211; 1 x kaatumissuoja &#8211; 1 x ohjeet (DE, EN, FR, ES, IT) SONGMICS-ohjeet:- \u00c4l\u00e4 k\u00e4yt\u00e4 tuotetta ulkona. &#8211; Turvallisuussyist\u00e4 lapset eiv\u00e4t saa kiivet\u00e4 tuotteelle tai leikki\u00e4 sill\u00e4. &#8211; Kiinnit\u00e4 t\u00e4m\u00e4 tuote sein\u00e4\u00e4n mukana toimitetulla kaatumissuojalla turvallisen k\u00e4yt\u00f6n varmistamiseksi.<\/p>\n","protected":false},"excerpt":{"rendered":"<p>SONGMICS kenk\u00e4teline 4 hyllyll\u00e4, kenk\u00e4teline, kenkien s\u00e4ilytys, metallirunko, hyllyt kuitukankaasta, eteiseen, makuuhuoneeseen, olohuoneeseen, 45 x 28 x 80 cm, musta LSR004B02<\/p>\n","protected":false},"featured_media":43844,"comment_status":"open","ping_status":"closed","template":"","meta":[],"product_brand":[],"product_cat":[32],"product_tag":[],"class_list":{"0":"post-35258","1":"product","2":"type-product","3":"status-publish","4":"has-post-thumbnail","6":"product_cat-uncategorized-fi","8":"first","9":"instock","10":"shipping-taxable","11":"purchasable","12":"product-type-simple"},"_links":{"self":[{"href":"https:\/\/nordicmart.andreevmaster.com\/fi\/wp-json\/wp\/v2\/product\/35258","targetHints":{"allow":["GET"]}}],"collection":[{"href":"https:\/\/nordicmart.andreevmaster.com\/fi\/wp-json\/wp\/v2\/product"}],"about":[{"href":"https:\/\/nordicmart.andreevmaster.com\/fi\/wp-json\/wp\/v2\/types\/product"}],"replies":[{"embeddable":true,"href":"https:\/\/nordicmart.andreevmaster.com\/fi\/wp-json\/wp\/v2\/comments?post=35258"}],"wp:featuredmedia":[{"embeddable":true,"href":"https:\/\/nordicmart.andreevmaster.com\/fi\/wp-json\/wp\/v2\/media\/43844"}],"wp:attachment":[{"href":"https:\/\/nordicmart.andreevmaster.com\/fi\/wp-json\/wp\/v2\/media?parent=35258"}],"wp:term":[{"taxonomy":"product_brand","embeddable":true,"href":"https:\/\/nordicmart.andreevmaster.com\/fi\/wp-json\/wp\/v2\/product_brand?post=35258"},{"taxonomy":"product_cat","embeddable":true,"href":"https:\/\/nordicmart.andreevmaster.com\/fi\/wp-json\/wp\/v2\/product_cat?post=35258"},{"taxonomy":"product_tag","embeddable":true,"href":"https:\/\/nordicmart.andreevmaster.com\/fi\/wp-json\/wp\/v2\/product_tag?post=35258"}],"curies":[{"name":"wp","href":"https:\/\/api.w.org\/{rel}","templated":true}]}}