{"id":35254,"date":"2026-02-27T00:29:11","date_gmt":"2026-02-27T00:29:11","guid":{"rendered":"https:\/\/nordicmart.andreevmaster.com\/product\/songmics-kenkakaappi-2-kpl-12-kenkalaatikkoa-integroitu-kenkaorganisaattori\/"},"modified":"2026-02-27T09:47:56","modified_gmt":"2026-02-27T09:47:56","slug":"songmics-kenkakaappi-2-kpl-12-kenkalaatikkoa-integroitu-kenkaorganisaattori","status":"publish","type":"product","link":"https:\/\/nordicmart.andreevmaster.com\/fi\/tuote\/songmics-kenkakaappi-2-kpl-12-kenkalaatikkoa-integroitu-kenkaorganisaattori\/","title":{"rendered":"SONGMICS kenk\u00e4kaappi, 2 kpl, 12 kenk\u00e4laatikkoa, integroitu kenk\u00e4organisaattori"},"content":{"rendered":"<p>SONGMICS kenk\u00e4kaappi, 6 kenk\u00e4laatikkoa, integroitu kenk\u00e4organisaattori, taitettava, kannettava, kengille kokoon 46 asti, 1 minuutin asennus, l\u00e4pin\u00e4kyv\u00e4-mustamusta LSP205B01<br \/>\nTekniset tiedot<br \/>\n&#8211; Kenk\u00e4kaapin koko: 35,5 x 25,5 x 105 cm (P x L x K)<br \/>\n&#8211; Sis\u00e4mitat per laatikko: 34,5 x 25,5 x 17 cm (P x L x K)<br \/>\n&#8211; 2 kenk\u00e4kaapin paino: 6 kg<br \/>\n&#8211; V\u00e4ri: l\u00e4pin\u00e4kyv\u00e4 musta<br \/>\n&#8211; Materiaali: runko PP-muovia (polypropeenia), ovi PS-muovia (polystyreeni\u00e4)<br \/>\n&#8211; Enimm\u00e4iskantavuus laatikkoa kohti: 2,5 kg<br \/>\n&#8211; Kenk\u00e4kaapin maks. staattinen kantavuus: 23 kg<\/p>\n","protected":false},"excerpt":{"rendered":"<p>SONGMICS kenk\u00e4kaappi, 6 kenk\u00e4laatikkoa, integroitu kenk\u00e4organisaattori, taitettava, kannettava, kengille kokoon 46 asti, 1 minuutin asennus, l\u00e4pin\u00e4kyv\u00e4-mustamusta LSP205B01<\/p>\n","protected":false},"featured_media":43840,"comment_status":"open","ping_status":"closed","template":"","meta":[],"product_brand":[],"product_cat":[32],"product_tag":[],"class_list":{"0":"post-35254","1":"product","2":"type-product","3":"status-publish","4":"has-post-thumbnail","6":"product_cat-uncategorized-fi","8":"first","9":"instock","10":"shipping-taxable","11":"purchasable","12":"product-type-simple"},"_links":{"self":[{"href":"https:\/\/nordicmart.andreevmaster.com\/fi\/wp-json\/wp\/v2\/product\/35254","targetHints":{"allow":["GET"]}}],"collection":[{"href":"https:\/\/nordicmart.andreevmaster.com\/fi\/wp-json\/wp\/v2\/product"}],"about":[{"href":"https:\/\/nordicmart.andreevmaster.com\/fi\/wp-json\/wp\/v2\/types\/product"}],"replies":[{"embeddable":true,"href":"https:\/\/nordicmart.andreevmaster.com\/fi\/wp-json\/wp\/v2\/comments?post=35254"}],"wp:featuredmedia":[{"embeddable":true,"href":"https:\/\/nordicmart.andreevmaster.com\/fi\/wp-json\/wp\/v2\/media\/43840"}],"wp:attachment":[{"href":"https:\/\/nordicmart.andreevmaster.com\/fi\/wp-json\/wp\/v2\/media?parent=35254"}],"wp:term":[{"taxonomy":"product_brand","embeddable":true,"href":"https:\/\/nordicmart.andreevmaster.com\/fi\/wp-json\/wp\/v2\/product_brand?post=35254"},{"taxonomy":"product_cat","embeddable":true,"href":"https:\/\/nordicmart.andreevmaster.com\/fi\/wp-json\/wp\/v2\/product_cat?post=35254"},{"taxonomy":"product_tag","embeddable":true,"href":"https:\/\/nordicmart.andreevmaster.com\/fi\/wp-json\/wp\/v2\/product_tag?post=35254"}],"curies":[{"name":"wp","href":"https:\/\/api.w.org\/{rel}","templated":true}]}}