{"id":35249,"date":"2026-02-27T00:29:10","date_gmt":"2026-02-27T00:29:10","guid":{"rendered":"https:\/\/nordicmart.andreevmaster.com\/product\/kenkalaatikot-18-kpl-muovinen-kenkien-jarjestajalaatikko-2\/"},"modified":"2026-02-27T09:47:55","modified_gmt":"2026-02-27T09:47:55","slug":"kenkalaatikot-18-kpl-muovinen-kenkien-jarjestajalaatikko-2","status":"publish","type":"product","link":"https:\/\/nordicmart.andreevmaster.com\/fi\/tuote\/kenkalaatikot-18-kpl-muovinen-kenkien-jarjestajalaatikko-2\/","title":{"rendered":"Kenk\u00e4laatikot, 18 kpl, muovinen kenkien j\u00e4rjest\u00e4j\u00e4laatikko"},"content":{"rendered":"<p>Lopeta sotkuiset kenk\u00e4pinotHeit\u00e4tk\u00f6 keng\u00e4t aina vaatekaappiin, jolloin kenk\u00e4pino on jonkin ajan kuluttua sotkuinen? T\u00e4st\u00e4 pahasta tavasta kannattaa p\u00e4\u00e4st\u00e4 eroon! Hanki n\u00e4m\u00e4 18 kenk\u00e4laatikkoa ja s\u00e4ilyt\u00e4 kaikki kenk\u00e4si siististi ja j\u00e4rjestyksess\u00e4, kunnes sinulla on seuraava tilaisuus k\u00e4ytt\u00e4\u00e4 niit\u00e4. J\u00e4rjest\u00e4 keng\u00e4t tehokkaastiKaikki keng\u00e4t kokoon 42 asti mahtuvat n\u00e4ihin laatikoihin, ja niit\u00e4 voidaan s\u00e4ilytt\u00e4\u00e4 p\u00f6lytt\u00f6m\u00e4sti. Tarvitsetko valkoiset sandaalisi? L\u00f6yd\u00e4t ne yhdell\u00e4 silm\u00e4yksell\u00e4, avaat asianomaisen laatikon luukun ja otat yksinkertaisesti keng\u00e4t esiin &#8211; t\u00e4ydellinen ratkaisu, jos sinulla on aamulla kiire! Viel\u00e4 parempi, ett\u00e4 useita n\u00e4it\u00e4 laatikoita voidaan pinota p\u00e4\u00e4llekk\u00e4in tilan s\u00e4\u00e4st\u00e4miseksi, joten ne sopivat erinomaisesti eteiseen, vaatekaappiin tai s\u00e4ilytyshyllyyn. Tuotetiedot:- V\u00e4ri: l\u00e4pin\u00e4kyv\u00e4 runko, musta- Materiaali: runko PP:t\u00e4 (polypropeenia), ovi PS:\u00e4\u00e4 (polystyreeni\u00e4)- Koko laatikkoa kohden: 33,3 x 23 x 14 cm (L x W x H)- Sis\u00e4koko laatikkoa kohden: Toimituksen sis\u00e4lt\u00f6:- 18 x kenk\u00e4laatikko- 1 x k\u00e4ytt\u00f6ohje (DE, EN, FR, ES, IT)SONGMICS Huomautuksia:- Seuraa ohjeiden ja videon kokoonpanovaiheita tuotteen kokoamiseksi. \u00c4l\u00e4 my\u00f6sk\u00e4\u00e4n pura sit\u00e4 v\u00e4kisin.- Mittaa kenk\u00e4si ennen ostamista ja tarkista, sopivatko ne n\u00e4ihin kenk\u00e4laatikoihin.<\/p>\n","protected":false},"excerpt":{"rendered":"<p>Lopeta sotkuiset kenk\u00e4pinotHeit\u00e4tk\u00f6 keng\u00e4t aina vaatekaappiin, jolloin kenk\u00e4pino on jonkin ajan kuluttua sotkuinen? T\u00e4st\u00e4 pahasta tavasta kannattaa p\u00e4\u00e4st\u00e4 eroon! Hanki n\u00e4m\u00e4 18 kenk\u00e4laatikkoa ja s\u00e4ilyt\u00e4 kaikki kenk\u00e4si siististi ja j\u00e4rjestyksess\u00e4, kunnes sinulla on seuraava tilaisuus k\u00e4ytt\u00e4\u00e4 niit\u00e4. J\u00e4rjest\u00e4 keng\u00e4t tehokkaastiKaikki keng\u00e4t kokoon 42 asti mahtuvat n\u00e4ihin laatikoihin, ja niit\u00e4 voidaan s\u00e4ilytt\u00e4\u00e4 p\u00f6lytt\u00f6m\u00e4sti. Tarvitsetko valkoiset sandaalisi? [&hellip;]<\/p>\n","protected":false},"featured_media":0,"comment_status":"open","ping_status":"closed","template":"","meta":[],"product_brand":[],"product_cat":[32],"product_tag":[],"class_list":{"0":"post-35249","1":"product","2":"type-product","3":"status-publish","5":"product_cat-uncategorized-fi","7":"first","8":"instock","9":"shipping-taxable","10":"product-type-simple"},"_links":{"self":[{"href":"https:\/\/nordicmart.andreevmaster.com\/fi\/wp-json\/wp\/v2\/product\/35249","targetHints":{"allow":["GET"]}}],"collection":[{"href":"https:\/\/nordicmart.andreevmaster.com\/fi\/wp-json\/wp\/v2\/product"}],"about":[{"href":"https:\/\/nordicmart.andreevmaster.com\/fi\/wp-json\/wp\/v2\/types\/product"}],"replies":[{"embeddable":true,"href":"https:\/\/nordicmart.andreevmaster.com\/fi\/wp-json\/wp\/v2\/comments?post=35249"}],"wp:attachment":[{"href":"https:\/\/nordicmart.andreevmaster.com\/fi\/wp-json\/wp\/v2\/media?parent=35249"}],"wp:term":[{"taxonomy":"product_brand","embeddable":true,"href":"https:\/\/nordicmart.andreevmaster.com\/fi\/wp-json\/wp\/v2\/product_brand?post=35249"},{"taxonomy":"product_cat","embeddable":true,"href":"https:\/\/nordicmart.andreevmaster.com\/fi\/wp-json\/wp\/v2\/product_cat?post=35249"},{"taxonomy":"product_tag","embeddable":true,"href":"https:\/\/nordicmart.andreevmaster.com\/fi\/wp-json\/wp\/v2\/product_tag?post=35249"}],"curies":[{"name":"wp","href":"https:\/\/api.w.org\/{rel}","templated":true}]}}