{"id":35244,"date":"2026-02-27T00:29:08","date_gmt":"2026-02-27T00:29:08","guid":{"rendered":"https:\/\/nordicmart.andreevmaster.com\/product\/songmics-kenkalaatikkosetti-12-kpl-muovinen-kenkaorganisaattori-kengille-kokoon-44-asti\/"},"modified":"2026-02-27T09:47:54","modified_gmt":"2026-02-27T09:47:54","slug":"songmics-kenkalaatikkosetti-12-kpl-muovinen-kenkaorganisaattori-kengille-kokoon-44-asti","status":"publish","type":"product","link":"https:\/\/nordicmart.andreevmaster.com\/fi\/tuote\/songmics-kenkalaatikkosetti-12-kpl-muovinen-kenkaorganisaattori-kengille-kokoon-44-asti\/","title":{"rendered":"SONGMICS kenk\u00e4laatikkosetti, 12 kpl, muovinen kenk\u00e4organisaattori, kengille kokoon 44 asti"},"content":{"rendered":"<p>SONGMICS 12 kpl kenk\u00e4laatikoita S\u00e4ilytyslaatikot kengille Kenkien s\u00e4ilytys S\u00e4ilytyslaatikko L\u00e4pin\u00e4kyv\u00e4 Kannella Muovi kengille kokoon 41 asti LSP12WT<br \/>\nTekniset tiedot:<br \/>\n&#8211; Koko per laatikko: 33,5 x 23,2 x 14,3 cm (P x L x K)<br \/>\n&#8211; Sis\u00e4koko per laatikko: 31,2 x 22,5 x 13,5 cm (P x L x K)<br \/>\n&#8211; Kokonaispaino: 3,5 kg<br \/>\n&#8211; V\u00e4ri: l\u00e4pin\u00e4kyv\u00e4 vihre\u00e4<br \/>\n&#8211; Materiaali: runko PP:t\u00e4 (polypropeenia), ovi PP:t\u00e4 (polypropeenia), kehys ABS-muovia<\/p>\n","protected":false},"excerpt":{"rendered":"<p>SONGMICS 12 kpl kenk\u00e4laatikoita S\u00e4ilytyslaatikot kengille Kenkien s\u00e4ilytys S\u00e4ilytyslaatikko L\u00e4pin\u00e4kyv\u00e4 Kannella Muovi kengille kokoon 41 asti LSP12WT<\/p>\n","protected":false},"featured_media":43831,"comment_status":"open","ping_status":"closed","template":"","meta":[],"product_brand":[],"product_cat":[32],"product_tag":[],"class_list":{"0":"post-35244","1":"product","2":"type-product","3":"status-publish","4":"has-post-thumbnail","6":"product_cat-uncategorized-fi","8":"first","9":"instock","10":"shipping-taxable","11":"purchasable","12":"product-type-simple"},"_links":{"self":[{"href":"https:\/\/nordicmart.andreevmaster.com\/fi\/wp-json\/wp\/v2\/product\/35244","targetHints":{"allow":["GET"]}}],"collection":[{"href":"https:\/\/nordicmart.andreevmaster.com\/fi\/wp-json\/wp\/v2\/product"}],"about":[{"href":"https:\/\/nordicmart.andreevmaster.com\/fi\/wp-json\/wp\/v2\/types\/product"}],"replies":[{"embeddable":true,"href":"https:\/\/nordicmart.andreevmaster.com\/fi\/wp-json\/wp\/v2\/comments?post=35244"}],"wp:featuredmedia":[{"embeddable":true,"href":"https:\/\/nordicmart.andreevmaster.com\/fi\/wp-json\/wp\/v2\/media\/43831"}],"wp:attachment":[{"href":"https:\/\/nordicmart.andreevmaster.com\/fi\/wp-json\/wp\/v2\/media?parent=35244"}],"wp:term":[{"taxonomy":"product_brand","embeddable":true,"href":"https:\/\/nordicmart.andreevmaster.com\/fi\/wp-json\/wp\/v2\/product_brand?post=35244"},{"taxonomy":"product_cat","embeddable":true,"href":"https:\/\/nordicmart.andreevmaster.com\/fi\/wp-json\/wp\/v2\/product_cat?post=35244"},{"taxonomy":"product_tag","embeddable":true,"href":"https:\/\/nordicmart.andreevmaster.com\/fi\/wp-json\/wp\/v2\/product_tag?post=35244"}],"curies":[{"name":"wp","href":"https:\/\/api.w.org\/{rel}","templated":true}]}}