{"id":35242,"date":"2026-02-27T00:29:08","date_gmt":"2026-02-27T00:29:08","guid":{"rendered":"https:\/\/nordicmart.andreevmaster.com\/product\/songmics-kenkalaatikot-12-kpln-sarja-muoviset-kenkaorganisaattorit\/"},"modified":"2026-02-27T09:47:54","modified_gmt":"2026-02-27T09:47:54","slug":"songmics-kenkalaatikot-12-kpln-sarja-muoviset-kenkaorganisaattorit","status":"publish","type":"product","link":"https:\/\/nordicmart.andreevmaster.com\/fi\/tuote\/songmics-kenkalaatikot-12-kpln-sarja-muoviset-kenkaorganisaattorit\/","title":{"rendered":"SONGMICS kenk\u00e4laatikot, 12 kpl:n sarja, muoviset kenk\u00e4organisaattorit"},"content":{"rendered":"<p>Lopeta sotku: Oletko sellainen henkil\u00f6, joka heitt\u00e4\u00e4 kenk\u00e4ns\u00e4 kaappiin ja j\u00e4tt\u00e4\u00e4 ne kasoiksi olohuoneeseen ja makuuhuoneeseen? Vanhat tavat eiv\u00e4t saisi olla esteen\u00e4. S\u00e4ilyt\u00e4 keng\u00e4t puhtaina ja kuivina n\u00e4iss\u00e4 12 kenk\u00e4laatikossa, kunnes tarvitset niit\u00e4 seuraavan kerran. Tehokas j\u00e4rjestely: Jokainen j\u00e4rjestelij\u00e4 mahtuu keng\u00e4t kokoon 46 asti ja suojaa niit\u00e4 p\u00f6lylt\u00e4. L\u00f6yd\u00e4t heti parin, jonka haluat pukea jalkaasi, avaat ulko-oven ja otat sen helposti mukaan aloittaaksesi p\u00e4iv\u00e4si. Parasta on, ett\u00e4 n\u00e4m\u00e4 laatikot ovat pinottavia ja mahtuvat eteiseen, vaatekaappiin tai hyllylle. Tuotetiedot: V\u00e4ri: l\u00e4pin\u00e4kyv\u00e4 valkoinen Materiaali: runko PP (polypropeeni), ovi PP (polypropeeni) Kunkin laatikon mitat: 35 x 25,0 x 18,5 cm (S x L x K) Kunkin laatikon sis\u00e4mitat: 31 x 24,5 x 17,5 cm (S x L x K) Paino: 5,2 kg Toimitus sis\u00e4lt\u00e4\u00e4: 12 x kenk\u00e4laatikko 1 x ohjeet SONGMICS-huomautukset: Noudata ohjeiden ja asennusvideon ohjeita tuotteen kokoamisessa. \u00c4l\u00e4 pura tuotetta v\u00e4kisin. Mittaa kenk\u00e4si ja tarkista sopivien laatikoiden koko ennen ostamista.<\/p>\n","protected":false},"excerpt":{"rendered":"<p>SONGMICS 12 kpl kenk\u00e4laatikoita S\u00e4ilytyslaatikot kengille Kenkien s\u00e4ilytys S\u00e4ilytyslaatikko L\u00e4pin\u00e4kyv\u00e4 Kannella Muovi kengille kokoon 41 asti LSP12WT<\/p>\n","protected":false},"featured_media":43830,"comment_status":"open","ping_status":"closed","template":"","meta":[],"product_brand":[],"product_cat":[32],"product_tag":[],"class_list":{"0":"post-35242","1":"product","2":"type-product","3":"status-publish","4":"has-post-thumbnail","6":"product_cat-uncategorized-fi","8":"first","9":"instock","10":"shipping-taxable","11":"purchasable","12":"product-type-simple"},"_links":{"self":[{"href":"https:\/\/nordicmart.andreevmaster.com\/fi\/wp-json\/wp\/v2\/product\/35242","targetHints":{"allow":["GET"]}}],"collection":[{"href":"https:\/\/nordicmart.andreevmaster.com\/fi\/wp-json\/wp\/v2\/product"}],"about":[{"href":"https:\/\/nordicmart.andreevmaster.com\/fi\/wp-json\/wp\/v2\/types\/product"}],"replies":[{"embeddable":true,"href":"https:\/\/nordicmart.andreevmaster.com\/fi\/wp-json\/wp\/v2\/comments?post=35242"}],"wp:featuredmedia":[{"embeddable":true,"href":"https:\/\/nordicmart.andreevmaster.com\/fi\/wp-json\/wp\/v2\/media\/43830"}],"wp:attachment":[{"href":"https:\/\/nordicmart.andreevmaster.com\/fi\/wp-json\/wp\/v2\/media?parent=35242"}],"wp:term":[{"taxonomy":"product_brand","embeddable":true,"href":"https:\/\/nordicmart.andreevmaster.com\/fi\/wp-json\/wp\/v2\/product_brand?post=35242"},{"taxonomy":"product_cat","embeddable":true,"href":"https:\/\/nordicmart.andreevmaster.com\/fi\/wp-json\/wp\/v2\/product_cat?post=35242"},{"taxonomy":"product_tag","embeddable":true,"href":"https:\/\/nordicmart.andreevmaster.com\/fi\/wp-json\/wp\/v2\/product_tag?post=35242"}],"curies":[{"name":"wp","href":"https:\/\/api.w.org\/{rel}","templated":true}]}}