{"id":35240,"date":"2026-02-27T00:29:07","date_gmt":"2026-02-27T00:29:07","guid":{"rendered":"https:\/\/nordicmart.andreevmaster.com\/product\/songmics-kenkalaatikot-18-kpln-sarja-sailytyslaatikko-kengille\/"},"modified":"2026-02-27T09:47:53","modified_gmt":"2026-02-27T09:47:53","slug":"songmics-kenkalaatikot-18-kpln-sarja-sailytyslaatikko-kengille","status":"publish","type":"product","link":"https:\/\/nordicmart.andreevmaster.com\/fi\/tuote\/songmics-kenkalaatikot-18-kpln-sarja-sailytyslaatikko-kengille\/","title":{"rendered":"SONGMICS kenk\u00e4laatikot, 18 kpl:n sarja, s\u00e4ilytyslaatikko kengille"},"content":{"rendered":"<p>Tuotetiedot: &#8211; V\u00e4ri: l\u00e4pin\u00e4kyv\u00e4 musta &#8211; Materiaali: PET-runko, ABS-kehys &#8211; Kenk\u00e4laatikon koko: 33,5 x 23 x 14 cm (S x L x K) &#8211; Kenk\u00e4laatikon sis\u00e4mitat: 30 x 22,6 x 13,5 cm (S x L x K) &#8211; Kokonaispaino: 6,9 kg Toimitus sis\u00e4lt\u00e4\u00e4: &#8211; 18 x kenk\u00e4laatikko &#8211; 1 x ohjeet SONGMICS Huomautukset: &#8211; Kokoa tuote tarkasti ohjeiden mukaisesti. &#8211; Mittaa kenk\u00e4si ennen ostamista ja tarkista, ett\u00e4 ne mahtuvat n\u00e4ihin kenk\u00e4laatikoihin.<\/p>\n","protected":false},"excerpt":{"rendered":"<p>SONGMICS kenk\u00e4laatikot, 18 kpl:n sarja, s\u00e4ilytyslaatikko kengille, kenkien j\u00e4rjestelij\u00e4, taitettava ja pinottava, kengille kokoon 44 asti, urheilukengille, korkokengille, tasaisille kengille, l\u00e4pin\u00e4kyv\u00e4-musta LSP106B18<\/p>\n","protected":false},"featured_media":43828,"comment_status":"open","ping_status":"closed","template":"","meta":[],"product_brand":[],"product_cat":[32],"product_tag":[],"class_list":{"0":"post-35240","1":"product","2":"type-product","3":"status-publish","4":"has-post-thumbnail","6":"product_cat-uncategorized-fi","8":"first","9":"instock","10":"shipping-taxable","11":"purchasable","12":"product-type-simple"},"_links":{"self":[{"href":"https:\/\/nordicmart.andreevmaster.com\/fi\/wp-json\/wp\/v2\/product\/35240","targetHints":{"allow":["GET"]}}],"collection":[{"href":"https:\/\/nordicmart.andreevmaster.com\/fi\/wp-json\/wp\/v2\/product"}],"about":[{"href":"https:\/\/nordicmart.andreevmaster.com\/fi\/wp-json\/wp\/v2\/types\/product"}],"replies":[{"embeddable":true,"href":"https:\/\/nordicmart.andreevmaster.com\/fi\/wp-json\/wp\/v2\/comments?post=35240"}],"wp:featuredmedia":[{"embeddable":true,"href":"https:\/\/nordicmart.andreevmaster.com\/fi\/wp-json\/wp\/v2\/media\/43828"}],"wp:attachment":[{"href":"https:\/\/nordicmart.andreevmaster.com\/fi\/wp-json\/wp\/v2\/media?parent=35240"}],"wp:term":[{"taxonomy":"product_brand","embeddable":true,"href":"https:\/\/nordicmart.andreevmaster.com\/fi\/wp-json\/wp\/v2\/product_brand?post=35240"},{"taxonomy":"product_cat","embeddable":true,"href":"https:\/\/nordicmart.andreevmaster.com\/fi\/wp-json\/wp\/v2\/product_cat?post=35240"},{"taxonomy":"product_tag","embeddable":true,"href":"https:\/\/nordicmart.andreevmaster.com\/fi\/wp-json\/wp\/v2\/product_tag?post=35240"}],"curies":[{"name":"wp","href":"https:\/\/api.w.org\/{rel}","templated":true}]}}