{"id":35233,"date":"2026-02-27T00:29:06","date_gmt":"2026-02-27T00:29:06","guid":{"rendered":"https:\/\/nordicmart.andreevmaster.com\/product\/songmics-kenkalaatikot-12-kpln-sarja-muovinen-kenkaorganisaattori\/"},"modified":"2026-02-27T09:47:52","modified_gmt":"2026-02-27T09:47:52","slug":"songmics-kenkalaatikot-12-kpln-sarja-muovinen-kenkaorganisaattori","status":"publish","type":"product","link":"https:\/\/nordicmart.andreevmaster.com\/fi\/tuote\/songmics-kenkalaatikot-12-kpln-sarja-muovinen-kenkaorganisaattori\/","title":{"rendered":"SONGMICS kenk\u00e4laatikot, 12 kpl:n sarja, muovinen kenk\u00e4organisaattori"},"content":{"rendered":"<p>Kenk\u00e4laatikot, 12 kpl:n sarja, muoviset kenk\u00e4organisaattorit, taitettavat ja pinottavat, kengille kokoon 44 asti, l\u00e4pin\u00e4kyv\u00e4-mustat<br \/>\n&#8211; V\u00e4ri: l\u00e4pin\u00e4kyv\u00e4 musta<br \/>\n&#8211; Materiaali: runko PP:t\u00e4 (polypropeenia), ovi PP:t\u00e4 (polypropeenia), kehys ABS-muovia<br \/>\n&#8211; Koko per laatikko: 33,5 x 23,2 x 14,3 cm (P x L x K)<br \/>\n&#8211; Sis\u00e4mitat per laatikko: 31,2 x 22,5 x 13,5 cm (P x L x K)<br \/>\n&#8211; Kokonaispaino: 3,5 kg<\/p>\n","protected":false},"excerpt":{"rendered":"<p>Kenk\u00e4laatikot, 12 kpl:n sarja, muoviset kenk\u00e4organisaattorit, taitettavat ja pinottavat, kengille kokoon 44 asti, l\u00e4pin\u00e4kyv\u00e4-mustat<\/p>\n","protected":false},"featured_media":43822,"comment_status":"open","ping_status":"closed","template":"","meta":[],"product_brand":[],"product_cat":[32],"product_tag":[],"class_list":{"0":"post-35233","1":"product","2":"type-product","3":"status-publish","4":"has-post-thumbnail","6":"product_cat-uncategorized-fi","8":"first","9":"instock","10":"shipping-taxable","11":"purchasable","12":"product-type-simple"},"_links":{"self":[{"href":"https:\/\/nordicmart.andreevmaster.com\/fi\/wp-json\/wp\/v2\/product\/35233","targetHints":{"allow":["GET"]}}],"collection":[{"href":"https:\/\/nordicmart.andreevmaster.com\/fi\/wp-json\/wp\/v2\/product"}],"about":[{"href":"https:\/\/nordicmart.andreevmaster.com\/fi\/wp-json\/wp\/v2\/types\/product"}],"replies":[{"embeddable":true,"href":"https:\/\/nordicmart.andreevmaster.com\/fi\/wp-json\/wp\/v2\/comments?post=35233"}],"wp:featuredmedia":[{"embeddable":true,"href":"https:\/\/nordicmart.andreevmaster.com\/fi\/wp-json\/wp\/v2\/media\/43822"}],"wp:attachment":[{"href":"https:\/\/nordicmart.andreevmaster.com\/fi\/wp-json\/wp\/v2\/media?parent=35233"}],"wp:term":[{"taxonomy":"product_brand","embeddable":true,"href":"https:\/\/nordicmart.andreevmaster.com\/fi\/wp-json\/wp\/v2\/product_brand?post=35233"},{"taxonomy":"product_cat","embeddable":true,"href":"https:\/\/nordicmart.andreevmaster.com\/fi\/wp-json\/wp\/v2\/product_cat?post=35233"},{"taxonomy":"product_tag","embeddable":true,"href":"https:\/\/nordicmart.andreevmaster.com\/fi\/wp-json\/wp\/v2\/product_tag?post=35233"}],"curies":[{"name":"wp","href":"https:\/\/api.w.org\/{rel}","templated":true}]}}