{"id":35231,"date":"2026-02-27T00:29:05","date_gmt":"2026-02-27T00:29:05","guid":{"rendered":"https:\/\/nordicmart.andreevmaster.com\/product\/songmics-pinottavat-muoviset-kenkalaatikot-ovella-ja-lapinakyvalla-ulkonaolla\/"},"modified":"2026-02-27T09:47:51","modified_gmt":"2026-02-27T09:47:51","slug":"songmics-pinottavat-muoviset-kenkalaatikot-ovella-ja-lapinakyvalla-ulkonaolla","status":"publish","type":"product","link":"https:\/\/nordicmart.andreevmaster.com\/fi\/tuote\/songmics-pinottavat-muoviset-kenkalaatikot-ovella-ja-lapinakyvalla-ulkonaolla\/","title":{"rendered":"SONGMICS Pinottavat muoviset kenk\u00e4laatikot ovella ja l\u00e4pin\u00e4kyv\u00e4ll\u00e4 ulkon\u00e4\u00f6ll\u00e4"},"content":{"rendered":"<p>SONGMICS kenk\u00e4laatikot, 6 kpl, kenk\u00e4organisaattori, l\u00e4pin\u00e4kyv\u00e4, muovia, ovella, pinottava, 33 x 28,5 x 19,2 cm, kengille kokoihin 46 asti, l\u00e4pin\u00e4kyv\u00e4 valkoinen LSP506W01<br \/>\nV\u00e4ri: l\u00e4pin\u00e4kyv\u00e4 valkoinen<br \/>\nMateriaali: muovi<br \/>\nUlkomitat per laatikko: 33 x 28,5 x 19,2 cm (P x L x K)<br \/>\nSis\u00e4mitat per laatikko: 32 x 27,5 x 18,5 cm (P x L x K)<br \/>\nPaino per laatikko: 0,6 kg<\/p>\n","protected":false},"excerpt":{"rendered":"<p>SONGMICS kenk\u00e4laatikot, 6 kpl, kenk\u00e4organisaattori, l\u00e4pin\u00e4kyv\u00e4, muovia, ovella, pinottava, 33 x 28,5 x 19,2 cm, kengille kokoihin 46 asti, l\u00e4pin\u00e4kyv\u00e4 valkoinen LSP506W01<\/p>\n","protected":false},"featured_media":43820,"comment_status":"open","ping_status":"closed","template":"","meta":[],"product_brand":[],"product_cat":[32],"product_tag":[],"class_list":{"0":"post-35231","1":"product","2":"type-product","3":"status-publish","4":"has-post-thumbnail","6":"product_cat-uncategorized-fi","8":"first","9":"instock","10":"shipping-taxable","11":"purchasable","12":"product-type-simple"},"_links":{"self":[{"href":"https:\/\/nordicmart.andreevmaster.com\/fi\/wp-json\/wp\/v2\/product\/35231","targetHints":{"allow":["GET"]}}],"collection":[{"href":"https:\/\/nordicmart.andreevmaster.com\/fi\/wp-json\/wp\/v2\/product"}],"about":[{"href":"https:\/\/nordicmart.andreevmaster.com\/fi\/wp-json\/wp\/v2\/types\/product"}],"replies":[{"embeddable":true,"href":"https:\/\/nordicmart.andreevmaster.com\/fi\/wp-json\/wp\/v2\/comments?post=35231"}],"wp:featuredmedia":[{"embeddable":true,"href":"https:\/\/nordicmart.andreevmaster.com\/fi\/wp-json\/wp\/v2\/media\/43820"}],"wp:attachment":[{"href":"https:\/\/nordicmart.andreevmaster.com\/fi\/wp-json\/wp\/v2\/media?parent=35231"}],"wp:term":[{"taxonomy":"product_brand","embeddable":true,"href":"https:\/\/nordicmart.andreevmaster.com\/fi\/wp-json\/wp\/v2\/product_brand?post=35231"},{"taxonomy":"product_cat","embeddable":true,"href":"https:\/\/nordicmart.andreevmaster.com\/fi\/wp-json\/wp\/v2\/product_cat?post=35231"},{"taxonomy":"product_tag","embeddable":true,"href":"https:\/\/nordicmart.andreevmaster.com\/fi\/wp-json\/wp\/v2\/product_tag?post=35231"}],"curies":[{"name":"wp","href":"https:\/\/api.w.org\/{rel}","templated":true}]}}