{"id":35227,"date":"2026-02-27T00:29:04","date_gmt":"2026-02-27T00:29:04","guid":{"rendered":"https:\/\/nordicmart.andreevmaster.com\/product\/songmics-kenkalaatikot-12-kpln-sarja-muovista-kengille-kokoon-43-asti\/"},"modified":"2026-02-27T09:47:51","modified_gmt":"2026-02-27T09:47:51","slug":"songmics-kenkalaatikot-12-kpln-sarja-muovista-kengille-kokoon-43-asti","status":"publish","type":"product","link":"https:\/\/nordicmart.andreevmaster.com\/fi\/tuote\/songmics-kenkalaatikot-12-kpln-sarja-muovista-kengille-kokoon-43-asti\/","title":{"rendered":"SONGMICS kenk\u00e4laatikot 12 kpl:n sarja muovista kengille kokoon 43 asti"},"content":{"rendered":"<p>SONGMICS kenk\u00e4laatikot, muoviset kenk\u00e4organisaattorit, ovella, l\u00e4pin\u00e4kyv\u00e4t, 12 kpl:n sarja, pinottavat, helppo asentaa, 33,2 x 23 x 14,5 cm, kengille kokoon 43 asti, l\u00e4pin\u00e4kyv\u00e4 pilvinen valkoinen LSP312W01<br \/>\nV\u00e4ri: l\u00e4pin\u00e4kyv\u00e4 musta<br \/>\nMateriaali: PP-muovi (polypropeeni)<br \/>\nKeng\u00e4nlaatikon koko: 33,2 x 23 x 14,5 cm (P x L x K)<br \/>\nKokonaispaino: 2,7 kg<\/p>\n","protected":false},"excerpt":{"rendered":"<p>SONGMICS kenk\u00e4laatikot, muoviset kenk\u00e4organisaattorit, ovella, l\u00e4pin\u00e4kyv\u00e4t, 12 kpl:n sarja, pinottavat, helppo asentaa, 33,2 x 23 x 14,5 cm, kengille kokoon 43 asti, l\u00e4pin\u00e4kyv\u00e4 pilvinen valkoinen LSP312W01<\/p>\n","protected":false},"featured_media":43816,"comment_status":"open","ping_status":"closed","template":"","meta":[],"product_brand":[],"product_cat":[32],"product_tag":[],"class_list":{"0":"post-35227","1":"product","2":"type-product","3":"status-publish","4":"has-post-thumbnail","6":"product_cat-uncategorized-fi","8":"first","9":"instock","10":"shipping-taxable","11":"purchasable","12":"product-type-simple"},"_links":{"self":[{"href":"https:\/\/nordicmart.andreevmaster.com\/fi\/wp-json\/wp\/v2\/product\/35227","targetHints":{"allow":["GET"]}}],"collection":[{"href":"https:\/\/nordicmart.andreevmaster.com\/fi\/wp-json\/wp\/v2\/product"}],"about":[{"href":"https:\/\/nordicmart.andreevmaster.com\/fi\/wp-json\/wp\/v2\/types\/product"}],"replies":[{"embeddable":true,"href":"https:\/\/nordicmart.andreevmaster.com\/fi\/wp-json\/wp\/v2\/comments?post=35227"}],"wp:featuredmedia":[{"embeddable":true,"href":"https:\/\/nordicmart.andreevmaster.com\/fi\/wp-json\/wp\/v2\/media\/43816"}],"wp:attachment":[{"href":"https:\/\/nordicmart.andreevmaster.com\/fi\/wp-json\/wp\/v2\/media?parent=35227"}],"wp:term":[{"taxonomy":"product_brand","embeddable":true,"href":"https:\/\/nordicmart.andreevmaster.com\/fi\/wp-json\/wp\/v2\/product_brand?post=35227"},{"taxonomy":"product_cat","embeddable":true,"href":"https:\/\/nordicmart.andreevmaster.com\/fi\/wp-json\/wp\/v2\/product_cat?post=35227"},{"taxonomy":"product_tag","embeddable":true,"href":"https:\/\/nordicmart.andreevmaster.com\/fi\/wp-json\/wp\/v2\/product_tag?post=35227"}],"curies":[{"name":"wp","href":"https:\/\/api.w.org\/{rel}","templated":true}]}}