{"id":35226,"date":"2026-02-27T00:29:04","date_gmt":"2026-02-27T00:29:04","guid":{"rendered":"https:\/\/nordicmart.andreevmaster.com\/product\/songmics-kenkalaatikot-20-kpl-koko-41-asti\/"},"modified":"2026-02-27T09:47:51","modified_gmt":"2026-02-27T09:47:51","slug":"songmics-kenkalaatikot-20-kpl-koko-41-asti","status":"publish","type":"product","link":"https:\/\/nordicmart.andreevmaster.com\/fi\/tuote\/songmics-kenkalaatikot-20-kpl-koko-41-asti\/","title":{"rendered":"SONGMICS kenk\u00e4laatikot 20 kpl, koko 41 asti"},"content":{"rendered":"<p>K\u00e4tev\u00e4 s\u00e4ilytysapuri, joka my\u00f6s s\u00e4\u00e4st\u00e4\u00e4 tilaa. Pinoa laatikot yksinkertaisesti p\u00e4\u00e4llekk\u00e4in, ei vaadi kokoonpanoa. Tuotetiedot: V\u00e4ri: l\u00e4pin\u00e4kyv\u00e4, valkoinen Materiaali: PP-muovi (polypropeeni) Kunkin laatikon koko: 35 x 20 x 12,5 cm (P x L x K) Kunkin laatikon sis\u00e4mitat: 29,5 x 16,5 x 12,5 cm (P x L x K) Paino: 4,8 kg Toimitus sis\u00e4lt\u00e4\u00e4: 20 x kenk\u00e4laatikko SONGMICS Huomautukset: Mittaa kenk\u00e4si ennen ostamista ja tarkista, ett\u00e4 ne mahtuvat n\u00e4ihin kenk\u00e4laatikoihin.<\/p>\n","protected":false},"excerpt":{"rendered":"<p>SONGMICS kenk\u00e4laatikot kannella, 20 kpl:n sarja, pinottavat kenk\u00e4laatikot, l\u00e4pin\u00e4kyv\u00e4t kenk\u00e4organisaattorit, monipuolinen kenkien s\u00e4ilytys, kengille kokoon 41 asti ja muille tarvikkeille, l\u00e4pin\u00e4kyv\u00e4 LSP20WT<\/p>\n","protected":false},"featured_media":43815,"comment_status":"open","ping_status":"closed","template":"","meta":[],"product_brand":[],"product_cat":[32],"product_tag":[],"class_list":{"0":"post-35226","1":"product","2":"type-product","3":"status-publish","4":"has-post-thumbnail","6":"product_cat-uncategorized-fi","8":"first","9":"instock","10":"shipping-taxable","11":"purchasable","12":"product-type-simple"},"_links":{"self":[{"href":"https:\/\/nordicmart.andreevmaster.com\/fi\/wp-json\/wp\/v2\/product\/35226","targetHints":{"allow":["GET"]}}],"collection":[{"href":"https:\/\/nordicmart.andreevmaster.com\/fi\/wp-json\/wp\/v2\/product"}],"about":[{"href":"https:\/\/nordicmart.andreevmaster.com\/fi\/wp-json\/wp\/v2\/types\/product"}],"replies":[{"embeddable":true,"href":"https:\/\/nordicmart.andreevmaster.com\/fi\/wp-json\/wp\/v2\/comments?post=35226"}],"wp:featuredmedia":[{"embeddable":true,"href":"https:\/\/nordicmart.andreevmaster.com\/fi\/wp-json\/wp\/v2\/media\/43815"}],"wp:attachment":[{"href":"https:\/\/nordicmart.andreevmaster.com\/fi\/wp-json\/wp\/v2\/media?parent=35226"}],"wp:term":[{"taxonomy":"product_brand","embeddable":true,"href":"https:\/\/nordicmart.andreevmaster.com\/fi\/wp-json\/wp\/v2\/product_brand?post=35226"},{"taxonomy":"product_cat","embeddable":true,"href":"https:\/\/nordicmart.andreevmaster.com\/fi\/wp-json\/wp\/v2\/product_cat?post=35226"},{"taxonomy":"product_tag","embeddable":true,"href":"https:\/\/nordicmart.andreevmaster.com\/fi\/wp-json\/wp\/v2\/product_tag?post=35226"}],"curies":[{"name":"wp","href":"https:\/\/api.w.org\/{rel}","templated":true}]}}