{"id":35220,"date":"2026-02-27T00:29:02","date_gmt":"2026-02-27T00:29:02","guid":{"rendered":"https:\/\/nordicmart.andreevmaster.com\/product\/songmics-kenkakaappi-6-kenkalaatikkoa-lapinakyva-mustamusta\/"},"modified":"2026-02-27T09:47:49","modified_gmt":"2026-02-27T09:47:49","slug":"songmics-kenkakaappi-6-kenkalaatikkoa-lapinakyva-mustamusta","status":"publish","type":"product","link":"https:\/\/nordicmart.andreevmaster.com\/fi\/tuote\/songmics-kenkakaappi-6-kenkalaatikkoa-lapinakyva-mustamusta\/","title":{"rendered":"SONGMICS kenk\u00e4kaappi, 6 kenk\u00e4laatikkoa, l\u00e4pin\u00e4kyv\u00e4-mustamusta"},"content":{"rendered":"<p>SONGMICS kenk\u00e4kaappi, 6 kenk\u00e4laatikkoa, integroitu kenk\u00e4organisaattori, taitettava, kannettava, kengille kokoon 46 asti, 1 minuutin asennus, l\u00e4pin\u00e4kyv\u00e4-mustanmusta LSP205B01<br \/>\nV\u00e4ri: l\u00e4pin\u00e4kyv\u00e4 musta<br \/>\nMateriaali: runko PP-muovia (polypropeeni), ovi PS-muovia (polystyreeni)<br \/>\nKoko: 35,5 x 25,5 x 105 cm (P x L x K)<br \/>\nSis\u00e4koko per laatikko: 34,5 x 25,5 x 17 cm (P x L x K)<br \/>\nPaino: 3 kg<br \/>\nEnimm\u00e4isstaattinen kuormitus per laatikko: 2,5 kg<br \/>\nMaks. staattinen kokonaiskuormitus: 23 kg<\/p>\n","protected":false},"excerpt":{"rendered":"<p>SONGMICS kenk\u00e4kaappi, 6 kenk\u00e4laatikkoa, integroitu kenk\u00e4organisaattori, taitettava, kannettava, kengille kokoon 46 asti, 1 minuutin asennus, l\u00e4pin\u00e4kyv\u00e4-mustanmusta LSP205B01<\/p>\n","protected":false},"featured_media":43809,"comment_status":"open","ping_status":"closed","template":"","meta":[],"product_brand":[],"product_cat":[32],"product_tag":[],"class_list":{"0":"post-35220","1":"product","2":"type-product","3":"status-publish","4":"has-post-thumbnail","6":"product_cat-uncategorized-fi","8":"first","9":"instock","10":"shipping-taxable","11":"purchasable","12":"product-type-simple"},"_links":{"self":[{"href":"https:\/\/nordicmart.andreevmaster.com\/fi\/wp-json\/wp\/v2\/product\/35220","targetHints":{"allow":["GET"]}}],"collection":[{"href":"https:\/\/nordicmart.andreevmaster.com\/fi\/wp-json\/wp\/v2\/product"}],"about":[{"href":"https:\/\/nordicmart.andreevmaster.com\/fi\/wp-json\/wp\/v2\/types\/product"}],"replies":[{"embeddable":true,"href":"https:\/\/nordicmart.andreevmaster.com\/fi\/wp-json\/wp\/v2\/comments?post=35220"}],"wp:featuredmedia":[{"embeddable":true,"href":"https:\/\/nordicmart.andreevmaster.com\/fi\/wp-json\/wp\/v2\/media\/43809"}],"wp:attachment":[{"href":"https:\/\/nordicmart.andreevmaster.com\/fi\/wp-json\/wp\/v2\/media?parent=35220"}],"wp:term":[{"taxonomy":"product_brand","embeddable":true,"href":"https:\/\/nordicmart.andreevmaster.com\/fi\/wp-json\/wp\/v2\/product_brand?post=35220"},{"taxonomy":"product_cat","embeddable":true,"href":"https:\/\/nordicmart.andreevmaster.com\/fi\/wp-json\/wp\/v2\/product_cat?post=35220"},{"taxonomy":"product_tag","embeddable":true,"href":"https:\/\/nordicmart.andreevmaster.com\/fi\/wp-json\/wp\/v2\/product_tag?post=35220"}],"curies":[{"name":"wp","href":"https:\/\/api.w.org\/{rel}","templated":true}]}}