{"id":35218,"date":"2026-02-27T00:29:02","date_gmt":"2026-02-27T00:29:02","guid":{"rendered":"https:\/\/nordicmart.andreevmaster.com\/product\/songmics-kenkalaatikot-18-kpln-sarja-taitettavat-ja-pinottavat-lapinakyva-kaurapuurobeige\/"},"modified":"2026-02-27T09:47:49","modified_gmt":"2026-02-27T09:47:49","slug":"songmics-kenkalaatikot-18-kpln-sarja-taitettavat-ja-pinottavat-lapinakyva-kaurapuurobeige","status":"publish","type":"product","link":"https:\/\/nordicmart.andreevmaster.com\/fi\/tuote\/songmics-kenkalaatikot-18-kpln-sarja-taitettavat-ja-pinottavat-lapinakyva-kaurapuurobeige\/","title":{"rendered":"SONGMICS kenk\u00e4laatikot, 18 kpl:n sarja, taitettavat ja pinottavat, l\u00e4pin\u00e4kyv\u00e4-kaurapuurobeige"},"content":{"rendered":"<p>SONGMICS kenk\u00e4laatikot, 18 kpl:n sarja, s\u00e4ilytyslaatikot kengille, kenk\u00e4organisaattori, muovilaatikot, taitettavat ja pinottavat, kengille kokoon 44 asti, l\u00e4pin\u00e4kyv\u00e4-valkoinen LSP18MWT<br \/>\nV\u00e4ri: l\u00e4pin\u00e4kyv\u00e4 kaurapuurobeige<br \/>\nMateriaali: runko PP:t\u00e4 (polypropeenia), ovi PP:t\u00e4 (polypropeenia), kehys ABS-muovia<br \/>\nKotelon koko: 33,5 x 23,2 x 14,3 cm (P x L x K)<br \/>\nSis\u00e4koko per laatikko: 31,2 x 22,5 x 13,5 cm (P x L x K)<br \/>\nKokonaispaino: 5,2 kg<\/p>\n","protected":false},"excerpt":{"rendered":"<p>SONGMICS kenk\u00e4laatikot, 18 kpl:n sarja, s\u00e4ilytyslaatikot kengille, kenk\u00e4organisaattori, muovilaatikot, taitettavat ja pinottavat, kengille kokoon 44 asti, l\u00e4pin\u00e4kyv\u00e4-valkoinen LSP18MWT<\/p>\n","protected":false},"featured_media":43807,"comment_status":"open","ping_status":"closed","template":"","meta":[],"product_brand":[],"product_cat":[32],"product_tag":[],"class_list":{"0":"post-35218","1":"product","2":"type-product","3":"status-publish","4":"has-post-thumbnail","6":"product_cat-uncategorized-fi","8":"first","9":"instock","10":"shipping-taxable","11":"purchasable","12":"product-type-simple"},"_links":{"self":[{"href":"https:\/\/nordicmart.andreevmaster.com\/fi\/wp-json\/wp\/v2\/product\/35218","targetHints":{"allow":["GET"]}}],"collection":[{"href":"https:\/\/nordicmart.andreevmaster.com\/fi\/wp-json\/wp\/v2\/product"}],"about":[{"href":"https:\/\/nordicmart.andreevmaster.com\/fi\/wp-json\/wp\/v2\/types\/product"}],"replies":[{"embeddable":true,"href":"https:\/\/nordicmart.andreevmaster.com\/fi\/wp-json\/wp\/v2\/comments?post=35218"}],"wp:featuredmedia":[{"embeddable":true,"href":"https:\/\/nordicmart.andreevmaster.com\/fi\/wp-json\/wp\/v2\/media\/43807"}],"wp:attachment":[{"href":"https:\/\/nordicmart.andreevmaster.com\/fi\/wp-json\/wp\/v2\/media?parent=35218"}],"wp:term":[{"taxonomy":"product_brand","embeddable":true,"href":"https:\/\/nordicmart.andreevmaster.com\/fi\/wp-json\/wp\/v2\/product_brand?post=35218"},{"taxonomy":"product_cat","embeddable":true,"href":"https:\/\/nordicmart.andreevmaster.com\/fi\/wp-json\/wp\/v2\/product_cat?post=35218"},{"taxonomy":"product_tag","embeddable":true,"href":"https:\/\/nordicmart.andreevmaster.com\/fi\/wp-json\/wp\/v2\/product_tag?post=35218"}],"curies":[{"name":"wp","href":"https:\/\/api.w.org\/{rel}","templated":true}]}}