{"id":35215,"date":"2026-02-27T00:29:01","date_gmt":"2026-02-27T00:29:01","guid":{"rendered":"https:\/\/nordicmart.andreevmaster.com\/product\/kenkalaatikot-pakkaus-sisaltaa-18-pinottavaa-kenkien-sailytysjarjestelijaa-kokoontaitettavat-ja-monipuoliset-lenkkareille-sopivat-uk-kokoon-105-asti-lapinakyvat-ja-mustat-lsp18sbkv1\/"},"modified":"2026-02-27T09:47:48","modified_gmt":"2026-02-27T09:47:48","slug":"kenkalaatikot-pakkaus-sisaltaa-18-pinottavaa-kenkien-sailytysjarjestelijaa-kokoontaitettavat-ja-monipuoliset-lenkkareille-sopivat-uk-kokoon-105-asti-lapinakyvat-ja-mustat-lsp18sbkv1","status":"publish","type":"product","link":"https:\/\/nordicmart.andreevmaster.com\/fi\/tuote\/kenkalaatikot-pakkaus-sisaltaa-18-pinottavaa-kenkien-sailytysjarjestelijaa-kokoontaitettavat-ja-monipuoliset-lenkkareille-sopivat-uk-kokoon-105-asti-lapinakyvat-ja-mustat-lsp18sbkv1\/","title":{"rendered":"Kenk\u00e4laatikot, pakkaus sis\u00e4lt\u00e4\u00e4 18 pinottavaa kenkien s\u00e4ilytysj\u00e4rjestelij\u00e4\u00e4, kokoontaitettavat ja monipuoliset lenkkareille, sopivat UK-kokoon 10,5 asti, l\u00e4pin\u00e4kyv\u00e4t ja mustat LSP18SBKV1"},"content":{"rendered":"<p>Puhdista sotku: Jos kotisi on hitaasti mutta varmasti muuttumassa kenk\u00e4sotkuksi, miksi et j\u00e4rjest\u00e4isi niit\u00e4 t\u00e4ll\u00e4 18 kappaleen klassisella kenk\u00e4laatikkosarjalla, jossa on l\u00e4pin\u00e4kyv\u00e4 runko ja etuluukku? Pid\u00e4 koko kokoelmasi j\u00e4rjestyksess\u00e4<\/p>\n<p>Pid\u00e4 se selke\u00e4n\u00e4: Sinun ei tarvitse ottaa kenk\u00e4laatikoitasi esiin ja etsi\u00e4 ty\u00f6matkakenk\u00e4si joka aamu \u2013 l\u00e4pin\u00e4kyv\u00e4 runko ja l\u00e4pin\u00e4kyv\u00e4 etuluukku antavat sinulle vilauksen kenk\u00e4pinoistasi, joista voit helposti tarttua haluamaasi.<\/p>\n<p>Helppo asentaa: Sinun tarvitsee vain kiinnitt\u00e4\u00e4 etuosa, takaosa ja runko toisiinsa, ja saat kenk\u00e4laatikon, jonka sis\u00e4mitat ovat 30 x 22,5 x 13,5 cm ja joka sopii enint\u00e4\u00e4n UK-koko 10,5; jokaiselle parille lenkkareita, korkokenki\u00e4 tai tasaisia kenki\u00e4 on oma paikkansa. <\/p>\n<p>Pinoa ne: Jos haluat s\u00e4ilytt\u00e4\u00e4 laatikot j\u00e4rjestyksess\u00e4, vastaava urarakenne yl\u00e4- ja alaosassa helpottaa niiden pinoamista; tuuletusaukot antavat kenkiesi hengitt\u00e4\u00e4. <\/p>\n<p>Mit\u00e4 saat: Paketti sis\u00e4lt\u00e4\u00e4 18 l\u00e4pin\u00e4kyv\u00e4\u00e4 kenk\u00e4laatikkoa, joissa on l\u00e4pin\u00e4kyv\u00e4 etuluukku, pinottava ja kokoontaitettava muotoilu sek\u00e4 tuuletusaukot. Sano hyv\u00e4stit ymp\u00e4riins\u00e4 levitetyille kengille ja hoida kenk\u00e4si kuntoon nyt!<\/p>\n<p>Sano hyv\u00e4stit sotkuisille kenk\u00e4kasoille Heit\u00e4tk\u00f6 kenk\u00e4si vain vaatekaappiin joka kerta ja p\u00e4\u00e4dyt sotkuiseen kenk\u00e4kasaan jonkin ajan kuluttua? Sinun pit\u00e4isi p\u00e4\u00e4st\u00e4 eroon t\u00e4st\u00e4 huonosta tavasta! Osta n\u00e4m\u00e4 18 kenk\u00e4laatikkoa ja s\u00e4ilyt\u00e4 kaikki kenk\u00e4si siististi ja kunnolla, kunnes saat tilaisuuden k\u00e4ytt\u00e4\u00e4 niit\u00e4 seuraavan kerran. J\u00e4rjest\u00e4 keng\u00e4t tehokkaasti Kaikki keng\u00e4t kokoon 42 asti mahtuvat n\u00e4ihin laatikoihin ja voidaan s\u00e4ilytt\u00e4\u00e4 p\u00f6lytt\u00f6m\u00e4sti. Tarvitsetko valkoisia sandaaleitasi? L\u00f6yd\u00e4t ne hetkess\u00e4, avaa vain kyseisen laatikon luukku ja ota keng\u00e4t esiin \u2013 t\u00e4ydellinen ratkaisu, jos sinulla on kiire aamulla! Viel\u00e4 parempi on, ett\u00e4 useita n\u00e4ist\u00e4 laatikoista voi pinota p\u00e4\u00e4llekk\u00e4in tilan s\u00e4\u00e4st\u00e4miseksi, mik\u00e4 tekee niist\u00e4 ihanteellisia eteiseen, vaatehuoneeseen tai s\u00e4ilytyshyllylle. Tuotetiedot: &#8211; V\u00e4ri: L\u00e4pin\u00e4kyv\u00e4 runko, musta &#8211; Materiaali: Runko PP (polypropeeni), kansi PS (polystyreeni) &#8211; Koko per laatikko: 33,3 x 23 x 14 cm (P x L x K) &#8211; Sis\u00e4koko per laatikko: 30 x 22,5 x 13,5 cm (P x L x K) &#8211; Paino: 5,3 kg Toimitus sis\u00e4lt\u00e4\u00e4: &#8211; 18 x kenk\u00e4laatikko &#8211; 1 x k\u00e4ytt\u00f6ohje (DE, EN, FR, ES, IT)SONGMICS Huomautukset:- Noudata ohjeiden ja videon asennusohjeita tuotteen kokoamiseksi. Mittaa kenk\u00e4si ennen ostamista ja tarkista, ett\u00e4 ne mahtuvat n\u00e4ihin kenk\u00e4laatikoihin.<\/p>\n","protected":false},"excerpt":{"rendered":"<p>Puhdista sotku: Jos kotisi on hitaasti mutta varmasti muuttumassa kenk\u00e4sotkuksi, miksi et j\u00e4rjest\u00e4isi niit\u00e4 t\u00e4ll\u00e4 18 kappaleen klassisella kenk\u00e4laatikkosarjalla, jossa on l\u00e4pin\u00e4kyv\u00e4 runko ja etuluukku? Pid\u00e4 koko kokoelmasi j\u00e4rjestyksess\u00e4 Pid\u00e4 se selke\u00e4n\u00e4: Sinun ei tarvitse ottaa kenk\u00e4laatikoitasi esiin ja etsi\u00e4 ty\u00f6matkakenk\u00e4si joka aamu \u2013 l\u00e4pin\u00e4kyv\u00e4 runko ja l\u00e4pin\u00e4kyv\u00e4 etuluukku antavat sinulle vilauksen kenk\u00e4pinoistasi, joista voit [&hellip;]<\/p>\n","protected":false},"featured_media":0,"comment_status":"open","ping_status":"closed","template":"","meta":[],"product_brand":[],"product_cat":[32],"product_tag":[],"class_list":{"0":"post-35215","1":"product","2":"type-product","3":"status-publish","5":"product_cat-uncategorized-fi","7":"first","8":"instock","9":"shipping-taxable","10":"product-type-simple"},"_links":{"self":[{"href":"https:\/\/nordicmart.andreevmaster.com\/fi\/wp-json\/wp\/v2\/product\/35215","targetHints":{"allow":["GET"]}}],"collection":[{"href":"https:\/\/nordicmart.andreevmaster.com\/fi\/wp-json\/wp\/v2\/product"}],"about":[{"href":"https:\/\/nordicmart.andreevmaster.com\/fi\/wp-json\/wp\/v2\/types\/product"}],"replies":[{"embeddable":true,"href":"https:\/\/nordicmart.andreevmaster.com\/fi\/wp-json\/wp\/v2\/comments?post=35215"}],"wp:attachment":[{"href":"https:\/\/nordicmart.andreevmaster.com\/fi\/wp-json\/wp\/v2\/media?parent=35215"}],"wp:term":[{"taxonomy":"product_brand","embeddable":true,"href":"https:\/\/nordicmart.andreevmaster.com\/fi\/wp-json\/wp\/v2\/product_brand?post=35215"},{"taxonomy":"product_cat","embeddable":true,"href":"https:\/\/nordicmart.andreevmaster.com\/fi\/wp-json\/wp\/v2\/product_cat?post=35215"},{"taxonomy":"product_tag","embeddable":true,"href":"https:\/\/nordicmart.andreevmaster.com\/fi\/wp-json\/wp\/v2\/product_tag?post=35215"}],"curies":[{"name":"wp","href":"https:\/\/api.w.org\/{rel}","templated":true}]}}