{"id":35213,"date":"2026-02-27T00:29:00","date_gmt":"2026-02-27T00:29:00","guid":{"rendered":"https:\/\/nordicmart.andreevmaster.com\/product\/songmics-pinottavat-kenkalaatikot-18-kpln-sarja\/"},"modified":"2026-02-27T09:47:48","modified_gmt":"2026-02-27T09:47:48","slug":"songmics-pinottavat-kenkalaatikot-18-kpln-sarja","status":"publish","type":"product","link":"https:\/\/nordicmart.andreevmaster.com\/fi\/tuote\/songmics-pinottavat-kenkalaatikot-18-kpln-sarja\/","title":{"rendered":"SONGMICS Pinottavat kenk\u00e4laatikot, 18 kpl:n sarja"},"content":{"rendered":"<p>Tuotetiedot: V\u00e4ri: l\u00e4pin\u00e4kyv\u00e4 runko, valkoinen Materiaali: runko PP:t\u00e4 (polypropeenia), ovi PS:\u00e4\u00e4 (polystyreeni\u00e4) Koko per laatikko: 35 x 25 x 18,5 cm (P x L x K) Sis\u00e4koko per laatikko: 31 x 24,5 x 17,5 cm (P x L x K) Paino: 7,7 kg Toimitus sis\u00e4lt\u00e4\u00e4: 18 x kenk\u00e4laatikko 1 x ohjeet (DE, EN, FR, ES, IT) SONGMICS-ohjeet: Noudata ohjeiden ja videon asennusohjeita tuotteen kokoamiseksi. \u00c4l\u00e4 my\u00f6sk\u00e4\u00e4n pura sit\u00e4 v\u00e4kisin. Mittaa kenk\u00e4si ennen ostamista ja tarkista, ett\u00e4 ne mahtuvat n\u00e4ihin kenk\u00e4laatikoihin.<\/p>\n","protected":false},"excerpt":{"rendered":"<p>SONGMICS kenk\u00e4laatikot, 18 kpl:n sarja, s\u00e4ilytyslaatikot kengille, kenk\u00e4organisaattori, muovilaatikot, taitettavat ja pinottavat, kengille kokoon 44 asti, l\u00e4pin\u00e4kyv\u00e4-valkoinen LSP18MWT<\/p>\n","protected":false},"featured_media":43803,"comment_status":"open","ping_status":"closed","template":"","meta":[],"product_brand":[],"product_cat":[32],"product_tag":[],"class_list":{"0":"post-35213","1":"product","2":"type-product","3":"status-publish","4":"has-post-thumbnail","6":"product_cat-uncategorized-fi","8":"first","9":"instock","10":"shipping-taxable","11":"purchasable","12":"product-type-simple"},"_links":{"self":[{"href":"https:\/\/nordicmart.andreevmaster.com\/fi\/wp-json\/wp\/v2\/product\/35213","targetHints":{"allow":["GET"]}}],"collection":[{"href":"https:\/\/nordicmart.andreevmaster.com\/fi\/wp-json\/wp\/v2\/product"}],"about":[{"href":"https:\/\/nordicmart.andreevmaster.com\/fi\/wp-json\/wp\/v2\/types\/product"}],"replies":[{"embeddable":true,"href":"https:\/\/nordicmart.andreevmaster.com\/fi\/wp-json\/wp\/v2\/comments?post=35213"}],"wp:featuredmedia":[{"embeddable":true,"href":"https:\/\/nordicmart.andreevmaster.com\/fi\/wp-json\/wp\/v2\/media\/43803"}],"wp:attachment":[{"href":"https:\/\/nordicmart.andreevmaster.com\/fi\/wp-json\/wp\/v2\/media?parent=35213"}],"wp:term":[{"taxonomy":"product_brand","embeddable":true,"href":"https:\/\/nordicmart.andreevmaster.com\/fi\/wp-json\/wp\/v2\/product_brand?post=35213"},{"taxonomy":"product_cat","embeddable":true,"href":"https:\/\/nordicmart.andreevmaster.com\/fi\/wp-json\/wp\/v2\/product_cat?post=35213"},{"taxonomy":"product_tag","embeddable":true,"href":"https:\/\/nordicmart.andreevmaster.com\/fi\/wp-json\/wp\/v2\/product_tag?post=35213"}],"curies":[{"name":"wp","href":"https:\/\/api.w.org\/{rel}","templated":true}]}}