{"id":35212,"date":"2026-02-27T00:29:00","date_gmt":"2026-02-27T00:29:00","guid":{"rendered":"https:\/\/nordicmart.andreevmaster.com\/product\/songmics-kenkalaatikot-16-kpln-sarja\/"},"modified":"2026-02-27T09:47:48","modified_gmt":"2026-02-27T09:47:48","slug":"songmics-kenkalaatikot-16-kpln-sarja","status":"publish","type":"product","link":"https:\/\/nordicmart.andreevmaster.com\/fi\/tuote\/songmics-kenkalaatikot-16-kpln-sarja\/","title":{"rendered":"SONGMICS kenk\u00e4laatikot, 16 kpl:n sarja"},"content":{"rendered":"<p>N\u00e4m\u00e4 SONGMICS:n pinottavat kenk\u00e4laatikot auttavat sinua paitsi pit\u00e4m\u00e4\u00e4n kenk\u00e4si siististi j\u00e4rjestyksess\u00e4, my\u00f6s n\u00e4kem\u00e4\u00e4n kaikki laatikoihin s\u00e4il\u00f6tyt keng\u00e4t yhdell\u00e4 silm\u00e4yksell\u00e4 ja p\u00e4\u00e4sem\u00e4\u00e4n niihin nopeasti k\u00e4siksi.Pinoa laatikot ja keng\u00e4t p\u00e4\u00e4llekk\u00e4in:&nbsp;Valmistettu kest\u00e4v\u00e4st\u00e4 PP-muovista, n\u00e4m\u00e4 kenk\u00e4organisaattorit lupaavat pitk\u00e4n k\u00e4ytt\u00f6i\u00e4n ja suojaavat kenki\u00e4si p\u00f6lylt\u00e4 ja kosteudelta. \u00c4lykk\u00e4\u00e4n muotoilun ansiosta, jossa laatikoiden yl\u00e4- ja alaosat sopivat tarkasti toisiinsa, useita muovilaatikoita voidaan pinota vakaasti p\u00e4\u00e4llekk\u00e4in. N\u00e4in saat tilaa s\u00e4\u00e4st\u00e4v\u00e4n kenk\u00e4kaapin. Sopii kengille, joiden koko on enint\u00e4\u00e4n 41: Sis\u00e4mitat 19,5 x 27,5 x 10,5 cm, joten kenk\u00e4laatikkomme ovat riitt\u00e4v\u00e4n suuria kenkien, joiden koko on enint\u00e4\u00e4n 41, s\u00e4ilytt\u00e4miseen. Lis\u00e4ksi n\u00e4m\u00e4 laatikot ovat monik\u00e4ytt\u00f6isi\u00e4 ja sopivat esimerkiksi my\u00f6s kenk\u00e4voiteiden tai -harjojen s\u00e4ilytykseen. S\u00e4ilyt\u00e4 kaikki kenk\u00e4si n\u00e4iss\u00e4 SONGMICS-muovilaatikoissa, jotta et en\u00e4\u00e4 kompastu kaaoksessa hajallaan oleviin kenkiin eteisess\u00e4si! Tuotetiedot:V\u00e4ri: l\u00e4pin\u00e4kyv\u00e4, valkoinen Materiaali: PP-muovi (polypropeeni) Kotelon koko: 21,5 x 32,5 x 13,5 cm (P x L x K) Kotelon sis\u00e4mitat: 19,5 x 27,5 x 10,5 cm (P x L x K) Paino: 7,6 kg Toimitus sis\u00e4lt\u00e4\u00e4: 16 x kenk\u00e4laatikko SONGMICS-ohjeet: Mittaa kenk\u00e4si ennen ostamista ja tarkista, ett\u00e4 ne mahtuvat n\u00e4ihin kenk\u00e4laatikoihin.<\/p>\n","protected":false},"excerpt":{"rendered":"<p>SONGMICS muoviset kenk\u00e4laatikot, 16 kpl:n sarja, pinottavat kenk\u00e4laatikot, kenk\u00e4organisaattori ovella, kenkien s\u00e4ilytys, kengille kokoihin 41 asti, 21,5 x 32,5 x 13,5 cm, l\u00e4pin\u00e4kyv\u00e4 LSP16TP<\/p>\n","protected":false},"featured_media":43802,"comment_status":"open","ping_status":"closed","template":"","meta":[],"product_brand":[],"product_cat":[32],"product_tag":[],"class_list":{"0":"post-35212","1":"product","2":"type-product","3":"status-publish","4":"has-post-thumbnail","6":"product_cat-uncategorized-fi","8":"first","9":"instock","10":"shipping-taxable","11":"purchasable","12":"product-type-simple"},"_links":{"self":[{"href":"https:\/\/nordicmart.andreevmaster.com\/fi\/wp-json\/wp\/v2\/product\/35212","targetHints":{"allow":["GET"]}}],"collection":[{"href":"https:\/\/nordicmart.andreevmaster.com\/fi\/wp-json\/wp\/v2\/product"}],"about":[{"href":"https:\/\/nordicmart.andreevmaster.com\/fi\/wp-json\/wp\/v2\/types\/product"}],"replies":[{"embeddable":true,"href":"https:\/\/nordicmart.andreevmaster.com\/fi\/wp-json\/wp\/v2\/comments?post=35212"}],"wp:featuredmedia":[{"embeddable":true,"href":"https:\/\/nordicmart.andreevmaster.com\/fi\/wp-json\/wp\/v2\/media\/43802"}],"wp:attachment":[{"href":"https:\/\/nordicmart.andreevmaster.com\/fi\/wp-json\/wp\/v2\/media?parent=35212"}],"wp:term":[{"taxonomy":"product_brand","embeddable":true,"href":"https:\/\/nordicmart.andreevmaster.com\/fi\/wp-json\/wp\/v2\/product_brand?post=35212"},{"taxonomy":"product_cat","embeddable":true,"href":"https:\/\/nordicmart.andreevmaster.com\/fi\/wp-json\/wp\/v2\/product_cat?post=35212"},{"taxonomy":"product_tag","embeddable":true,"href":"https:\/\/nordicmart.andreevmaster.com\/fi\/wp-json\/wp\/v2\/product_tag?post=35212"}],"curies":[{"name":"wp","href":"https:\/\/api.w.org\/{rel}","templated":true}]}}