{"id":35211,"date":"2026-02-27T00:29:00","date_gmt":"2026-02-27T00:29:00","guid":{"rendered":"https:\/\/nordicmart.andreevmaster.com\/product\/songmics-kenkalaatikot-12-kpl-koko-43-asti\/"},"modified":"2026-02-27T09:47:47","modified_gmt":"2026-02-27T09:47:47","slug":"songmics-kenkalaatikot-12-kpl-koko-43-asti","status":"publish","type":"product","link":"https:\/\/nordicmart.andreevmaster.com\/fi\/tuote\/songmics-kenkalaatikot-12-kpl-koko-43-asti\/","title":{"rendered":"SONGMICS kenk\u00e4laatikot 12 kpl, koko 43 asti"},"content":{"rendered":"<p>Helppo avata kansi mahdollistaa helpon p\u00e4\u00e4syn sis\u00e4ll\u00e4 oleviin kenkiin. L\u00e4pin\u00e4kyv\u00e4n laatikon ansiosta l\u00f6yd\u00e4t kaikki keng\u00e4t nopeasti. Useita laatikoita voidaan pinota p\u00e4\u00e4llekk\u00e4in. N\u00e4in pystysuora tila hy\u00f6dynnet\u00e4\u00e4n optimaalisesti ja lattialle j\u00e4\u00e4 enemm\u00e4n tilaa. Tuuletusaukot varmistavat hyv\u00e4n ilmankierron ja pit\u00e4v\u00e4t keng\u00e4t aina raikkaina ja kuivina. Tuotetiedot: V\u00e4ri: valkoinen kansi + l\u00e4pin\u00e4kyv\u00e4 laatikko Materiaali: PP Tuotteen mitat: 36 x 13,5 x 22 cm (L x K x S) Kunkin laatikon paino: 300 g Toimitus sis\u00e4lt\u00e4\u00e4: 12 kenk\u00e4laatikkoa 1 x ohjeet (DE, EN, FR, ES, IT) SONGMICS-huomautukset: Ostaessasi kiinnit\u00e4 huomiota kenk\u00e4laatikon kokoon ja tilaa laatikot oman kenk\u00e4koon mukaan.<\/p>\n","protected":false},"excerpt":{"rendered":"<p>SONGMICS 12 kpl kenk\u00e4laatikoita s\u00e4ilytyslaatikoita kengille kenkien s\u00e4ilytys s\u00e4ilytyslaatikko l\u00e4pin\u00e4kyv\u00e4 kannella muovi kengille kokoon 43 asti LSP13WT<\/p>\n","protected":false},"featured_media":43801,"comment_status":"open","ping_status":"closed","template":"","meta":[],"product_brand":[],"product_cat":[32],"product_tag":[],"class_list":{"0":"post-35211","1":"product","2":"type-product","3":"status-publish","4":"has-post-thumbnail","6":"product_cat-uncategorized-fi","8":"first","9":"instock","10":"shipping-taxable","11":"purchasable","12":"product-type-simple"},"_links":{"self":[{"href":"https:\/\/nordicmart.andreevmaster.com\/fi\/wp-json\/wp\/v2\/product\/35211","targetHints":{"allow":["GET"]}}],"collection":[{"href":"https:\/\/nordicmart.andreevmaster.com\/fi\/wp-json\/wp\/v2\/product"}],"about":[{"href":"https:\/\/nordicmart.andreevmaster.com\/fi\/wp-json\/wp\/v2\/types\/product"}],"replies":[{"embeddable":true,"href":"https:\/\/nordicmart.andreevmaster.com\/fi\/wp-json\/wp\/v2\/comments?post=35211"}],"wp:featuredmedia":[{"embeddable":true,"href":"https:\/\/nordicmart.andreevmaster.com\/fi\/wp-json\/wp\/v2\/media\/43801"}],"wp:attachment":[{"href":"https:\/\/nordicmart.andreevmaster.com\/fi\/wp-json\/wp\/v2\/media?parent=35211"}],"wp:term":[{"taxonomy":"product_brand","embeddable":true,"href":"https:\/\/nordicmart.andreevmaster.com\/fi\/wp-json\/wp\/v2\/product_brand?post=35211"},{"taxonomy":"product_cat","embeddable":true,"href":"https:\/\/nordicmart.andreevmaster.com\/fi\/wp-json\/wp\/v2\/product_cat?post=35211"},{"taxonomy":"product_tag","embeddable":true,"href":"https:\/\/nordicmart.andreevmaster.com\/fi\/wp-json\/wp\/v2\/product_tag?post=35211"}],"curies":[{"name":"wp","href":"https:\/\/api.w.org\/{rel}","templated":true}]}}