{"id":35210,"date":"2026-02-27T00:28:59","date_gmt":"2026-02-27T00:28:59","guid":{"rendered":"https:\/\/nordicmart.andreevmaster.com\/product\/songmics-kenkalaatikot-12-kpl-koko-41-asti\/"},"modified":"2026-02-27T09:47:47","modified_gmt":"2026-02-27T09:47:47","slug":"songmics-kenkalaatikot-12-kpl-koko-41-asti","status":"publish","type":"product","link":"https:\/\/nordicmart.andreevmaster.com\/fi\/tuote\/songmics-kenkalaatikot-12-kpl-koko-41-asti\/","title":{"rendered":"SONGMICS kenk\u00e4laatikot 12 kpl, koko 41 asti"},"content":{"rendered":"<p>SONGMICS s\u00e4ilytyslaatikotMonipuolinen, k\u00e4yt\u00e4nn\u00f6llinen apulainenTuotetiedot:V\u00e4ri: valkoinen kansi + l\u00e4pin\u00e4kyv\u00e4 laatikko Materiaali: PP Tuotteen mitat: 35 x 20 x 12,5 cm (L x K x S) Kunkin laatikon paino: 235 g Toimitus sis\u00e4lt\u00e4\u00e4: 12 kenk\u00e4laatikkoa 1 x ohjeet (DE, EN, FR, ES, IT)<\/p>\n","protected":false},"excerpt":{"rendered":"<p>SONGMICS 12 kpl kenk\u00e4laatikoita s\u00e4ilytyslaatikoita kengille kenkien s\u00e4ilytyslaatikko l\u00e4pin\u00e4kyv\u00e4 kannella muovista kengille kokoon 41 asti LSP12WT<\/p>\n","protected":false},"featured_media":43800,"comment_status":"open","ping_status":"closed","template":"","meta":[],"product_brand":[],"product_cat":[32],"product_tag":[],"class_list":{"0":"post-35210","1":"product","2":"type-product","3":"status-publish","4":"has-post-thumbnail","6":"product_cat-uncategorized-fi","8":"first","9":"instock","10":"shipping-taxable","11":"purchasable","12":"product-type-simple"},"_links":{"self":[{"href":"https:\/\/nordicmart.andreevmaster.com\/fi\/wp-json\/wp\/v2\/product\/35210","targetHints":{"allow":["GET"]}}],"collection":[{"href":"https:\/\/nordicmart.andreevmaster.com\/fi\/wp-json\/wp\/v2\/product"}],"about":[{"href":"https:\/\/nordicmart.andreevmaster.com\/fi\/wp-json\/wp\/v2\/types\/product"}],"replies":[{"embeddable":true,"href":"https:\/\/nordicmart.andreevmaster.com\/fi\/wp-json\/wp\/v2\/comments?post=35210"}],"wp:featuredmedia":[{"embeddable":true,"href":"https:\/\/nordicmart.andreevmaster.com\/fi\/wp-json\/wp\/v2\/media\/43800"}],"wp:attachment":[{"href":"https:\/\/nordicmart.andreevmaster.com\/fi\/wp-json\/wp\/v2\/media?parent=35210"}],"wp:term":[{"taxonomy":"product_brand","embeddable":true,"href":"https:\/\/nordicmart.andreevmaster.com\/fi\/wp-json\/wp\/v2\/product_brand?post=35210"},{"taxonomy":"product_cat","embeddable":true,"href":"https:\/\/nordicmart.andreevmaster.com\/fi\/wp-json\/wp\/v2\/product_cat?post=35210"},{"taxonomy":"product_tag","embeddable":true,"href":"https:\/\/nordicmart.andreevmaster.com\/fi\/wp-json\/wp\/v2\/product_tag?post=35210"}],"curies":[{"name":"wp","href":"https:\/\/api.w.org\/{rel}","templated":true}]}}