{"id":35204,"date":"2026-02-27T00:28:58","date_gmt":"2026-02-27T00:28:58","guid":{"rendered":"https:\/\/nordicmart.andreevmaster.com\/product\/songmics-kenkalaatikot-8-kpl\/"},"modified":"2026-02-27T09:47:46","modified_gmt":"2026-02-27T09:47:46","slug":"songmics-kenkalaatikot-8-kpl","status":"publish","type":"product","link":"https:\/\/nordicmart.andreevmaster.com\/fi\/tuote\/songmics-kenkalaatikot-8-kpl\/","title":{"rendered":"SONGMICS kenk\u00e4laatikot, 8 kpl"},"content":{"rendered":"<p>Pukuhuoneesi oli niin kauniisti siistitty, mutta koska etsit tietty\u00e4 kenk\u00e4paria, kaikki on j\u00e4lleen t\u00e4ydellisess\u00e4 kaaoksessa? T\u00e4\u00e4lt\u00e4 tulee 8 l\u00e4pin\u00e4kyv\u00e4\u00e4 kenk\u00e4laatikkoa SONGMICS:lt\u00e4! Voit tunnistaa laatikoihin s\u00e4il\u00f6tyt keng\u00e4t yhdell\u00e4 silm\u00e4yksell\u00e4 ilman, ett\u00e4 sinun tarvitsee avata kantta. Eik\u00f6 vaatekaappisi ole tarpeeksi suuri? Pinoa n\u00e4m\u00e4 kenk\u00e4laatikot vain p\u00e4\u00e4llekk\u00e4in ja aseta ne vaatekaappiisi, hyllylle tai pukeutumishuoneesi nurkkaan. N\u00e4in voit s\u00e4\u00e4st\u00e4\u00e4 paljon tilaa ja samalla pit\u00e4\u00e4 j\u00e4rjestyksen.Kaikki kunnossa: N\u00e4iden pinottavien laatikoiden avulla voit s\u00e4ilytt\u00e4\u00e4 askartelutarvikkeet, sukat, ompelutarvikkeet tai jopa kasvien siemenet siististi. Lis\u00e4ksi voit koristella laatikot tai merkit\u00e4 ne tarroilla. Tuotetiedot: V\u00e4ri: l\u00e4pin\u00e4kyv\u00e4, valkoinen Materiaali: PP-muovi (polypropeeni) Kunkin laatikon koko: 35 x 20 x 12,5 cm (P x L x K) Kunkin laatikon sis\u00e4mitat: 29,5 x 16,5 x 12,5 cm (P x L x K) Kunkin laatikon paino: 235 g Toimitus sis\u00e4lt\u00e4\u00e4: 8 x kenk\u00e4laatikko 1 x ohjeet (DE, DE, FR, ES, IT) SONGMICS-huomautukset:Mittaa kenk\u00e4si ennen ostamista ja tarkista, ett\u00e4 ne mahtuvat n\u00e4ihin kenk\u00e4laatikoihin.<\/p>\n","protected":false},"excerpt":{"rendered":"<p>SONGMICS kenk\u00e4laatikot kannella, 8 kpl:n sarja, pinottavat kenk\u00e4laatikot, l\u00e4pin\u00e4kyv\u00e4t kenk\u00e4organisaattorit, kenkien s\u00e4ilytys, kengille kokoon 41 asti ja muille tarvikkeille, l\u00e4pin\u00e4kyv\u00e4 LSP11WT<\/p>\n","protected":false},"featured_media":43794,"comment_status":"open","ping_status":"closed","template":"","meta":[],"product_brand":[],"product_cat":[32],"product_tag":[],"class_list":{"0":"post-35204","1":"product","2":"type-product","3":"status-publish","4":"has-post-thumbnail","6":"product_cat-uncategorized-fi","8":"first","9":"instock","10":"shipping-taxable","11":"purchasable","12":"product-type-simple"},"_links":{"self":[{"href":"https:\/\/nordicmart.andreevmaster.com\/fi\/wp-json\/wp\/v2\/product\/35204","targetHints":{"allow":["GET"]}}],"collection":[{"href":"https:\/\/nordicmart.andreevmaster.com\/fi\/wp-json\/wp\/v2\/product"}],"about":[{"href":"https:\/\/nordicmart.andreevmaster.com\/fi\/wp-json\/wp\/v2\/types\/product"}],"replies":[{"embeddable":true,"href":"https:\/\/nordicmart.andreevmaster.com\/fi\/wp-json\/wp\/v2\/comments?post=35204"}],"wp:featuredmedia":[{"embeddable":true,"href":"https:\/\/nordicmart.andreevmaster.com\/fi\/wp-json\/wp\/v2\/media\/43794"}],"wp:attachment":[{"href":"https:\/\/nordicmart.andreevmaster.com\/fi\/wp-json\/wp\/v2\/media?parent=35204"}],"wp:term":[{"taxonomy":"product_brand","embeddable":true,"href":"https:\/\/nordicmart.andreevmaster.com\/fi\/wp-json\/wp\/v2\/product_brand?post=35204"},{"taxonomy":"product_cat","embeddable":true,"href":"https:\/\/nordicmart.andreevmaster.com\/fi\/wp-json\/wp\/v2\/product_cat?post=35204"},{"taxonomy":"product_tag","embeddable":true,"href":"https:\/\/nordicmart.andreevmaster.com\/fi\/wp-json\/wp\/v2\/product_tag?post=35204"}],"curies":[{"name":"wp","href":"https:\/\/api.w.org\/{rel}","templated":true}]}}