{"id":35203,"date":"2026-02-27T00:28:58","date_gmt":"2026-02-27T00:28:58","guid":{"rendered":"https:\/\/nordicmart.andreevmaster.com\/product\/songmics-kenkalaatikot-valkoiset\/"},"modified":"2026-02-27T09:47:45","modified_gmt":"2026-02-27T09:47:45","slug":"songmics-kenkalaatikot-valkoiset","status":"publish","type":"product","link":"https:\/\/nordicmart.andreevmaster.com\/fi\/tuote\/songmics-kenkalaatikot-valkoiset\/","title":{"rendered":"SONGMICS kenk\u00e4laatikot, valkoiset"},"content":{"rendered":"<p>Keng\u00e4t j\u00e4rjestyksess\u00e4 Suuri kenk\u00e4kokoelma on hieno asia, mutta sen j\u00e4rjest\u00e4minen ei ole kovin hauskaa. Puhumattakaan siit\u00e4, kuinka vaikeaa on l\u00f6yt\u00e4\u00e4 kenki\u00e4, joita ei ole k\u00e4ytetty pitk\u00e4\u00e4n aikaan. N\u00e4iden 12 kenk\u00e4laatikon avulla saat kaikki kenk\u00e4si hallintaan ja pid\u00e4t kodin siistin\u00e4. Keng\u00e4t l\u00f6ytyv\u00e4t helposti: l\u00e4pin\u00e4kyvien etuluukkujen ansiosta, jotka voi avata yl\u00f6sp\u00e4in ja ty\u00f6nt\u00e4\u00e4 laatikoihin, n\u00e4et kenk\u00e4si yhdell\u00e4 silm\u00e4yksell\u00e4 ja valitset oikeat keng\u00e4t hetkess\u00e4. Pinottava ja tilaa s\u00e4\u00e4st\u00e4v\u00e4 muotoilu tehostaa siivoamista. Tuotetiedot: &#8211; V\u00e4ri: valkoinen &#8211; Materiaali: PP-muovi &#8211; Koko per laatikko: 23,5 x 34 x 13,5 cm (P x L x K) &#8211; Sis\u00e4koko per laatikko: 19,5 x 32 x 12 cm (P x L x K) &#8211; Kokonaispaino: 4,9 kg Toimitus sis\u00e4lt\u00e4\u00e4: &#8211; 12 x kenk\u00e4laatikko &#8211; 1 x ohjeet (DE, EN, FR, IT, ES) SONGMICS-huomautukset: &#8211; Mittaa kenk\u00e4si ennen ostamista ja tarkista, ett\u00e4 ne mahtuvat n\u00e4ihin kenk\u00e4laatikoihin.<\/p>\n","protected":false},"excerpt":{"rendered":"<p>SONGMICS kenk\u00e4laatikot, 12 kpl:n sarja, kenk\u00e4organisaattori, pinottava, kenkien s\u00e4ilytys, muovia, taittuva ovi, valkoinen LSP112W01<\/p>\n","protected":false},"featured_media":43793,"comment_status":"open","ping_status":"closed","template":"","meta":[],"product_brand":[],"product_cat":[32],"product_tag":[],"class_list":{"0":"post-35203","1":"product","2":"type-product","3":"status-publish","4":"has-post-thumbnail","6":"product_cat-uncategorized-fi","8":"first","9":"instock","10":"shipping-taxable","11":"purchasable","12":"product-type-simple"},"_links":{"self":[{"href":"https:\/\/nordicmart.andreevmaster.com\/fi\/wp-json\/wp\/v2\/product\/35203","targetHints":{"allow":["GET"]}}],"collection":[{"href":"https:\/\/nordicmart.andreevmaster.com\/fi\/wp-json\/wp\/v2\/product"}],"about":[{"href":"https:\/\/nordicmart.andreevmaster.com\/fi\/wp-json\/wp\/v2\/types\/product"}],"replies":[{"embeddable":true,"href":"https:\/\/nordicmart.andreevmaster.com\/fi\/wp-json\/wp\/v2\/comments?post=35203"}],"wp:featuredmedia":[{"embeddable":true,"href":"https:\/\/nordicmart.andreevmaster.com\/fi\/wp-json\/wp\/v2\/media\/43793"}],"wp:attachment":[{"href":"https:\/\/nordicmart.andreevmaster.com\/fi\/wp-json\/wp\/v2\/media?parent=35203"}],"wp:term":[{"taxonomy":"product_brand","embeddable":true,"href":"https:\/\/nordicmart.andreevmaster.com\/fi\/wp-json\/wp\/v2\/product_brand?post=35203"},{"taxonomy":"product_cat","embeddable":true,"href":"https:\/\/nordicmart.andreevmaster.com\/fi\/wp-json\/wp\/v2\/product_cat?post=35203"},{"taxonomy":"product_tag","embeddable":true,"href":"https:\/\/nordicmart.andreevmaster.com\/fi\/wp-json\/wp\/v2\/product_tag?post=35203"}],"curies":[{"name":"wp","href":"https:\/\/api.w.org\/{rel}","templated":true}]}}