{"id":35201,"date":"2026-02-27T00:28:57","date_gmt":"2026-02-27T00:28:57","guid":{"rendered":"https:\/\/nordicmart.andreevmaster.com\/product\/songmics-kenkalaatikot-12-kpln-sarja-taitettavat-ja-pinottavat-lapinakyvat-valkoiset\/"},"modified":"2026-02-27T09:47:45","modified_gmt":"2026-02-27T09:47:45","slug":"songmics-kenkalaatikot-12-kpln-sarja-taitettavat-ja-pinottavat-lapinakyvat-valkoiset","status":"publish","type":"product","link":"https:\/\/nordicmart.andreevmaster.com\/fi\/tuote\/songmics-kenkalaatikot-12-kpln-sarja-taitettavat-ja-pinottavat-lapinakyvat-valkoiset\/","title":{"rendered":"SONGMICS kenk\u00e4laatikot, 12 kpl:n sarja, taitettavat ja pinottavat, l\u00e4pin\u00e4kyv\u00e4t-valkoiset"},"content":{"rendered":"<p>SONGMICS kenk\u00e4laatikot, 18 kpl:n sarja, s\u00e4ilytyslaatikko kengille, kenk\u00e4organisaattori, taitettava ja pinottava, kengille kokoon 44 asti, urheilukengille, korkokengille, tasaisille kengille, l\u00e4pin\u00e4kyv\u00e4-musta LSP106B18<br \/>\nV\u00e4ri: l\u00e4pin\u00e4kyv\u00e4 valkoinen<br \/>\nMateriaali: PET-runko, HIPS-kehys (iskunkest\u00e4v\u00e4 polystyreeni)<br \/>\nKenk\u00e4laatikon koko: 35 x 25,5 x 19 cm (S x L x K)<br \/>\nKenk\u00e4laatikon sis\u00e4mitat: 32,7 x 24,5 x 17,8 cm (S x L x K)<br \/>\nKokonaispaino: 6,5 kg<\/p>\n","protected":false},"excerpt":{"rendered":"<p>SONGMICS kenk\u00e4laatikot, 18 kpl:n sarja, s\u00e4ilytyslaatikko kengille, kenk\u00e4organisaattori, taitettava ja pinottava, kengille kokoon 44 asti, urheilukengille, korkokengille, tasaisille kengille, l\u00e4pin\u00e4kyv\u00e4-musta LSP106B18<\/p>\n","protected":false},"featured_media":43791,"comment_status":"open","ping_status":"closed","template":"","meta":[],"product_brand":[],"product_cat":[32],"product_tag":[],"class_list":{"0":"post-35201","1":"product","2":"type-product","3":"status-publish","4":"has-post-thumbnail","6":"product_cat-uncategorized-fi","8":"first","9":"instock","10":"shipping-taxable","11":"purchasable","12":"product-type-simple"},"_links":{"self":[{"href":"https:\/\/nordicmart.andreevmaster.com\/fi\/wp-json\/wp\/v2\/product\/35201","targetHints":{"allow":["GET"]}}],"collection":[{"href":"https:\/\/nordicmart.andreevmaster.com\/fi\/wp-json\/wp\/v2\/product"}],"about":[{"href":"https:\/\/nordicmart.andreevmaster.com\/fi\/wp-json\/wp\/v2\/types\/product"}],"replies":[{"embeddable":true,"href":"https:\/\/nordicmart.andreevmaster.com\/fi\/wp-json\/wp\/v2\/comments?post=35201"}],"wp:featuredmedia":[{"embeddable":true,"href":"https:\/\/nordicmart.andreevmaster.com\/fi\/wp-json\/wp\/v2\/media\/43791"}],"wp:attachment":[{"href":"https:\/\/nordicmart.andreevmaster.com\/fi\/wp-json\/wp\/v2\/media?parent=35201"}],"wp:term":[{"taxonomy":"product_brand","embeddable":true,"href":"https:\/\/nordicmart.andreevmaster.com\/fi\/wp-json\/wp\/v2\/product_brand?post=35201"},{"taxonomy":"product_cat","embeddable":true,"href":"https:\/\/nordicmart.andreevmaster.com\/fi\/wp-json\/wp\/v2\/product_cat?post=35201"},{"taxonomy":"product_tag","embeddable":true,"href":"https:\/\/nordicmart.andreevmaster.com\/fi\/wp-json\/wp\/v2\/product_tag?post=35201"}],"curies":[{"name":"wp","href":"https:\/\/api.w.org\/{rel}","templated":true}]}}