{"id":35194,"date":"2026-02-27T00:28:55","date_gmt":"2026-02-27T00:28:55","guid":{"rendered":"https:\/\/nordicmart.andreevmaster.com\/product\/songmics-kenkalaatikot-6-kpl-koko-46-asti\/"},"modified":"2026-02-27T09:47:43","modified_gmt":"2026-02-27T09:47:43","slug":"songmics-kenkalaatikot-6-kpl-koko-46-asti","status":"publish","type":"product","link":"https:\/\/nordicmart.andreevmaster.com\/fi\/tuote\/songmics-kenkalaatikot-6-kpl-koko-46-asti\/","title":{"rendered":"SONGMICS kenk\u00e4laatikot 6 kpl, koko 46 asti"},"content":{"rendered":"<p>SONGMICS:n pinottavat muoviset kenk\u00e4laatikot \u2013 pienet tarvikkeet, suuri vaikutus! N\u00e4m\u00e4 l\u00e4pin\u00e4kyv\u00e4t laatikot eiv\u00e4t vain poista kenk\u00e4kaosta kodistasi. Niiden avulla l\u00f6yd\u00e4t my\u00f6s yhdell\u00e4 silm\u00e4yksell\u00e4 keng\u00e4t, jotka sopivat p\u00e4iv\u00e4n asuusi. K\u00e4yt\u00e4nn\u00f6llisen oven ansiosta p\u00e4\u00e4set helposti k\u00e4siksi kenkiin. Kest\u00e4v\u00e4 ja pinottava: Kenk\u00e4laatikkomme on valmistettu kest\u00e4v\u00e4st\u00e4 muovista, mik\u00e4 takaa pitk\u00e4n k\u00e4ytt\u00f6i\u00e4n. Laatikko suojaa kenki\u00e4 p\u00f6lylt\u00e4 ja koilta. Lis\u00e4ksi laatikot voidaan pinota p\u00e4\u00e4llekk\u00e4in. N\u00e4in voit luoda t\u00e4ydellisen kenk\u00e4kaapin ja s\u00e4\u00e4st\u00e4\u00e4 tilaa. Keng\u00e4t kokoon 46 mahtuvat laatikkoon: Suurikapasiteettiset kenk\u00e4laatikot (sis\u00e4mitat: 25,5 x 33,5 x 19 cm P\/L\/K) tarjoavat runsaasti tilaa kenkien s\u00e4ilytt\u00e4miseen. Jopa erityisen suuret koripallokeng\u00e4t mahtuvat t\u00e4h\u00e4n! Lis\u00e4ksi n\u00e4it\u00e4 laatikoita voi k\u00e4ytt\u00e4\u00e4 my\u00f6s lelujen, vaatteiden jne. s\u00e4ilytykseen. S\u00e4ilyt\u00e4 kenk\u00e4si laatikoissa ja siivoa eteinen. N\u00e4in v\u00e4lt\u00e4t kompastumisen. \u00c4l\u00e4 missaa t\u00e4t\u00e4 k\u00e4yt\u00e4nn\u00f6llist\u00e4 SONGMICS-muovilaatikkosarjaa! Tuotetiedot: V\u00e4ri: l\u00e4pin\u00e4kyv\u00e4 Materiaali: PP, PS Mitat per kenk\u00e4laatikko: 28 x 36 x 22 cm (P x L x K) Sis\u00e4mitat per kenk\u00e4laatikko: 25,5 x 33,5 x 19 cm (P x L x K) Kokonaispaino: 7,4 kg Toimitus sis\u00e4lt\u00e4\u00e4: 6 x kenk\u00e4laatikko 1 x ohjeet (DE, EN, FR, IT, ES) SONGMICS-ohjeet:Kokoa tuote tarkasti asennusvideon ja ohjeiden mukaisesti. Mittaa kenk\u00e4si ennen ostamista ja tarkista, ett\u00e4 ne mahtuvat n\u00e4ihin kenk\u00e4laatikoihin.<\/p>\n","protected":false},"excerpt":{"rendered":"<p>SONGMICS kenk\u00e4laatikko, pinottava kenk\u00e4organisaattori, muovilaatikko l\u00e4pin\u00e4kyv\u00e4ll\u00e4 ovella, kenkien s\u00e4ilytys, helppo asentaa, 6 kpl:n sarja, 28 x 36 x 22 cm, kengille kokoon 46 asti, l\u00e4pin\u00e4kyv\u00e4 LSP06TP<\/p>\n","protected":false},"featured_media":43784,"comment_status":"open","ping_status":"closed","template":"","meta":[],"product_brand":[],"product_cat":[32],"product_tag":[],"class_list":{"0":"post-35194","1":"product","2":"type-product","3":"status-publish","4":"has-post-thumbnail","6":"product_cat-uncategorized-fi","8":"first","9":"instock","10":"shipping-taxable","11":"purchasable","12":"product-type-simple"},"_links":{"self":[{"href":"https:\/\/nordicmart.andreevmaster.com\/fi\/wp-json\/wp\/v2\/product\/35194","targetHints":{"allow":["GET"]}}],"collection":[{"href":"https:\/\/nordicmart.andreevmaster.com\/fi\/wp-json\/wp\/v2\/product"}],"about":[{"href":"https:\/\/nordicmart.andreevmaster.com\/fi\/wp-json\/wp\/v2\/types\/product"}],"replies":[{"embeddable":true,"href":"https:\/\/nordicmart.andreevmaster.com\/fi\/wp-json\/wp\/v2\/comments?post=35194"}],"wp:featuredmedia":[{"embeddable":true,"href":"https:\/\/nordicmart.andreevmaster.com\/fi\/wp-json\/wp\/v2\/media\/43784"}],"wp:attachment":[{"href":"https:\/\/nordicmart.andreevmaster.com\/fi\/wp-json\/wp\/v2\/media?parent=35194"}],"wp:term":[{"taxonomy":"product_brand","embeddable":true,"href":"https:\/\/nordicmart.andreevmaster.com\/fi\/wp-json\/wp\/v2\/product_brand?post=35194"},{"taxonomy":"product_cat","embeddable":true,"href":"https:\/\/nordicmart.andreevmaster.com\/fi\/wp-json\/wp\/v2\/product_cat?post=35194"},{"taxonomy":"product_tag","embeddable":true,"href":"https:\/\/nordicmart.andreevmaster.com\/fi\/wp-json\/wp\/v2\/product_tag?post=35194"}],"curies":[{"name":"wp","href":"https:\/\/api.w.org\/{rel}","templated":true}]}}