{"id":35190,"date":"2026-02-27T00:28:54","date_gmt":"2026-02-27T00:28:54","guid":{"rendered":"https:\/\/nordicmart.andreevmaster.com\/product\/songmics-pinottava-kenkalaatikkosetti\/"},"modified":"2026-02-27T09:47:43","modified_gmt":"2026-02-27T09:47:43","slug":"songmics-pinottava-kenkalaatikkosetti","status":"publish","type":"product","link":"https:\/\/nordicmart.andreevmaster.com\/fi\/tuote\/songmics-pinottava-kenkalaatikkosetti\/","title":{"rendered":"SONGMICS Pinottava kenk\u00e4laatikkosetti"},"content":{"rendered":"<p>Kest\u00e4v\u00e4 ja pinottava: Kenk\u00e4organisaattorimme on valmistettu kest\u00e4v\u00e4st\u00e4 muovista, mik\u00e4 takaa pitk\u00e4n k\u00e4ytt\u00f6i\u00e4n. Laatikko suojaa kenk\u00e4si p\u00f6lylt\u00e4 ja koilta. Lis\u00e4ksi laatikot voidaan pinota p\u00e4\u00e4llekk\u00e4in. N\u00e4in voit luoda t\u00e4ydellisen kenk\u00e4kaapin ja s\u00e4\u00e4st\u00e4\u00e4 tilaa.<\/p>\n<p>Keng\u00e4t kokoon 46 asti mahtuvat sis\u00e4\u00e4n: Suurikapasiteettiset kenk\u00e4laatikot (sis\u00e4mitat: 25,5 x 33,5 x 19 cm P\/L\/K) tarjoavat paljon tilaa kenkien s\u00e4ilytt\u00e4miseen. Jopa erityisen suuret koripallokeng\u00e4t mahtuvat t\u00e4nne! Lis\u00e4ksi n\u00e4it\u00e4 laatikoita voi k\u00e4ytt\u00e4\u00e4 my\u00f6s lelujen, vaatteiden jne. s\u00e4ilytt\u00e4miseen.<\/p>\n<p>S\u00e4ilyt\u00e4 kenk\u00e4si laatikoissa ja siivoa eteinen. N\u00e4in v\u00e4lt\u00e4t kompastumisen. \u00c4l\u00e4 missaa t\u00e4t\u00e4 k\u00e4yt\u00e4nn\u00f6llist\u00e4 SONGMICS-muovilaatikkosarjaa! Tuotetiedot:<br \/>\nV\u00e4ri: l\u00e4pin\u00e4kyv\u00e4<br \/>\nMateriaali: PP, PS<br \/>\nKeng\u00e4nlaatikon mitat: 28 x 36 x 22 cm (P x L x K)<br \/>\nSis\u00e4mitat per kenk\u00e4laatikko: 26,5 x 19 x 33 cm (L x K x S)<br \/>\nKokonaispaino: 3,5 kg<\/p>\n<p>Toimitus sis\u00e4lt\u00e4\u00e4:<br \/>\n3 x kenk\u00e4laatikko<br \/>\n1 x ohjeet (DE, EN, FR, IT, ES)<\/p>\n<p>SONGMICS-ohjeet:<br \/>\nKokoa tuote tarkasti asennusvideon ja ohjeiden mukaisesti.<br \/>\nMittaa kenk\u00e4si ennen ostamista ja tarkista, ett\u00e4 ne mahtuvat n\u00e4ihin kenk\u00e4laatikoihin.<\/p>\n","protected":false},"excerpt":{"rendered":"<p>SONGMICS kenk\u00e4laatikko, 3 kpl, pinottava kenk\u00e4organisaattori, muovilaatikko l\u00e4pin\u00e4kyv\u00e4ll\u00e4 ovella, kenkien s\u00e4ilytys, kengille kokoihin 46 asti, 36 x 28 x 22 cm, l\u00e4pin\u00e4kyv\u00e4 LSP03CW<\/p>\n","protected":false},"featured_media":43780,"comment_status":"open","ping_status":"closed","template":"","meta":[],"product_brand":[],"product_cat":[32],"product_tag":[],"class_list":{"0":"post-35190","1":"product","2":"type-product","3":"status-publish","4":"has-post-thumbnail","6":"product_cat-uncategorized-fi","8":"first","9":"instock","10":"shipping-taxable","11":"purchasable","12":"product-type-simple"},"_links":{"self":[{"href":"https:\/\/nordicmart.andreevmaster.com\/fi\/wp-json\/wp\/v2\/product\/35190","targetHints":{"allow":["GET"]}}],"collection":[{"href":"https:\/\/nordicmart.andreevmaster.com\/fi\/wp-json\/wp\/v2\/product"}],"about":[{"href":"https:\/\/nordicmart.andreevmaster.com\/fi\/wp-json\/wp\/v2\/types\/product"}],"replies":[{"embeddable":true,"href":"https:\/\/nordicmart.andreevmaster.com\/fi\/wp-json\/wp\/v2\/comments?post=35190"}],"wp:featuredmedia":[{"embeddable":true,"href":"https:\/\/nordicmart.andreevmaster.com\/fi\/wp-json\/wp\/v2\/media\/43780"}],"wp:attachment":[{"href":"https:\/\/nordicmart.andreevmaster.com\/fi\/wp-json\/wp\/v2\/media?parent=35190"}],"wp:term":[{"taxonomy":"product_brand","embeddable":true,"href":"https:\/\/nordicmart.andreevmaster.com\/fi\/wp-json\/wp\/v2\/product_brand?post=35190"},{"taxonomy":"product_cat","embeddable":true,"href":"https:\/\/nordicmart.andreevmaster.com\/fi\/wp-json\/wp\/v2\/product_cat?post=35190"},{"taxonomy":"product_tag","embeddable":true,"href":"https:\/\/nordicmart.andreevmaster.com\/fi\/wp-json\/wp\/v2\/product_tag?post=35190"}],"curies":[{"name":"wp","href":"https:\/\/api.w.org\/{rel}","templated":true}]}}