{"id":35189,"date":"2026-02-27T00:28:54","date_gmt":"2026-02-27T00:28:54","guid":{"rendered":"https:\/\/nordicmart.andreevmaster.com\/product\/songmics-kenkalaatikkosetti-3-kpl-lapinakyva\/"},"modified":"2026-02-27T09:47:42","modified_gmt":"2026-02-27T09:47:42","slug":"songmics-kenkalaatikkosetti-3-kpl-lapinakyva","status":"publish","type":"product","link":"https:\/\/nordicmart.andreevmaster.com\/fi\/tuote\/songmics-kenkalaatikkosetti-3-kpl-lapinakyva\/","title":{"rendered":"SONGMICS kenk\u00e4laatikkosetti, 3 kpl, l\u00e4pin\u00e4kyv\u00e4"},"content":{"rendered":"<p>SONGMICS kenk\u00e4laatikko, 3 kpl, pinottava kenk\u00e4organisaattori, muovilaatikko l\u00e4pin\u00e4kyv\u00e4ll\u00e4 ovella, kenkien s\u00e4ilytys, kengille kokoihin 46 asti, 36 x 28 x 22 cm, l\u00e4pin\u00e4kyv\u00e4 LSP03CW<\/p>\n","protected":false},"excerpt":{"rendered":"<p>SONGMICS kenk\u00e4laatikko, 3 kpl, pinottava kenk\u00e4organisaattori, muovilaatikko l\u00e4pin\u00e4kyv\u00e4ll\u00e4 ovella, kenkien s\u00e4ilytys, kengille kokoihin 46 asti, 36 x 28 x 22 cm, l\u00e4pin\u00e4kyv\u00e4 LSP03CW<\/p>\n","protected":false},"featured_media":43779,"comment_status":"open","ping_status":"closed","template":"","meta":[],"product_brand":[],"product_cat":[32],"product_tag":[],"class_list":{"0":"post-35189","1":"product","2":"type-product","3":"status-publish","4":"has-post-thumbnail","6":"product_cat-uncategorized-fi","8":"first","9":"instock","10":"shipping-taxable","11":"purchasable","12":"product-type-simple"},"_links":{"self":[{"href":"https:\/\/nordicmart.andreevmaster.com\/fi\/wp-json\/wp\/v2\/product\/35189","targetHints":{"allow":["GET"]}}],"collection":[{"href":"https:\/\/nordicmart.andreevmaster.com\/fi\/wp-json\/wp\/v2\/product"}],"about":[{"href":"https:\/\/nordicmart.andreevmaster.com\/fi\/wp-json\/wp\/v2\/types\/product"}],"replies":[{"embeddable":true,"href":"https:\/\/nordicmart.andreevmaster.com\/fi\/wp-json\/wp\/v2\/comments?post=35189"}],"wp:featuredmedia":[{"embeddable":true,"href":"https:\/\/nordicmart.andreevmaster.com\/fi\/wp-json\/wp\/v2\/media\/43779"}],"wp:attachment":[{"href":"https:\/\/nordicmart.andreevmaster.com\/fi\/wp-json\/wp\/v2\/media?parent=35189"}],"wp:term":[{"taxonomy":"product_brand","embeddable":true,"href":"https:\/\/nordicmart.andreevmaster.com\/fi\/wp-json\/wp\/v2\/product_brand?post=35189"},{"taxonomy":"product_cat","embeddable":true,"href":"https:\/\/nordicmart.andreevmaster.com\/fi\/wp-json\/wp\/v2\/product_cat?post=35189"},{"taxonomy":"product_tag","embeddable":true,"href":"https:\/\/nordicmart.andreevmaster.com\/fi\/wp-json\/wp\/v2\/product_tag?post=35189"}],"curies":[{"name":"wp","href":"https:\/\/api.w.org\/{rel}","templated":true}]}}