{"id":35188,"date":"2026-02-27T00:28:54","date_gmt":"2026-02-27T00:28:54","guid":{"rendered":"https:\/\/nordicmart.andreevmaster.com\/product\/songmics-kenkalaatikot-lapinakyvalla-ovella\/"},"modified":"2026-02-27T09:47:42","modified_gmt":"2026-02-27T09:47:42","slug":"songmics-kenkalaatikot-lapinakyvalla-ovella","status":"publish","type":"product","link":"https:\/\/nordicmart.andreevmaster.com\/fi\/tuote\/songmics-kenkalaatikot-lapinakyvalla-ovella\/","title":{"rendered":"SONGMICS kenk\u00e4laatikot l\u00e4pin\u00e4kyv\u00e4ll\u00e4 ovella"},"content":{"rendered":"<p>AITOJA S\u00c4ILYTYSPAIKKOJA: &#8221;Mihin olenkaan laittanut valkoiset sandaalini?&#8221; &#8221;Voi ei, ballerinat ovat taas kadonneet!&#8221; \u00c4l\u00e4 huoli, apu on jo tulossa \u2013 n\u00e4m\u00e4 k\u00e4yt\u00e4nn\u00f6lliset kenk\u00e4laatikot SONGMICS:lt\u00e4! Ne lopettavat lopullisesti \u00e4rsytt\u00e4v\u00e4n etsimisen! L\u00e4pin\u00e4kyv\u00e4n luukun ansiosta l\u00f6yd\u00e4t tarvitsemasi keng\u00e4t nopeasti ja p\u00e4\u00e4set niihin helposti k\u00e4siksi. SOVELTUU ERI KENKIIN: Keng\u00e4t kokoon 46 asti, olivatpa ne sitten lenkkareita, korkokenki\u00e4 tai saappaita, mahtuvat t\u00e4ydellisesti n\u00e4ihin muovilaatikoihin ja ovat tyylikk\u00e4\u00e4sti esill\u00e4. PINOTTAVISET: \u00c4lykk\u00e4\u00e4n muotoilun ansiosta laatikoiden yl\u00e4- ja alaosat sopivat tarkasti toisiinsa, joten useita muovilaatikoita voidaan pinota vakaasti p\u00e4\u00e4llekk\u00e4in. N\u00e4in luot t\u00e4ydellisen kenk\u00e4kaapin ja s\u00e4\u00e4st\u00e4t tilaa. Lis\u00e4ksi vahvistettu muovi takaa pitk\u00e4n k\u00e4ytt\u00f6i\u00e4n. Tuotetiedot: V\u00e4ri: musta Materiaali: runko PP:t\u00e4 (polypropeenia), ovi PS:\u00e4\u00e4 (polystyreeni) Koko per laatikko: 36 x 28 x 22 cm (P x L x K) Sis\u00e4koko per laatikko: 33,5 x 25,5 x 19 cm (P x L x K) Paino: 3 kg Toimitus sis\u00e4lt\u00e4\u00e4: 3 x kenk\u00e4laatikko 1 x ohjeet (DE, EN, FR, IT, ES) SONGMICS-ohjeet:Kokoa tuote tarkasti ohjeiden mukaisesti. Mittaa kenk\u00e4si ennen ostamista ja tarkista, ett\u00e4 ne mahtuvat n\u00e4ihin kenk\u00e4laatikoihin.<\/p>\n","protected":false},"excerpt":{"rendered":"<p>SONGMICS kenk\u00e4laatikko, 3 kpl, pinottava kenk\u00e4organisaattori, muovilaatikko l\u00e4pin\u00e4kyv\u00e4ll\u00e4 ovella, kenkien s\u00e4ilytys, kengille kokoihin 46 asti, 36 x 28 x 22 cm, l\u00e4pin\u00e4kyv\u00e4 LSP03CW<\/p>\n","protected":false},"featured_media":43778,"comment_status":"open","ping_status":"closed","template":"","meta":[],"product_brand":[],"product_cat":[32],"product_tag":[],"class_list":{"0":"post-35188","1":"product","2":"type-product","3":"status-publish","4":"has-post-thumbnail","6":"product_cat-uncategorized-fi","8":"first","9":"instock","10":"shipping-taxable","11":"purchasable","12":"product-type-simple"},"_links":{"self":[{"href":"https:\/\/nordicmart.andreevmaster.com\/fi\/wp-json\/wp\/v2\/product\/35188","targetHints":{"allow":["GET"]}}],"collection":[{"href":"https:\/\/nordicmart.andreevmaster.com\/fi\/wp-json\/wp\/v2\/product"}],"about":[{"href":"https:\/\/nordicmart.andreevmaster.com\/fi\/wp-json\/wp\/v2\/types\/product"}],"replies":[{"embeddable":true,"href":"https:\/\/nordicmart.andreevmaster.com\/fi\/wp-json\/wp\/v2\/comments?post=35188"}],"wp:featuredmedia":[{"embeddable":true,"href":"https:\/\/nordicmart.andreevmaster.com\/fi\/wp-json\/wp\/v2\/media\/43778"}],"wp:attachment":[{"href":"https:\/\/nordicmart.andreevmaster.com\/fi\/wp-json\/wp\/v2\/media?parent=35188"}],"wp:term":[{"taxonomy":"product_brand","embeddable":true,"href":"https:\/\/nordicmart.andreevmaster.com\/fi\/wp-json\/wp\/v2\/product_brand?post=35188"},{"taxonomy":"product_cat","embeddable":true,"href":"https:\/\/nordicmart.andreevmaster.com\/fi\/wp-json\/wp\/v2\/product_cat?post=35188"},{"taxonomy":"product_tag","embeddable":true,"href":"https:\/\/nordicmart.andreevmaster.com\/fi\/wp-json\/wp\/v2\/product_tag?post=35188"}],"curies":[{"name":"wp","href":"https:\/\/api.w.org\/{rel}","templated":true}]}}